{"id":153235,"date":"2023-08-10T15:25:13","date_gmt":"2023-08-10T13:25:13","guid":{"rendered":"https:\/\/hpx.eu\/?page_id=153235"},"modified":"2023-08-10T15:28:05","modified_gmt":"2023-08-10T13:28:05","slug":"masking-4760-sensitive","status":"publish","type":"page","link":"https:\/\/hpx.eu\/de\/masking-4760-sensitive\/","title":{"rendered":"MASKING 4760 SENSITIVE"},"content":{"rendered":"<div id=\"Lecot\">\n<div class=\"right\">\n\t\t\t<img loading=\"lazy\" decoding=\"async\" src=\"https:\/\/hpx.eu\/wp-content\/uploads\/2023\/08\/PW2445-Masking_4760_Sensitive-purple-24mm_x_45m-5407004565569.jpg\" width=\"520\" height=\"520\" \/><\/div>\n<div class=\"product left\">\n<h1>MASKING 4760 SENSITIVE<\/h1>\n<div>\n<ul class=\"product_UPS\">\n<li>Abdeckband f\u00fcr Trockenbauw\u00e4nde, Tapeten und andere delikate Untergr\u00fcnde<\/li>\n<li>Geeignet f\u00fcr allgemeine und Maleranwendungen, wobei ein qualitatives, hochwertiges Band mit geringer Klebekraft erforderlich ist<\/li>\n<\/ul>\n<table class=\"product_table\">\n<thead>\n<tr>\n<th>Art. Nr.<\/th>\n<th>Breite<\/th>\n<th>length<\/th>\n<th>Farbe<\/th>\n<th>VE<\/th>\n<th>EAN-Code<\/th>\n<\/tr>\n<\/thead>\n<tbody>\n<tr>\n<td>PW2445<\/td>\n<td>24 mm<\/td>\n<td>45 m<\/td>\n<td>violett<\/td>\n<td>36<\/td>\n<td>5407004565569<\/td>\n<\/tr>\n<tr>\n<td>PW3645<\/td>\n<td>36 mm<\/td>\n<td>45 m<\/td>\n<td>violett<\/td>\n<td>24<\/td>\n<td>5407004565583<\/td>\n<\/tr>\n<tr>\n<td>PW4845<\/td>\n<td>48 mm<\/td>\n<td>45 m<\/td>\n<td>violett<\/td>\n<td>16<\/td>\n<td>5407004565606<\/td>\n<\/tr>\n<\/tbody>\n<\/table>\n<div class=\"product_characteristics\">\n<p><b>Klebeschicht: <\/b><span>Acrylat<\/span><\/p>\n<p><b>Tr\u00e4germaterial: <\/b><span>Japanpapier<\/span><\/p>\n<p><b>Temperaturbest\u00e4ndig bis: <\/b><span>60&deg;C<\/span><\/p>\n<p><b>Zugfestigkeit: <\/b><span>102,5 N\/25 mm<\/span><\/p>\n<p><b>Klebekraft: <\/b><span>2 N\/25 mm<\/span><\/p>\n<p><b>Dicke: <\/b><span>0,07 mm<\/span><\/p>\n<\/div>\n<\/div>\n<\/div>\n<\/div>\n","protected":false},"excerpt":{"rendered":"<p>MASKING 4760 SENSITIVE Abdeckband f\u00fcr Trockenbauw\u00e4nde, Tapeten und andere delikate Untergr\u00fcnde Geeignet f\u00fcr allgemeine und Maleranwendungen, wobei ein qualitatives, hochwertiges Band mit geringer Klebekraft erforderlich ist Art. Nr. Breite length Farbe VE EAN-Code PW2445 24 mm 45 m violett 36 5407004565569 PW3645 36 mm 45 m violett 24 5407004565583 PW4845 48 mm 45 m violett [&hellip;]<\/p>\n","protected":false},"author":1,"featured_media":0,"parent":0,"menu_order":0,"comment_status":"closed","ping_status":"closed","template":"","meta":{"_exactmetrics_skip_tracking":false,"_exactmetrics_sitenote_active":false,"_exactmetrics_sitenote_note":"","_exactmetrics_sitenote_category":0,"_monsterinsights_skip_tracking":false,"_monsterinsights_sitenote_active":false,"_monsterinsights_sitenote_note":"","_monsterinsights_sitenote_category":0,"_themeisle_gutenberg_block_has_review":false,"footnotes":""},"class_list":["post-153235","page","type-page","status-publish","hentry","post"],"yoast_head":"<!-- This site is optimized with the Yoast SEO plugin v27.3 - https:\/\/yoast.com\/product\/yoast-seo-wordpress\/ -->\n<title>MASKING 4760 SENSITIVE - HPX<\/title>\n<meta name=\"robots\" content=\"index, follow, max-snippet:-1, max-image-preview:large, max-video-preview:-1\" \/>\n<link rel=\"canonical\" href=\"https:\/\/hpx.eu\/de\/masking-4760-sensitive\/\" \/>\n<meta property=\"og:locale\" content=\"de_DE\" \/>\n<meta property=\"og:type\" content=\"article\" \/>\n<meta property=\"og:title\" content=\"MASKING 4760 SENSITIVE - HPX\" \/>\n<meta property=\"og:description\" content=\"MASKING 4760 SENSITIVE Abdeckband f\u00fcr Trockenbauw\u00e4nde, Tapeten und andere delikate Untergr\u00fcnde Geeignet f\u00fcr allgemeine und Maleranwendungen, wobei ein qualitatives, hochwertiges Band mit geringer Klebekraft erforderlich ist Art. Nr. Breite length Farbe VE EAN-Code PW2445 24 mm 45 m violett 36 5407004565569 PW3645 36 mm 45 m violett 24 5407004565583 PW4845 48 mm 45 m violett [&hellip;]\" \/>\n<meta property=\"og:url\" content=\"https:\/\/hpx.eu\/de\/masking-4760-sensitive\/\" \/>\n<meta property=\"og:site_name\" content=\"HPX\" \/>\n<meta property=\"article:publisher\" content=\"https:\/\/www.facebook.com\/HPXtape\/\" \/>\n<meta property=\"article:modified_time\" content=\"2023-08-10T13:28:05+00:00\" \/>\n<meta property=\"og:image\" content=\"https:\/\/hpx.eu\/wp-content\/uploads\/2023\/08\/PW2445-Masking_4760_Sensitive-purple-24mm_x_45m-5407004565569.jpg\" \/>\n<meta name=\"twitter:card\" content=\"summary_large_image\" \/>\n<meta name=\"twitter:label1\" content=\"Gesch\u00e4tzte Lesezeit\" \/>\n\t<meta name=\"twitter:data1\" content=\"1\u00a0Minute\" \/>\n<script type=\"application\/ld+json\" class=\"yoast-schema-graph\">{\"@context\":\"https:\\\/\\\/schema.org\",\"@graph\":[{\"@type\":\"WebPage\",\"@id\":\"https:\\\/\\\/hpx.eu\\\/de\\\/masking-4760-sensitive\\\/\",\"url\":\"https:\\\/\\\/hpx.eu\\\/de\\\/masking-4760-sensitive\\\/\",\"name\":\"MASKING 4760 SENSITIVE - HPX\",\"isPartOf\":{\"@id\":\"http:\\\/\\\/hpx.eu\\\/de\\\/#website\"},\"primaryImageOfPage\":{\"@id\":\"https:\\\/\\\/hpx.eu\\\/de\\\/masking-4760-sensitive\\\/#primaryimage\"},\"image\":{\"@id\":\"https:\\\/\\\/hpx.eu\\\/de\\\/masking-4760-sensitive\\\/#primaryimage\"},\"thumbnailUrl\":\"https:\\\/\\\/hpx.eu\\\/wp-content\\\/uploads\\\/2023\\\/08\\\/PW2445-Masking_4760_Sensitive-purple-24mm_x_45m-5407004565569.jpg\",\"datePublished\":\"2023-08-10T13:25:13+00:00\",\"dateModified\":\"2023-08-10T13:28:05+00:00\",\"breadcrumb\":{\"@id\":\"https:\\\/\\\/hpx.eu\\\/de\\\/masking-4760-sensitive\\\/#breadcrumb\"},\"inLanguage\":\"de\",\"potentialAction\":[{\"@type\":\"ReadAction\",\"target\":[\"https:\\\/\\\/hpx.eu\\\/de\\\/masking-4760-sensitive\\\/\"]}]},{\"@type\":\"ImageObject\",\"inLanguage\":\"de\",\"@id\":\"https:\\\/\\\/hpx.eu\\\/de\\\/masking-4760-sensitive\\\/#primaryimage\",\"url\":\"https:\\\/\\\/hpx.eu\\\/wp-content\\\/uploads\\\/2023\\\/08\\\/PW2445-Masking_4760_Sensitive-purple-24mm_x_45m-5407004565569.jpg\",\"contentUrl\":\"https:\\\/\\\/hpx.eu\\\/wp-content\\\/uploads\\\/2023\\\/08\\\/PW2445-Masking_4760_Sensitive-purple-24mm_x_45m-5407004565569.jpg\"},{\"@type\":\"BreadcrumbList\",\"@id\":\"https:\\\/\\\/hpx.eu\\\/de\\\/masking-4760-sensitive\\\/#breadcrumb\",\"itemListElement\":[{\"@type\":\"ListItem\",\"position\":1,\"name\":\"Startseite\",\"item\":\"http:\\\/\\\/hpx.eu\\\/de\\\/\"},{\"@type\":\"ListItem\",\"position\":2,\"name\":\"MASKING 4760 SENSITIVE\"}]},{\"@type\":\"WebSite\",\"@id\":\"http:\\\/\\\/hpx.eu\\\/de\\\/#website\",\"url\":\"http:\\\/\\\/hpx.eu\\\/de\\\/\",\"name\":\"HPX\",\"description\":\"Tough Job, Tougher Tape\",\"publisher\":{\"@id\":\"http:\\\/\\\/hpx.eu\\\/de\\\/#organization\"},\"potentialAction\":[{\"@type\":\"SearchAction\",\"target\":{\"@type\":\"EntryPoint\",\"urlTemplate\":\"http:\\\/\\\/hpx.eu\\\/de\\\/?s={search_term_string}\"},\"query-input\":{\"@type\":\"PropertyValueSpecification\",\"valueRequired\":true,\"valueName\":\"search_term_string\"}}],\"inLanguage\":\"de\"},{\"@type\":\"Organization\",\"@id\":\"http:\\\/\\\/hpx.eu\\\/de\\\/#organization\",\"name\":\"Option Tape Specialties\",\"url\":\"http:\\\/\\\/hpx.eu\\\/de\\\/\",\"logo\":{\"@type\":\"ImageObject\",\"inLanguage\":\"de\",\"@id\":\"http:\\\/\\\/hpx.eu\\\/de\\\/#\\\/schema\\\/logo\\\/image\\\/\",\"url\":\"\",\"contentUrl\":\"\",\"caption\":\"Option Tape Specialties\"},\"image\":{\"@id\":\"http:\\\/\\\/hpx.eu\\\/de\\\/#\\\/schema\\\/logo\\\/image\\\/\"},\"sameAs\":[\"https:\\\/\\\/www.facebook.com\\\/HPXtape\\\/\",\"https:\\\/\\\/www.linkedin.com\\\/company\\\/2913311\\\/\",\"https:\\\/\\\/www.youtube.com\\\/channel\\\/UCCYnFjBGfKw8SPW1hMUCVFg\"]}]}<\/script>\n<!-- \/ Yoast SEO plugin. -->","yoast_head_json":{"title":"MASKING 4760 SENSITIVE - HPX","robots":{"index":"index","follow":"follow","max-snippet":"max-snippet:-1","max-image-preview":"max-image-preview:large","max-video-preview":"max-video-preview:-1"},"canonical":"https:\/\/hpx.eu\/de\/masking-4760-sensitive\/","og_locale":"de_DE","og_type":"article","og_title":"MASKING 4760 SENSITIVE - HPX","og_description":"MASKING 4760 SENSITIVE Abdeckband f\u00fcr Trockenbauw\u00e4nde, Tapeten und andere delikate Untergr\u00fcnde Geeignet f\u00fcr allgemeine und Maleranwendungen, wobei ein qualitatives, hochwertiges Band mit geringer Klebekraft erforderlich ist Art. Nr. Breite length Farbe VE EAN-Code PW2445 24 mm 45 m violett 36 5407004565569 PW3645 36 mm 45 m violett 24 5407004565583 PW4845 48 mm 45 m violett [&hellip;]","og_url":"https:\/\/hpx.eu\/de\/masking-4760-sensitive\/","og_site_name":"HPX","article_publisher":"https:\/\/www.facebook.com\/HPXtape\/","article_modified_time":"2023-08-10T13:28:05+00:00","og_image":[{"url":"https:\/\/hpx.eu\/wp-content\/uploads\/2023\/08\/PW2445-Masking_4760_Sensitive-purple-24mm_x_45m-5407004565569.jpg","type":"","width":"","height":""}],"twitter_card":"summary_large_image","twitter_misc":{"Gesch\u00e4tzte Lesezeit":"1\u00a0Minute"},"schema":{"@context":"https:\/\/schema.org","@graph":[{"@type":"WebPage","@id":"https:\/\/hpx.eu\/de\/masking-4760-sensitive\/","url":"https:\/\/hpx.eu\/de\/masking-4760-sensitive\/","name":"MASKING 4760 SENSITIVE - HPX","isPartOf":{"@id":"https:\/\/hpx.eu\/de\/#website"},"primaryImageOfPage":{"@id":"https:\/\/hpx.eu\/de\/masking-4760-sensitive\/#primaryimage"},"image":{"@id":"https:\/\/hpx.eu\/de\/masking-4760-sensitive\/#primaryimage"},"thumbnailUrl":"https:\/\/hpx.eu\/wp-content\/uploads\/2023\/08\/PW2445-Masking_4760_Sensitive-purple-24mm_x_45m-5407004565569.jpg","datePublished":"2023-08-10T13:25:13+00:00","dateModified":"2023-08-10T13:28:05+00:00","breadcrumb":{"@id":"https:\/\/hpx.eu\/de\/masking-4760-sensitive\/#breadcrumb"},"inLanguage":"de","potentialAction":[{"@type":"ReadAction","target":["https:\/\/hpx.eu\/de\/masking-4760-sensitive\/"]}]},{"@type":"ImageObject","inLanguage":"de","@id":"https:\/\/hpx.eu\/de\/masking-4760-sensitive\/#primaryimage","url":"https:\/\/hpx.eu\/wp-content\/uploads\/2023\/08\/PW2445-Masking_4760_Sensitive-purple-24mm_x_45m-5407004565569.jpg","contentUrl":"https:\/\/hpx.eu\/wp-content\/uploads\/2023\/08\/PW2445-Masking_4760_Sensitive-purple-24mm_x_45m-5407004565569.jpg"},{"@type":"BreadcrumbList","@id":"https:\/\/hpx.eu\/de\/masking-4760-sensitive\/#breadcrumb","itemListElement":[{"@type":"ListItem","position":1,"name":"Startseite","item":"https:\/\/hpx.eu\/de\/"},{"@type":"ListItem","position":2,"name":"MASKING 4760 SENSITIVE"}]},{"@type":"WebSite","@id":"https:\/\/hpx.eu\/de\/#website","url":"https:\/\/hpx.eu\/de\/","name":"HPX","description":"Tough Job, Tougher Tape","publisher":{"@id":"https:\/\/hpx.eu\/de\/#organization"},"potentialAction":[{"@type":"SearchAction","target":{"@type":"EntryPoint","urlTemplate":"https:\/\/hpx.eu\/de\/?s={search_term_string}"},"query-input":{"@type":"PropertyValueSpecification","valueRequired":true,"valueName":"search_term_string"}}],"inLanguage":"de"},{"@type":"Organization","@id":"https:\/\/hpx.eu\/de\/#organization","name":"Option Tape Specialties","url":"https:\/\/hpx.eu\/de\/","logo":{"@type":"ImageObject","inLanguage":"de","@id":"https:\/\/hpx.eu\/de\/#\/schema\/logo\/image\/","url":"","contentUrl":"","caption":"Option Tape Specialties"},"image":{"@id":"https:\/\/hpx.eu\/de\/#\/schema\/logo\/image\/"},"sameAs":["https:\/\/www.facebook.com\/HPXtape\/","https:\/\/www.linkedin.com\/company\/2913311\/","https:\/\/www.youtube.com\/channel\/UCCYnFjBGfKw8SPW1hMUCVFg"]}]}},"_links":{"self":[{"href":"https:\/\/hpx.eu\/de\/wp-json\/wp\/v2\/pages\/153235","targetHints":{"allow":["GET"]}}],"collection":[{"href":"https:\/\/hpx.eu\/de\/wp-json\/wp\/v2\/pages"}],"about":[{"href":"https:\/\/hpx.eu\/de\/wp-json\/wp\/v2\/types\/page"}],"author":[{"embeddable":true,"href":"https:\/\/hpx.eu\/de\/wp-json\/wp\/v2\/users\/1"}],"replies":[{"embeddable":true,"href":"https:\/\/hpx.eu\/de\/wp-json\/wp\/v2\/comments?post=153235"}],"version-history":[{"count":1,"href":"https:\/\/hpx.eu\/de\/wp-json\/wp\/v2\/pages\/153235\/revisions"}],"predecessor-version":[{"id":153237,"href":"https:\/\/hpx.eu\/de\/wp-json\/wp\/v2\/pages\/153235\/revisions\/153237"}],"wp:attachment":[{"href":"https:\/\/hpx.eu\/de\/wp-json\/wp\/v2\/media?parent=153235"}],"curies":[{"name":"wp","href":"https:\/\/api.w.org\/{rel}","templated":true}]}}