{"id":174881,"date":"2025-07-14T10:20:01","date_gmt":"2025-07-14T08:20:01","guid":{"rendered":"https:\/\/hpx.eu\/product\/airtight-roof-8800\/"},"modified":"2025-07-14T10:32:32","modified_gmt":"2025-07-14T08:32:32","slug":"airtight-roof-8800","status":"publish","type":"product","link":"https:\/\/hpx.eu\/cs\/product\/airtight-roof-8800\/","title":{"rendered":"AIRTIGHT ROOF <span class=\"productNr\">8800<\/span>"},"content":{"rendered":"<p>&nbsp;<\/p>\n","protected":false},"excerpt":{"rendered":"<ul class=\"product_UPS\">\n<li>P\u00e1ska pro t\u011bsn\u011bn\u00ed a spojen\u00ed podklad\u016f p\u0159\u00edkr\u00fdch st\u0159ech odoln\u00e1 v\u016f\u010di v\u011btru a de\u0161ti<\/li>\n<li>Polypropylenov\u00e1 p\u00e1ska vyroben\u00e1 technologi\u00ed spunbond chr\u00e1n\u00ed proti vlhkosti a v\u00fdpar\u016fm, \u010d\u00edm\u017e prodlu\u017euje \u017eivotnost stavebn\u00edch materi\u00e1l\u016f<\/li>\n<li>Dob\u0159e odol\u00e1v\u00e1 tepeln\u00e9mu rozp\u00edn\u00e1n\u00ed a pohybu budov<\/li>\n<li>Lze p\u0159es ni om\u00edtat<\/li>\n<li>Dobr\u00e1 p\u0159ilnavost k nepol\u00e1rn\u00edm a n\u00edzkoenergetick\u00fdm povrch\u016fm (LSE) a HDPE\/PP\/PE flau\u0161i<\/li>\n<li>Provozn\u00ed teplota: -10 \u00b0C (ide\u00e1ln\u011b 5 a\u017e 35 \u00b0C)<\/li>\n<li>DIN 4108\/7 a DIN 4108\/11<\/li>\n<li>EMICODE EC1 plus<\/li>\n<li>Neobsahuje rozpou\u0161t\u011bdla<\/li>\n<li><\/li>\n<\/ul>\n<table class=\"product_table\">\n<thead>\n<tr>\n<th>Zbo\u017e\u00ed \u010d.<\/th>\n<th>\u0160\u00ed\u0159ka<\/th>\n<th>D\u00e9lka<\/th>\n<th>Barva<\/th>\n<th>Balen\u00ed<\/th>\n<th>K\u00f3d EAN<\/th>\n<\/tr>\n<\/thead>\n<tbody>\n<tr>\n<td>AR6025<\/td>\n<td>60 mm<\/td>\n<td>25 m<\/td>\n<td>\u0161ed\u00e1<\/td>\n<td>16<\/td>\n<td>5407004563985<\/td>\n<\/tr>\n<tr>\n<td><\/td>\n<td><\/td>\n<td><\/td>\n<td><\/td>\n<td><\/td>\n<td><\/td>\n<\/tr>\n<tr>\n<td><\/td>\n<td><\/td>\n<td><\/td>\n<td><\/td>\n<td><\/td>\n<td><\/td>\n<\/tr>\n<tr>\n<td><\/td>\n<td><\/td>\n<td><\/td>\n<td><\/td>\n<td><\/td>\n<td><\/td>\n<\/tr>\n<tr>\n<td><\/td>\n<td><\/td>\n<td><\/td>\n<td><\/td>\n<td><\/td>\n<td><\/td>\n<\/tr>\n<tr>\n<td><\/td>\n<td><\/td>\n<td><\/td>\n<td><\/td>\n<td><\/td>\n<td><\/td>\n<\/tr>\n<tr>\n<td><\/td>\n<td><\/td>\n<td><\/td>\n<td><\/td>\n<td><\/td>\n<td><\/td>\n<\/tr>\n<tr>\n<td><\/td>\n<td><\/td>\n<td><\/td>\n<td><\/td>\n<td><\/td>\n<td><\/td>\n<\/tr>\n<tr>\n<td><\/td>\n<td><\/td>\n<td><\/td>\n<td><\/td>\n<td><\/td>\n<td><\/td>\n<\/tr>\n<tr>\n<td><\/td>\n<td><\/td>\n<td><\/td>\n<td><\/td>\n<td><\/td>\n<td><\/td>\n<\/tr>\n<tr>\n<td><\/td>\n<td><\/td>\n<td><\/td>\n<td><\/td>\n<td><\/td>\n<td><\/td>\n<\/tr>\n<tr>\n<td><\/td>\n<td><\/td>\n<td><\/td>\n<td><\/td>\n<td><\/td>\n<td><\/td>\n<\/tr>\n<tr>\n<td><\/td>\n<td><\/td>\n<td><\/td>\n<td><\/td>\n<td><\/td>\n<td><\/td>\n<\/tr>\n<tr>\n<td><\/td>\n<td><\/td>\n<td><\/td>\n<td><\/td>\n<td><\/td>\n<td><\/td>\n<\/tr>\n<tr>\n<td><\/td>\n<td><\/td>\n<td><\/td>\n<td><\/td>\n<td><\/td>\n<td><\/td>\n<\/tr>\n<tr>\n<td><\/td>\n<td><\/td>\n<td><\/td>\n<td><\/td>\n<td><\/td>\n<td><\/td>\n<\/tr>\n<tr>\n<td><\/td>\n<td><\/td>\n<td><\/td>\n<td><\/td>\n<td><\/td>\n<td><\/td>\n<\/tr>\n<tr>\n<td><\/td>\n<td><\/td>\n<td><\/td>\n<td><\/td>\n<td><\/td>\n<td><\/td>\n<\/tr>\n<\/tbody>\n<\/table>\n<div class=\"product_characteristics\">\n<p><b>Lepiv\u00e1 vrstva: <\/b><span>akryl<\/span><\/p>\n<p><b>Podkladov\u00fd materi\u00e1l: <\/b><span>polypropylen vyroben\u00fd technologi\u00ed spunbond<\/span><\/p>\n<p><b>Teplotn\u011b stabiln\u00ed do: <\/b><span>-30\u00b0C &#8211; +100\u00b0C<\/span><\/p>\n<p><b>Pevnost v tahu: <\/b><span><\/span><\/p>\n<p><b>Lepivost: <\/b><span>30 N\/25 mm<\/span><\/p>\n<p><b>Pevnost ve smyku: <\/b><span><\/span><\/p>\n<p><b>Tlou\u0161\u0165ka: <\/b><span>0,55 mm<\/span><\/p>\n<p><b>Pr\u016frazn\u00e9 nap\u011bt\u00ed: <\/b><span><\/span><\/p>\n<\/p><\/div>\n<p>  <a href=\"https:\/\/drive.google.com\/uc?id=17PwdcjcvmMRJ4YPHbbusxjUPd9T-ACBO&#038;export=download\" class=\"btnHPX\" target=\"_blank\"><i class=\"fa fa-download\" aria-hidden=\"true\"><\/i>St\u00e1hnout technick\u00fd list (EN)<\/a><\/p>\n","protected":false},"featured_media":106993,"comment_status":"closed","ping_status":"open","template":"","meta":{"_exactmetrics_skip_tracking":false,"_exactmetrics_sitenote_active":false,"_exactmetrics_sitenote_note":"","_exactmetrics_sitenote_category":0,"_monsterinsights_skip_tracking":false,"_monsterinsights_sitenote_active":false,"_monsterinsights_sitenote_note":"","_monsterinsights_sitenote_category":0,"_themeisle_gutenberg_block_has_review":false},"product_brand":[],"product_cat":[1081],"product_tag":[],"class_list":{"0":"post-174881","1":"product","2":"type-product","3":"status-publish","4":"has-post-thumbnail","6":"product_cat-odolne-vzduchotesne-vyrobky","7":"post","8":"post-with-thumbnail","9":"post-with-thumbnail-large","11":"first","12":"instock","13":"product-type-simple"},"yoast_head":"<!-- This site is optimized with the Yoast SEO plugin v27.3 - https:\/\/yoast.com\/product\/yoast-seo-wordpress\/ -->\n<title>AIRTIGHT ROOF | HPX<\/title>\n<meta name=\"description\" content=\"P\u00e1ska pro t\u011bsn\u011bn\u00ed a spojen\u00ed podklad\u016f p\u0159\u00edkr\u00fdch st\u0159ech odoln\u00e1 v\u016f\u010di v\u011btru a de\u0161ti | Odoln\u00e9 vzduchot\u011bsn\u00e9 v\u00fdrobky | AIRTIGHT ROOF | HPX\" \/>\n<meta name=\"robots\" content=\"index, follow, max-snippet:-1, max-image-preview:large, max-video-preview:-1\" \/>\n<link rel=\"canonical\" href=\"https:\/\/hpx.eu\/cs\/product\/airtight-roof-8800\/\" \/>\n<meta property=\"og:locale\" content=\"cs_CZ\" \/>\n<meta property=\"og:type\" content=\"article\" \/>\n<meta property=\"og:title\" content=\"AIRTIGHT ROOF | HPX\" \/>\n<meta property=\"og:description\" content=\"P\u00e1ska pro t\u011bsn\u011bn\u00ed a spojen\u00ed podklad\u016f p\u0159\u00edkr\u00fdch st\u0159ech odoln\u00e1 v\u016f\u010di v\u011btru a de\u0161ti | Odoln\u00e9 vzduchot\u011bsn\u00e9 v\u00fdrobky | AIRTIGHT ROOF | HPX\" \/>\n<meta property=\"og:url\" content=\"https:\/\/hpx.eu\/cs\/product\/airtight-roof-8800\/\" \/>\n<meta property=\"og:site_name\" content=\"HPX\" \/>\n<meta property=\"article:publisher\" content=\"https:\/\/www.facebook.com\/HPXtape\/\" \/>\n<meta property=\"article:modified_time\" content=\"2025-07-14T08:32:32+00:00\" \/>\n<meta property=\"og:image\" content=\"https:\/\/hpx.eu\/wp-content\/uploads\/2021\/04\/AR6025-Airtight_Roof-grey-60mm_x_25m-5407004563985.jpg\" \/>\n\t<meta property=\"og:image:width\" content=\"800\" \/>\n\t<meta property=\"og:image:height\" content=\"800\" \/>\n\t<meta property=\"og:image:type\" content=\"image\/jpeg\" \/>\n<meta name=\"twitter:card\" content=\"summary_large_image\" \/>\n<script type=\"application\/ld+json\" class=\"yoast-schema-graph\">{\"@context\":\"https:\\\/\\\/schema.org\",\"@graph\":[{\"@type\":\"WebPage\",\"@id\":\"https:\\\/\\\/hpx.eu\\\/cs\\\/product\\\/airtight-roof-8800\\\/\",\"url\":\"https:\\\/\\\/hpx.eu\\\/cs\\\/product\\\/airtight-roof-8800\\\/\",\"name\":\"AIRTIGHT ROOF | HPX\",\"isPartOf\":{\"@id\":\"http:\\\/\\\/hpx.eu\\\/cs\\\/#website\"},\"primaryImageOfPage\":{\"@id\":\"https:\\\/\\\/hpx.eu\\\/cs\\\/product\\\/airtight-roof-8800\\\/#primaryimage\"},\"image\":{\"@id\":\"https:\\\/\\\/hpx.eu\\\/cs\\\/product\\\/airtight-roof-8800\\\/#primaryimage\"},\"thumbnailUrl\":\"https:\\\/\\\/hpx.eu\\\/wp-content\\\/uploads\\\/2021\\\/04\\\/AR6025-Airtight_Roof-grey-60mm_x_25m-5407004563985.jpg\",\"datePublished\":\"2025-07-14T08:20:01+00:00\",\"dateModified\":\"2025-07-14T08:32:32+00:00\",\"description\":\"P\u00e1ska pro t\u011bsn\u011bn\u00ed a spojen\u00ed podklad\u016f p\u0159\u00edkr\u00fdch st\u0159ech odoln\u00e1 v\u016f\u010di v\u011btru a de\u0161ti | Odoln\u00e9 vzduchot\u011bsn\u00e9 v\u00fdrobky | AIRTIGHT ROOF | HPX\",\"breadcrumb\":{\"@id\":\"https:\\\/\\\/hpx.eu\\\/cs\\\/product\\\/airtight-roof-8800\\\/#breadcrumb\"},\"inLanguage\":\"cs\",\"potentialAction\":[{\"@type\":\"ReadAction\",\"target\":[\"https:\\\/\\\/hpx.eu\\\/cs\\\/product\\\/airtight-roof-8800\\\/\"]}]},{\"@type\":\"ImageObject\",\"inLanguage\":\"cs\",\"@id\":\"https:\\\/\\\/hpx.eu\\\/cs\\\/product\\\/airtight-roof-8800\\\/#primaryimage\",\"url\":\"https:\\\/\\\/hpx.eu\\\/wp-content\\\/uploads\\\/2021\\\/04\\\/AR6025-Airtight_Roof-grey-60mm_x_25m-5407004563985.jpg\",\"contentUrl\":\"https:\\\/\\\/hpx.eu\\\/wp-content\\\/uploads\\\/2021\\\/04\\\/AR6025-Airtight_Roof-grey-60mm_x_25m-5407004563985.jpg\",\"width\":800,\"height\":800,\"caption\":\"AIRTIGHT ROOF | HPX\"},{\"@type\":\"BreadcrumbList\",\"@id\":\"https:\\\/\\\/hpx.eu\\\/cs\\\/product\\\/airtight-roof-8800\\\/#breadcrumb\",\"itemListElement\":[{\"@type\":\"ListItem\",\"position\":1,\"name\":\"Startseite\",\"item\":\"http:\\\/\\\/hpx.eu\\\/cs\\\/\"},{\"@type\":\"ListItem\",\"position\":2,\"name\":\"V\u00fdrobky\",\"item\":\"http:\\\/\\\/hpx.eu\\\/cs\\\/vyrobky\\\/\"},{\"@type\":\"ListItem\",\"position\":3,\"name\":\"AIRTIGHT ROOF 8800\"}]},{\"@type\":\"WebSite\",\"@id\":\"http:\\\/\\\/hpx.eu\\\/cs\\\/#website\",\"url\":\"http:\\\/\\\/hpx.eu\\\/cs\\\/\",\"name\":\"HPX\",\"description\":\"Tough Job, Tougher Tape\",\"publisher\":{\"@id\":\"http:\\\/\\\/hpx.eu\\\/cs\\\/#organization\"},\"potentialAction\":[{\"@type\":\"SearchAction\",\"target\":{\"@type\":\"EntryPoint\",\"urlTemplate\":\"http:\\\/\\\/hpx.eu\\\/cs\\\/?s={search_term_string}\"},\"query-input\":{\"@type\":\"PropertyValueSpecification\",\"valueRequired\":true,\"valueName\":\"search_term_string\"}}],\"inLanguage\":\"cs\"},{\"@type\":\"Organization\",\"@id\":\"http:\\\/\\\/hpx.eu\\\/cs\\\/#organization\",\"name\":\"Option Tape Specialties\",\"url\":\"http:\\\/\\\/hpx.eu\\\/cs\\\/\",\"logo\":{\"@type\":\"ImageObject\",\"inLanguage\":\"cs\",\"@id\":\"http:\\\/\\\/hpx.eu\\\/cs\\\/#\\\/schema\\\/logo\\\/image\\\/\",\"url\":\"\",\"contentUrl\":\"\",\"caption\":\"Option Tape Specialties\"},\"image\":{\"@id\":\"http:\\\/\\\/hpx.eu\\\/cs\\\/#\\\/schema\\\/logo\\\/image\\\/\"},\"sameAs\":[\"https:\\\/\\\/www.facebook.com\\\/HPXtape\\\/\",\"https:\\\/\\\/www.linkedin.com\\\/company\\\/2913311\\\/\",\"https:\\\/\\\/www.youtube.com\\\/channel\\\/UCCYnFjBGfKw8SPW1hMUCVFg\"]}]}<\/script>\n<!-- \/ Yoast SEO plugin. -->","yoast_head_json":{"title":"AIRTIGHT ROOF | HPX","description":"P\u00e1ska pro t\u011bsn\u011bn\u00ed a spojen\u00ed podklad\u016f p\u0159\u00edkr\u00fdch st\u0159ech odoln\u00e1 v\u016f\u010di v\u011btru a de\u0161ti | Odoln\u00e9 vzduchot\u011bsn\u00e9 v\u00fdrobky | AIRTIGHT ROOF | HPX","robots":{"index":"index","follow":"follow","max-snippet":"max-snippet:-1","max-image-preview":"max-image-preview:large","max-video-preview":"max-video-preview:-1"},"canonical":"https:\/\/hpx.eu\/cs\/product\/airtight-roof-8800\/","og_locale":"cs_CZ","og_type":"article","og_title":"AIRTIGHT ROOF | HPX","og_description":"P\u00e1ska pro t\u011bsn\u011bn\u00ed a spojen\u00ed podklad\u016f p\u0159\u00edkr\u00fdch st\u0159ech odoln\u00e1 v\u016f\u010di v\u011btru a de\u0161ti | Odoln\u00e9 vzduchot\u011bsn\u00e9 v\u00fdrobky | AIRTIGHT ROOF | HPX","og_url":"https:\/\/hpx.eu\/cs\/product\/airtight-roof-8800\/","og_site_name":"HPX","article_publisher":"https:\/\/www.facebook.com\/HPXtape\/","article_modified_time":"2025-07-14T08:32:32+00:00","og_image":[{"width":800,"height":800,"url":"https:\/\/hpx.eu\/wp-content\/uploads\/2021\/04\/AR6025-Airtight_Roof-grey-60mm_x_25m-5407004563985.jpg","type":"image\/jpeg"}],"twitter_card":"summary_large_image","schema":{"@context":"https:\/\/schema.org","@graph":[{"@type":"WebPage","@id":"https:\/\/hpx.eu\/cs\/product\/airtight-roof-8800\/","url":"https:\/\/hpx.eu\/cs\/product\/airtight-roof-8800\/","name":"AIRTIGHT ROOF | HPX","isPartOf":{"@id":"https:\/\/hpx.eu\/cs\/#website"},"primaryImageOfPage":{"@id":"https:\/\/hpx.eu\/cs\/product\/airtight-roof-8800\/#primaryimage"},"image":{"@id":"https:\/\/hpx.eu\/cs\/product\/airtight-roof-8800\/#primaryimage"},"thumbnailUrl":"https:\/\/hpx.eu\/wp-content\/uploads\/2021\/04\/AR6025-Airtight_Roof-grey-60mm_x_25m-5407004563985.jpg","datePublished":"2025-07-14T08:20:01+00:00","dateModified":"2025-07-14T08:32:32+00:00","description":"P\u00e1ska pro t\u011bsn\u011bn\u00ed a spojen\u00ed podklad\u016f p\u0159\u00edkr\u00fdch st\u0159ech odoln\u00e1 v\u016f\u010di v\u011btru a de\u0161ti | Odoln\u00e9 vzduchot\u011bsn\u00e9 v\u00fdrobky | AIRTIGHT ROOF | HPX","breadcrumb":{"@id":"https:\/\/hpx.eu\/cs\/product\/airtight-roof-8800\/#breadcrumb"},"inLanguage":"cs","potentialAction":[{"@type":"ReadAction","target":["https:\/\/hpx.eu\/cs\/product\/airtight-roof-8800\/"]}]},{"@type":"ImageObject","inLanguage":"cs","@id":"https:\/\/hpx.eu\/cs\/product\/airtight-roof-8800\/#primaryimage","url":"https:\/\/hpx.eu\/wp-content\/uploads\/2021\/04\/AR6025-Airtight_Roof-grey-60mm_x_25m-5407004563985.jpg","contentUrl":"https:\/\/hpx.eu\/wp-content\/uploads\/2021\/04\/AR6025-Airtight_Roof-grey-60mm_x_25m-5407004563985.jpg","width":800,"height":800,"caption":"AIRTIGHT ROOF | HPX"},{"@type":"BreadcrumbList","@id":"https:\/\/hpx.eu\/cs\/product\/airtight-roof-8800\/#breadcrumb","itemListElement":[{"@type":"ListItem","position":1,"name":"Startseite","item":"https:\/\/hpx.eu\/cs\/"},{"@type":"ListItem","position":2,"name":"V\u00fdrobky","item":"https:\/\/hpx.eu\/cs\/vyrobky\/"},{"@type":"ListItem","position":3,"name":"AIRTIGHT ROOF 8800"}]},{"@type":"WebSite","@id":"https:\/\/hpx.eu\/cs\/#website","url":"https:\/\/hpx.eu\/cs\/","name":"HPX","description":"Tough Job, Tougher Tape","publisher":{"@id":"https:\/\/hpx.eu\/cs\/#organization"},"potentialAction":[{"@type":"SearchAction","target":{"@type":"EntryPoint","urlTemplate":"https:\/\/hpx.eu\/cs\/?s={search_term_string}"},"query-input":{"@type":"PropertyValueSpecification","valueRequired":true,"valueName":"search_term_string"}}],"inLanguage":"cs"},{"@type":"Organization","@id":"https:\/\/hpx.eu\/cs\/#organization","name":"Option Tape Specialties","url":"https:\/\/hpx.eu\/cs\/","logo":{"@type":"ImageObject","inLanguage":"cs","@id":"https:\/\/hpx.eu\/cs\/#\/schema\/logo\/image\/","url":"","contentUrl":"","caption":"Option Tape Specialties"},"image":{"@id":"https:\/\/hpx.eu\/cs\/#\/schema\/logo\/image\/"},"sameAs":["https:\/\/www.facebook.com\/HPXtape\/","https:\/\/www.linkedin.com\/company\/2913311\/","https:\/\/www.youtube.com\/channel\/UCCYnFjBGfKw8SPW1hMUCVFg"]}]}},"_links":{"self":[{"href":"https:\/\/hpx.eu\/cs\/wp-json\/wp\/v2\/product\/174881","targetHints":{"allow":["GET"]}}],"collection":[{"href":"https:\/\/hpx.eu\/cs\/wp-json\/wp\/v2\/product"}],"about":[{"href":"https:\/\/hpx.eu\/cs\/wp-json\/wp\/v2\/types\/product"}],"replies":[{"embeddable":true,"href":"https:\/\/hpx.eu\/cs\/wp-json\/wp\/v2\/comments?post=174881"}],"wp:featuredmedia":[{"embeddable":true,"href":"https:\/\/hpx.eu\/cs\/wp-json\/wp\/v2\/media\/106993"}],"wp:attachment":[{"href":"https:\/\/hpx.eu\/cs\/wp-json\/wp\/v2\/media?parent=174881"}],"wp:term":[{"taxonomy":"product_brand","embeddable":true,"href":"https:\/\/hpx.eu\/cs\/wp-json\/wp\/v2\/product_brand?post=174881"},{"taxonomy":"product_cat","embeddable":true,"href":"https:\/\/hpx.eu\/cs\/wp-json\/wp\/v2\/product_cat?post=174881"},{"taxonomy":"product_tag","embeddable":true,"href":"https:\/\/hpx.eu\/cs\/wp-json\/wp\/v2\/product_tag?post=174881"}],"curies":[{"name":"wp","href":"https:\/\/api.w.org\/{rel}","templated":true}]}}