{"id":174809,"date":"2025-07-14T10:18:45","date_gmt":"2025-07-14T08:18:45","guid":{"rendered":"https:\/\/hpx.eu\/product\/duo-grip-1830-2\/"},"modified":"2025-07-14T10:31:46","modified_gmt":"2025-07-14T08:31:46","slug":"duo-grip-1830-2","status":"publish","type":"product","link":"https:\/\/hpx.eu\/cs\/product\/duo-grip-1830-2\/","title":{"rendered":"DUO GRIP <span class=\"productNr\">1830<\/span>"},"content":{"rendered":"<p>&nbsp;<\/p>\n","protected":false},"excerpt":{"rendered":"<ul class=\"product_UPS\">\n<li>Opakovan\u011b pou\u017eiteln\u00fd such\u00fd zip: optim\u00e1ln\u00ed p\u0159ilnavost stla\u010den\u00edm h\u00e1\u010dkovit\u00fdch<br \/>\nstruktur zcela do sebe<\/li>\n<li>Snese zat\u00ed\u017een\u00ed a\u017e p\u011btkr\u00e1t vy\u0161\u0161\u00ed ne\u017e klasick\u00e9 spoje na zip<\/li>\n<li>Vhodn\u00fd pro upevn\u011bn\u00ed lehk\u00fdch i t\u011b\u017ek\u00fdch p\u0159edm\u011bt\u016f<\/li>\n<li>Nap\u0159\u00edklad kobere\u010dk\u016f do automobil\u016f, n\u00e1\u0159ad\u00ed v automobilech, audiotechniky<br \/>\natd.<\/li>\n<li><\/li>\n<li><\/li>\n<li><\/li>\n<li><\/li>\n<li><\/li>\n<li><\/li>\n<\/ul>\n<table class=\"product_table\">\n<thead>\n<tr>\n<th>Zbo\u017e\u00ed \u010d.<\/th>\n<th>\u0160\u00ed\u0159ka<\/th>\n<th>D\u00e9lka<\/th>\n<th>Barva<\/th>\n<th>Balen\u00ed<\/th>\n<th>K\u00f3d EAN<\/th>\n<\/tr>\n<\/thead>\n<tbody>\n<tr>\n<td>DG1000<\/td>\n<td>25 mm<\/td>\n<td>25 mm<\/td>\n<td>\u010dern\u00e1<\/td>\n<td>20<\/td>\n<td>5425014220926<\/td>\n<\/tr>\n<tr>\n<td>DG2500<\/td>\n<td>25 mm<\/td>\n<td>0,5 m<\/td>\n<td>\u010dern\u00e1<\/td>\n<td>20<\/td>\n<td>5425014225488<\/td>\n<\/tr>\n<tr>\n<td><\/td>\n<td><\/td>\n<td><\/td>\n<td><\/td>\n<td><\/td>\n<td><\/td>\n<\/tr>\n<tr>\n<td><\/td>\n<td><\/td>\n<td><\/td>\n<td><\/td>\n<td><\/td>\n<td><\/td>\n<\/tr>\n<tr>\n<td><\/td>\n<td><\/td>\n<td><\/td>\n<td><\/td>\n<td><\/td>\n<td><\/td>\n<\/tr>\n<tr>\n<td><\/td>\n<td><\/td>\n<td><\/td>\n<td><\/td>\n<td><\/td>\n<td><\/td>\n<\/tr>\n<tr>\n<td><\/td>\n<td><\/td>\n<td><\/td>\n<td><\/td>\n<td><\/td>\n<td><\/td>\n<\/tr>\n<tr>\n<td><\/td>\n<td><\/td>\n<td><\/td>\n<td><\/td>\n<td><\/td>\n<td><\/td>\n<\/tr>\n<tr>\n<td><\/td>\n<td><\/td>\n<td><\/td>\n<td><\/td>\n<td><\/td>\n<td><\/td>\n<\/tr>\n<tr>\n<td><\/td>\n<td><\/td>\n<td><\/td>\n<td><\/td>\n<td><\/td>\n<td><\/td>\n<\/tr>\n<tr>\n<td><\/td>\n<td><\/td>\n<td><\/td>\n<td><\/td>\n<td><\/td>\n<td><\/td>\n<\/tr>\n<tr>\n<td><\/td>\n<td><\/td>\n<td><\/td>\n<td><\/td>\n<td><\/td>\n<td><\/td>\n<\/tr>\n<tr>\n<td><\/td>\n<td><\/td>\n<td><\/td>\n<td><\/td>\n<td><\/td>\n<td><\/td>\n<\/tr>\n<tr>\n<td><\/td>\n<td><\/td>\n<td><\/td>\n<td><\/td>\n<td><\/td>\n<td><\/td>\n<\/tr>\n<tr>\n<td><\/td>\n<td><\/td>\n<td><\/td>\n<td><\/td>\n<td><\/td>\n<td><\/td>\n<\/tr>\n<tr>\n<td><\/td>\n<td><\/td>\n<td><\/td>\n<td><\/td>\n<td><\/td>\n<td><\/td>\n<\/tr>\n<tr>\n<td><\/td>\n<td><\/td>\n<td><\/td>\n<td><\/td>\n<td><\/td>\n<td><\/td>\n<\/tr>\n<tr>\n<td><\/td>\n<td><\/td>\n<td><\/td>\n<td><\/td>\n<td><\/td>\n<td><\/td>\n<\/tr>\n<\/tbody>\n<\/table>\n<div class=\"product_characteristics\">\n<p><b>Lepiv\u00e1 vrstva: <\/b><span>syntetick\u00e1 pry\u017e<\/span><\/p>\n<p><b>Podkladov\u00fd materi\u00e1l: <\/b><span>polyamid<\/span><\/p>\n<p><b>Teplotn\u011b stabiln\u00ed do: <\/b><span>93\u00b0C<\/span><\/p>\n<p><b>Pevnost v tahu: <\/b><span><\/span><\/p>\n<p><b>Lepivost: <\/b><span><\/span><\/p>\n<p><b>Pevnost ve smyku: <\/b><span><\/span><\/p>\n<p><b>Tlou\u0161\u0165ka: <\/b><span>5,40 mm<\/span><\/p>\n<p><b>Pr\u016frazn\u00e9 nap\u011bt\u00ed: <\/b><span><\/span><\/p>\n<\/p><\/div>\n<p>  <a href=\"https:\/\/drive.google.com\/uc?id=1jqpjmIVdaywZVDhqkIo1IRvl-TimFC4T&#038;export=download\" class=\"btnHPX\" target=\"_blank\"><i class=\"fa fa-download\" aria-hidden=\"true\"><\/i>St\u00e1hnout technick\u00fd list (EN)<\/a><\/p>\n","protected":false},"featured_media":92971,"comment_status":"closed","ping_status":"closed","template":"","meta":{"_exactmetrics_skip_tracking":false,"_exactmetrics_sitenote_active":false,"_exactmetrics_sitenote_note":"","_exactmetrics_sitenote_category":0,"_monsterinsights_skip_tracking":false,"_monsterinsights_sitenote_active":false,"_monsterinsights_sitenote_note":"","_monsterinsights_sitenote_category":0,"_themeisle_gutenberg_block_has_review":false},"product_brand":[],"product_cat":[1031],"product_tag":[],"class_list":{"0":"post-174809","1":"product","2":"type-product","3":"status-publish","4":"has-post-thumbnail","6":"product_cat-pasky-v-blistru","7":"post","8":"post-with-thumbnail","9":"post-with-thumbnail-large","11":"first","12":"instock","13":"product-type-simple"},"yoast_head":"<!-- This site is optimized with the Yoast SEO plugin v27.3 - https:\/\/yoast.com\/product\/yoast-seo-wordpress\/ -->\n<title>DUO GRIP | HPX<\/title>\n<meta name=\"description\" content=\"Opakovan\u011b pou\u017eiteln\u00fd such\u00fd zip: optim\u00e1ln\u00ed p\u0159ilnavost stla\u010den\u00edm h\u00e1\u010dkovit\u00fdch struktur zcela do sebe | P\u00e1sky v blistru | DUO GRIP | HPX\" \/>\n<meta name=\"robots\" content=\"index, follow, max-snippet:-1, max-image-preview:large, max-video-preview:-1\" \/>\n<link rel=\"canonical\" href=\"https:\/\/hpx.eu\/cs\/product\/duo-grip-1830-2\/\" \/>\n<meta property=\"og:locale\" content=\"cs_CZ\" \/>\n<meta property=\"og:type\" content=\"article\" \/>\n<meta property=\"og:title\" content=\"DUO GRIP | HPX\" \/>\n<meta property=\"og:description\" content=\"Opakovan\u011b pou\u017eiteln\u00fd such\u00fd zip: optim\u00e1ln\u00ed p\u0159ilnavost stla\u010den\u00edm h\u00e1\u010dkovit\u00fdch struktur zcela do sebe | P\u00e1sky v blistru | DUO GRIP | HPX\" \/>\n<meta property=\"og:url\" content=\"https:\/\/hpx.eu\/cs\/product\/duo-grip-1830-2\/\" \/>\n<meta property=\"og:site_name\" content=\"HPX\" \/>\n<meta property=\"article:publisher\" content=\"https:\/\/www.facebook.com\/HPXtape\/\" \/>\n<meta property=\"article:modified_time\" content=\"2025-07-14T08:31:46+00:00\" \/>\n<meta property=\"og:image\" content=\"https:\/\/hpx.eu\/wp-content\/uploads\/2018\/05\/DG1000-Duo_grip_fastener-pads-25mm_x_25mm-5425014220926.jpg\" \/>\n\t<meta property=\"og:image:width\" content=\"800\" \/>\n\t<meta property=\"og:image:height\" content=\"800\" \/>\n\t<meta property=\"og:image:type\" content=\"image\/jpeg\" \/>\n<meta name=\"twitter:card\" content=\"summary_large_image\" \/>\n<script type=\"application\/ld+json\" class=\"yoast-schema-graph\">{\"@context\":\"https:\\\/\\\/schema.org\",\"@graph\":[{\"@type\":\"WebPage\",\"@id\":\"https:\\\/\\\/hpx.eu\\\/cs\\\/product\\\/duo-grip-1830-2\\\/\",\"url\":\"https:\\\/\\\/hpx.eu\\\/cs\\\/product\\\/duo-grip-1830-2\\\/\",\"name\":\"DUO GRIP | HPX\",\"isPartOf\":{\"@id\":\"http:\\\/\\\/hpx.eu\\\/cs\\\/#website\"},\"primaryImageOfPage\":{\"@id\":\"https:\\\/\\\/hpx.eu\\\/cs\\\/product\\\/duo-grip-1830-2\\\/#primaryimage\"},\"image\":{\"@id\":\"https:\\\/\\\/hpx.eu\\\/cs\\\/product\\\/duo-grip-1830-2\\\/#primaryimage\"},\"thumbnailUrl\":\"https:\\\/\\\/hpx.eu\\\/wp-content\\\/uploads\\\/2020\\\/04\\\/DG2500-Duo_grip_fastener-25mm_x_0_5m-5425014225488-HPX.jpg\",\"datePublished\":\"2025-07-14T08:18:45+00:00\",\"dateModified\":\"2025-07-14T08:31:46+00:00\",\"description\":\"Opakovan\u011b pou\u017eiteln\u00fd such\u00fd zip: optim\u00e1ln\u00ed p\u0159ilnavost stla\u010den\u00edm h\u00e1\u010dkovit\u00fdch struktur zcela do sebe | P\u00e1sky v blistru | DUO GRIP | HPX\",\"breadcrumb\":{\"@id\":\"https:\\\/\\\/hpx.eu\\\/cs\\\/product\\\/duo-grip-1830-2\\\/#breadcrumb\"},\"inLanguage\":\"cs\",\"potentialAction\":[{\"@type\":\"ReadAction\",\"target\":[\"https:\\\/\\\/hpx.eu\\\/cs\\\/product\\\/duo-grip-1830-2\\\/\"]}]},{\"@type\":\"ImageObject\",\"inLanguage\":\"cs\",\"@id\":\"https:\\\/\\\/hpx.eu\\\/cs\\\/product\\\/duo-grip-1830-2\\\/#primaryimage\",\"url\":\"https:\\\/\\\/hpx.eu\\\/wp-content\\\/uploads\\\/2020\\\/04\\\/DG2500-Duo_grip_fastener-25mm_x_0_5m-5425014225488-HPX.jpg\",\"contentUrl\":\"https:\\\/\\\/hpx.eu\\\/wp-content\\\/uploads\\\/2020\\\/04\\\/DG2500-Duo_grip_fastener-25mm_x_0_5m-5425014225488-HPX.jpg\",\"width\":800,\"height\":800,\"caption\":\"DG2500 - Duo grip fastener - 25mm x 0 5m - 5425014225488\"},{\"@type\":\"BreadcrumbList\",\"@id\":\"https:\\\/\\\/hpx.eu\\\/cs\\\/product\\\/duo-grip-1830-2\\\/#breadcrumb\",\"itemListElement\":[{\"@type\":\"ListItem\",\"position\":1,\"name\":\"Startseite\",\"item\":\"http:\\\/\\\/hpx.eu\\\/cs\\\/\"},{\"@type\":\"ListItem\",\"position\":2,\"name\":\"V\u00fdrobky\",\"item\":\"http:\\\/\\\/hpx.eu\\\/cs\\\/vyrobky\\\/\"},{\"@type\":\"ListItem\",\"position\":3,\"name\":\"DUO GRIP 1830\"}]},{\"@type\":\"WebSite\",\"@id\":\"http:\\\/\\\/hpx.eu\\\/cs\\\/#website\",\"url\":\"http:\\\/\\\/hpx.eu\\\/cs\\\/\",\"name\":\"HPX\",\"description\":\"Tough Job, Tougher Tape\",\"publisher\":{\"@id\":\"http:\\\/\\\/hpx.eu\\\/cs\\\/#organization\"},\"potentialAction\":[{\"@type\":\"SearchAction\",\"target\":{\"@type\":\"EntryPoint\",\"urlTemplate\":\"http:\\\/\\\/hpx.eu\\\/cs\\\/?s={search_term_string}\"},\"query-input\":{\"@type\":\"PropertyValueSpecification\",\"valueRequired\":true,\"valueName\":\"search_term_string\"}}],\"inLanguage\":\"cs\"},{\"@type\":\"Organization\",\"@id\":\"http:\\\/\\\/hpx.eu\\\/cs\\\/#organization\",\"name\":\"Option Tape Specialties\",\"url\":\"http:\\\/\\\/hpx.eu\\\/cs\\\/\",\"logo\":{\"@type\":\"ImageObject\",\"inLanguage\":\"cs\",\"@id\":\"http:\\\/\\\/hpx.eu\\\/cs\\\/#\\\/schema\\\/logo\\\/image\\\/\",\"url\":\"\",\"contentUrl\":\"\",\"caption\":\"Option Tape Specialties\"},\"image\":{\"@id\":\"http:\\\/\\\/hpx.eu\\\/cs\\\/#\\\/schema\\\/logo\\\/image\\\/\"},\"sameAs\":[\"https:\\\/\\\/www.facebook.com\\\/HPXtape\\\/\",\"https:\\\/\\\/www.linkedin.com\\\/company\\\/2913311\\\/\",\"https:\\\/\\\/www.youtube.com\\\/channel\\\/UCCYnFjBGfKw8SPW1hMUCVFg\"]}]}<\/script>\n<!-- \/ Yoast SEO plugin. -->","yoast_head_json":{"title":"DUO GRIP | HPX","description":"Opakovan\u011b pou\u017eiteln\u00fd such\u00fd zip: optim\u00e1ln\u00ed p\u0159ilnavost stla\u010den\u00edm h\u00e1\u010dkovit\u00fdch struktur zcela do sebe | P\u00e1sky v blistru | DUO GRIP | HPX","robots":{"index":"index","follow":"follow","max-snippet":"max-snippet:-1","max-image-preview":"max-image-preview:large","max-video-preview":"max-video-preview:-1"},"canonical":"https:\/\/hpx.eu\/cs\/product\/duo-grip-1830-2\/","og_locale":"cs_CZ","og_type":"article","og_title":"DUO GRIP | HPX","og_description":"Opakovan\u011b pou\u017eiteln\u00fd such\u00fd zip: optim\u00e1ln\u00ed p\u0159ilnavost stla\u010den\u00edm h\u00e1\u010dkovit\u00fdch struktur zcela do sebe | P\u00e1sky v blistru | DUO GRIP | HPX","og_url":"https:\/\/hpx.eu\/cs\/product\/duo-grip-1830-2\/","og_site_name":"HPX","article_publisher":"https:\/\/www.facebook.com\/HPXtape\/","article_modified_time":"2025-07-14T08:31:46+00:00","og_image":[{"width":800,"height":800,"url":"https:\/\/hpx.eu\/wp-content\/uploads\/2018\/05\/DG1000-Duo_grip_fastener-pads-25mm_x_25mm-5425014220926.jpg","type":"image\/jpeg"}],"twitter_card":"summary_large_image","schema":{"@context":"https:\/\/schema.org","@graph":[{"@type":"WebPage","@id":"https:\/\/hpx.eu\/cs\/product\/duo-grip-1830-2\/","url":"https:\/\/hpx.eu\/cs\/product\/duo-grip-1830-2\/","name":"DUO GRIP | HPX","isPartOf":{"@id":"https:\/\/hpx.eu\/cs\/#website"},"primaryImageOfPage":{"@id":"https:\/\/hpx.eu\/cs\/product\/duo-grip-1830-2\/#primaryimage"},"image":{"@id":"https:\/\/hpx.eu\/cs\/product\/duo-grip-1830-2\/#primaryimage"},"thumbnailUrl":"https:\/\/hpx.eu\/wp-content\/uploads\/2020\/04\/DG2500-Duo_grip_fastener-25mm_x_0_5m-5425014225488-HPX.jpg","datePublished":"2025-07-14T08:18:45+00:00","dateModified":"2025-07-14T08:31:46+00:00","description":"Opakovan\u011b pou\u017eiteln\u00fd such\u00fd zip: optim\u00e1ln\u00ed p\u0159ilnavost stla\u010den\u00edm h\u00e1\u010dkovit\u00fdch struktur zcela do sebe | P\u00e1sky v blistru | DUO GRIP | HPX","breadcrumb":{"@id":"https:\/\/hpx.eu\/cs\/product\/duo-grip-1830-2\/#breadcrumb"},"inLanguage":"cs","potentialAction":[{"@type":"ReadAction","target":["https:\/\/hpx.eu\/cs\/product\/duo-grip-1830-2\/"]}]},{"@type":"ImageObject","inLanguage":"cs","@id":"https:\/\/hpx.eu\/cs\/product\/duo-grip-1830-2\/#primaryimage","url":"https:\/\/hpx.eu\/wp-content\/uploads\/2020\/04\/DG2500-Duo_grip_fastener-25mm_x_0_5m-5425014225488-HPX.jpg","contentUrl":"https:\/\/hpx.eu\/wp-content\/uploads\/2020\/04\/DG2500-Duo_grip_fastener-25mm_x_0_5m-5425014225488-HPX.jpg","width":800,"height":800,"caption":"DG2500 - Duo grip fastener - 25mm x 0 5m - 5425014225488"},{"@type":"BreadcrumbList","@id":"https:\/\/hpx.eu\/cs\/product\/duo-grip-1830-2\/#breadcrumb","itemListElement":[{"@type":"ListItem","position":1,"name":"Startseite","item":"https:\/\/hpx.eu\/cs\/"},{"@type":"ListItem","position":2,"name":"V\u00fdrobky","item":"https:\/\/hpx.eu\/cs\/vyrobky\/"},{"@type":"ListItem","position":3,"name":"DUO GRIP 1830"}]},{"@type":"WebSite","@id":"https:\/\/hpx.eu\/cs\/#website","url":"https:\/\/hpx.eu\/cs\/","name":"HPX","description":"Tough Job, Tougher Tape","publisher":{"@id":"https:\/\/hpx.eu\/cs\/#organization"},"potentialAction":[{"@type":"SearchAction","target":{"@type":"EntryPoint","urlTemplate":"https:\/\/hpx.eu\/cs\/?s={search_term_string}"},"query-input":{"@type":"PropertyValueSpecification","valueRequired":true,"valueName":"search_term_string"}}],"inLanguage":"cs"},{"@type":"Organization","@id":"https:\/\/hpx.eu\/cs\/#organization","name":"Option Tape Specialties","url":"https:\/\/hpx.eu\/cs\/","logo":{"@type":"ImageObject","inLanguage":"cs","@id":"https:\/\/hpx.eu\/cs\/#\/schema\/logo\/image\/","url":"","contentUrl":"","caption":"Option Tape Specialties"},"image":{"@id":"https:\/\/hpx.eu\/cs\/#\/schema\/logo\/image\/"},"sameAs":["https:\/\/www.facebook.com\/HPXtape\/","https:\/\/www.linkedin.com\/company\/2913311\/","https:\/\/www.youtube.com\/channel\/UCCYnFjBGfKw8SPW1hMUCVFg"]}]}},"_links":{"self":[{"href":"https:\/\/hpx.eu\/cs\/wp-json\/wp\/v2\/product\/174809","targetHints":{"allow":["GET"]}}],"collection":[{"href":"https:\/\/hpx.eu\/cs\/wp-json\/wp\/v2\/product"}],"about":[{"href":"https:\/\/hpx.eu\/cs\/wp-json\/wp\/v2\/types\/product"}],"replies":[{"embeddable":true,"href":"https:\/\/hpx.eu\/cs\/wp-json\/wp\/v2\/comments?post=174809"}],"wp:featuredmedia":[{"embeddable":true,"href":"https:\/\/hpx.eu\/cs\/wp-json\/wp\/v2\/media\/92971"}],"wp:attachment":[{"href":"https:\/\/hpx.eu\/cs\/wp-json\/wp\/v2\/media?parent=174809"}],"wp:term":[{"taxonomy":"product_brand","embeddable":true,"href":"https:\/\/hpx.eu\/cs\/wp-json\/wp\/v2\/product_brand?post=174809"},{"taxonomy":"product_cat","embeddable":true,"href":"https:\/\/hpx.eu\/cs\/wp-json\/wp\/v2\/product_cat?post=174809"},{"taxonomy":"product_tag","embeddable":true,"href":"https:\/\/hpx.eu\/cs\/wp-json\/wp\/v2\/product_tag?post=174809"}],"curies":[{"name":"wp","href":"https:\/\/api.w.org\/{rel}","templated":true}]}}