{"id":174677,"date":"2025-07-14T10:17:26","date_gmt":"2025-07-14T08:17:26","guid":{"rendered":"https:\/\/hpx.eu\/product\/powerpads-1710\/"},"modified":"2025-07-14T10:30:49","modified_gmt":"2025-07-14T08:30:49","slug":"powerpads-1710","status":"publish","type":"product","link":"https:\/\/hpx.eu\/cs\/product\/powerpads-1710\/","title":{"rendered":"POWERPADS <span class=\"productNr\">1710<\/span>"},"content":{"rendered":"<p><iframe loading=\"lazy\" title=\"HPX Powerpads - Install a smoke alarm without drilling!\" width=\"720\" height=\"405\" src=\"https:\/\/www.youtube.com\/embed\/MXRCAIoNjR4?feature=oembed\" frameborder=\"0\" allow=\"accelerometer; autoplay; clipboard-write; encrypted-media; gyroscope; picture-in-picture; web-share\" referrerpolicy=\"strict-origin-when-cross-origin\" allowfullscreen><\/iframe><\/p>\n","protected":false},"excerpt":{"rendered":"<ul class=\"product_UPS\">\n<li>Velmi siln\u00e9 oboustrann\u00e9 mont\u00e1\u017en\u00ed podlo\u017eky pro vnit\u0159n\u00ed I venkovn\u00ed pou\u017eit\u00ed, vhodn\u00e9 pro hladk\u00e9, hrub\u00e9 a por\u00e9zn\u00ed povrchy<\/li>\n<li>Mont\u00e1\u017e bez h\u0159eb\u00edk\u016f a \u0161roub\u016f<\/li>\n<li>S vyztu\u017eenou l\u00e1tkou<\/li>\n<li>Perfektn\u00ed pro rychlou a snadnou mont\u00e1\u017e podstavc\u016f, po\u0161tovn\u00edch schr\u00e1nek, listov\u00e9ho materi\u00e1lu, dla\u017edic, apod.<\/li>\n<li>Vhodn\u00fd tak\u00e9 pro dekorativn\u00ed ozdoby a dekorativn\u00ed r\u00e1my z polyuretanu a polystyr\u00e9nov\u00e9 p\u011bny<\/li>\n<li><\/li>\n<li><\/li>\n<li><\/li>\n<li><\/li>\n<li><\/li>\n<\/ul>\n<table class=\"product_table\">\n<thead>\n<tr>\n<th>Zbo\u017e\u00ed \u010d.<\/th>\n<th>\u0160\u00ed\u0159ka<\/th>\n<th>D\u00e9lka<\/th>\n<th>Barva<\/th>\n<th>Balen\u00ed<\/th>\n<th>K\u00f3d EAN<\/th>\n<\/tr>\n<\/thead>\n<tbody>\n<tr>\n<td>PA2040<\/td>\n<td>20 mm<\/td>\n<td>40 mm<\/td>\n<td>polopr\u016fhledn\u00e1<\/td>\n<td>20<\/td>\n<td>5407004560755<\/td>\n<\/tr>\n<tr>\n<td><\/td>\n<td><\/td>\n<td><\/td>\n<td><\/td>\n<td><\/td>\n<td><\/td>\n<\/tr>\n<tr>\n<td><\/td>\n<td><\/td>\n<td><\/td>\n<td><\/td>\n<td><\/td>\n<td><\/td>\n<\/tr>\n<tr>\n<td><\/td>\n<td><\/td>\n<td><\/td>\n<td><\/td>\n<td><\/td>\n<td><\/td>\n<\/tr>\n<tr>\n<td><\/td>\n<td><\/td>\n<td><\/td>\n<td><\/td>\n<td><\/td>\n<td><\/td>\n<\/tr>\n<tr>\n<td><\/td>\n<td><\/td>\n<td><\/td>\n<td><\/td>\n<td><\/td>\n<td><\/td>\n<\/tr>\n<tr>\n<td><\/td>\n<td><\/td>\n<td><\/td>\n<td><\/td>\n<td><\/td>\n<td><\/td>\n<\/tr>\n<tr>\n<td><\/td>\n<td><\/td>\n<td><\/td>\n<td><\/td>\n<td><\/td>\n<td><\/td>\n<\/tr>\n<tr>\n<td><\/td>\n<td><\/td>\n<td><\/td>\n<td><\/td>\n<td><\/td>\n<td><\/td>\n<\/tr>\n<tr>\n<td><\/td>\n<td><\/td>\n<td><\/td>\n<td><\/td>\n<td><\/td>\n<td><\/td>\n<\/tr>\n<tr>\n<td><\/td>\n<td><\/td>\n<td><\/td>\n<td><\/td>\n<td><\/td>\n<td><\/td>\n<\/tr>\n<tr>\n<td><\/td>\n<td><\/td>\n<td><\/td>\n<td><\/td>\n<td><\/td>\n<td><\/td>\n<\/tr>\n<tr>\n<td><\/td>\n<td><\/td>\n<td><\/td>\n<td><\/td>\n<td><\/td>\n<td><\/td>\n<\/tr>\n<tr>\n<td><\/td>\n<td><\/td>\n<td><\/td>\n<td><\/td>\n<td><\/td>\n<td><\/td>\n<\/tr>\n<tr>\n<td><\/td>\n<td><\/td>\n<td><\/td>\n<td><\/td>\n<td><\/td>\n<td><\/td>\n<\/tr>\n<tr>\n<td><\/td>\n<td><\/td>\n<td><\/td>\n<td><\/td>\n<td><\/td>\n<td><\/td>\n<\/tr>\n<tr>\n<td><\/td>\n<td><\/td>\n<td><\/td>\n<td><\/td>\n<td><\/td>\n<td><\/td>\n<\/tr>\n<tr>\n<td><\/td>\n<td><\/td>\n<td><\/td>\n<td><\/td>\n<td><\/td>\n<td><\/td>\n<\/tr>\n<\/tbody>\n<\/table>\n<div class=\"product_characteristics\">\n<p><b>Lepiv\u00e1 vrstva: <\/b><span>syntetick\u00e1 pry\u017e<\/span><\/p>\n<p><b>Podkladov\u00fd materi\u00e1l: <\/b><span>polyester film<\/span><\/p>\n<p><b>Teplotn\u011b stabiln\u00ed do: <\/b><span>75\u00b0C<\/span><\/p>\n<p><b>Pevnost v tahu: <\/b><span><\/span><\/p>\n<p><b>Lepivost: <\/b><span>55 N\/25 mm<\/span><\/p>\n<p><b>Pevnost ve smyku: <\/b><span><\/span><\/p>\n<p><b>Tlou\u0161\u0165ka: <\/b><span>0,80 mm<\/span><\/p>\n<p><b>Pr\u016frazn\u00e9 nap\u011bt\u00ed: <\/b><span><\/span><\/p>\n<\/p><\/div>\n<p>  <a href=\"https:\/\/drive.google.com\/uc?id=1JG4hSomfwptISXzUG5-aMkCLLvm3vkVE&#038;export=download\" class=\"btnHPX\" target=\"_blank\"><i class=\"fa fa-download\" aria-hidden=\"true\"><\/i>St\u00e1hnout technick\u00fd list (EN)<\/a><\/p>\n","protected":false},"featured_media":96191,"comment_status":"closed","ping_status":"closed","template":"","meta":{"_exactmetrics_skip_tracking":false,"_exactmetrics_sitenote_active":false,"_exactmetrics_sitenote_note":"","_exactmetrics_sitenote_category":0,"_monsterinsights_skip_tracking":false,"_monsterinsights_sitenote_active":false,"_monsterinsights_sitenote_note":"","_monsterinsights_sitenote_category":0,"_themeisle_gutenberg_block_has_review":false},"product_brand":[],"product_cat":[1031],"product_tag":[],"class_list":{"0":"post-174677","1":"product","2":"type-product","3":"status-publish","4":"has-post-thumbnail","6":"product_cat-pasky-v-blistru","7":"post","8":"post-with-thumbnail","9":"post-with-thumbnail-large","11":"first","12":"instock","13":"product-type-simple"},"yoast_head":"<!-- This site is optimized with the Yoast SEO plugin v27.3 - https:\/\/yoast.com\/product\/yoast-seo-wordpress\/ -->\n<title>POWERPADS | HPX<\/title>\n<meta name=\"description\" content=\"Velmi siln\u00e9 oboustrann\u00e9 mont\u00e1\u017en\u00ed podlo\u017eky pro vnit\u0159n\u00ed I venkovn\u00ed pou\u017eit\u00ed, vhodn\u00e9 pro hladk\u00e9, hrub\u00e9 a por\u00e9zn\u00ed povrchy | P\u00e1sky v blistru | POWERPADS | HPX\" \/>\n<meta name=\"robots\" content=\"index, follow, max-snippet:-1, max-image-preview:large, max-video-preview:-1\" \/>\n<link rel=\"canonical\" href=\"https:\/\/hpx.eu\/cs\/product\/powerpads-1710\/\" \/>\n<meta property=\"og:locale\" content=\"cs_CZ\" \/>\n<meta property=\"og:type\" content=\"article\" \/>\n<meta property=\"og:title\" content=\"POWERPADS | HPX\" \/>\n<meta property=\"og:description\" content=\"Velmi siln\u00e9 oboustrann\u00e9 mont\u00e1\u017en\u00ed podlo\u017eky pro vnit\u0159n\u00ed I venkovn\u00ed pou\u017eit\u00ed, vhodn\u00e9 pro hladk\u00e9, hrub\u00e9 a por\u00e9zn\u00ed povrchy | P\u00e1sky v blistru | POWERPADS | HPX\" \/>\n<meta property=\"og:url\" content=\"https:\/\/hpx.eu\/cs\/product\/powerpads-1710\/\" \/>\n<meta property=\"og:site_name\" content=\"HPX\" \/>\n<meta property=\"article:publisher\" content=\"https:\/\/www.facebook.com\/HPXtape\/\" \/>\n<meta property=\"article:modified_time\" content=\"2025-07-14T08:30:49+00:00\" \/>\n<meta property=\"og:image\" content=\"https:\/\/hpx.eu\/wp-content\/uploads\/2018\/05\/PA2040-Powerpads-Double_sided_adhesive_pads-10_pcs-20mm_x_40mm-5407004560755.jpg\" \/>\n\t<meta property=\"og:image:width\" content=\"800\" \/>\n\t<meta property=\"og:image:height\" content=\"800\" \/>\n\t<meta property=\"og:image:type\" content=\"image\/jpeg\" \/>\n<meta name=\"twitter:card\" content=\"summary_large_image\" \/>\n<script type=\"application\/ld+json\" class=\"yoast-schema-graph\">{\"@context\":\"https:\\\/\\\/schema.org\",\"@graph\":[{\"@type\":\"WebPage\",\"@id\":\"https:\\\/\\\/hpx.eu\\\/cs\\\/product\\\/powerpads-1710\\\/\",\"url\":\"https:\\\/\\\/hpx.eu\\\/cs\\\/product\\\/powerpads-1710\\\/\",\"name\":\"POWERPADS | HPX\",\"isPartOf\":{\"@id\":\"http:\\\/\\\/hpx.eu\\\/cs\\\/#website\"},\"primaryImageOfPage\":{\"@id\":\"https:\\\/\\\/hpx.eu\\\/cs\\\/product\\\/powerpads-1710\\\/#primaryimage\"},\"image\":{\"@id\":\"https:\\\/\\\/hpx.eu\\\/cs\\\/product\\\/powerpads-1710\\\/#primaryimage\"},\"thumbnailUrl\":\"https:\\\/\\\/hpx.eu\\\/wp-content\\\/uploads\\\/2020\\\/04\\\/PA2040-Powerpads-Double_sided_adhesive_pads-10_pcs-20mm_x_40mm-5407004560755-HPX.jpg\",\"datePublished\":\"2025-07-14T08:17:26+00:00\",\"dateModified\":\"2025-07-14T08:30:49+00:00\",\"description\":\"Velmi siln\u00e9 oboustrann\u00e9 mont\u00e1\u017en\u00ed podlo\u017eky pro vnit\u0159n\u00ed I venkovn\u00ed pou\u017eit\u00ed, vhodn\u00e9 pro hladk\u00e9, hrub\u00e9 a por\u00e9zn\u00ed povrchy | P\u00e1sky v blistru | POWERPADS | HPX\",\"breadcrumb\":{\"@id\":\"https:\\\/\\\/hpx.eu\\\/cs\\\/product\\\/powerpads-1710\\\/#breadcrumb\"},\"inLanguage\":\"cs\",\"potentialAction\":[{\"@type\":\"ReadAction\",\"target\":[\"https:\\\/\\\/hpx.eu\\\/cs\\\/product\\\/powerpads-1710\\\/\"]}]},{\"@type\":\"ImageObject\",\"inLanguage\":\"cs\",\"@id\":\"https:\\\/\\\/hpx.eu\\\/cs\\\/product\\\/powerpads-1710\\\/#primaryimage\",\"url\":\"https:\\\/\\\/hpx.eu\\\/wp-content\\\/uploads\\\/2020\\\/04\\\/PA2040-Powerpads-Double_sided_adhesive_pads-10_pcs-20mm_x_40mm-5407004560755-HPX.jpg\",\"contentUrl\":\"https:\\\/\\\/hpx.eu\\\/wp-content\\\/uploads\\\/2020\\\/04\\\/PA2040-Powerpads-Double_sided_adhesive_pads-10_pcs-20mm_x_40mm-5407004560755-HPX.jpg\",\"width\":800,\"height\":800,\"caption\":\"POWERPADS | HPX\"},{\"@type\":\"BreadcrumbList\",\"@id\":\"https:\\\/\\\/hpx.eu\\\/cs\\\/product\\\/powerpads-1710\\\/#breadcrumb\",\"itemListElement\":[{\"@type\":\"ListItem\",\"position\":1,\"name\":\"Startseite\",\"item\":\"http:\\\/\\\/hpx.eu\\\/cs\\\/\"},{\"@type\":\"ListItem\",\"position\":2,\"name\":\"V\u00fdrobky\",\"item\":\"http:\\\/\\\/hpx.eu\\\/cs\\\/vyrobky\\\/\"},{\"@type\":\"ListItem\",\"position\":3,\"name\":\"POWERPADS 1710\"}]},{\"@type\":\"WebSite\",\"@id\":\"http:\\\/\\\/hpx.eu\\\/cs\\\/#website\",\"url\":\"http:\\\/\\\/hpx.eu\\\/cs\\\/\",\"name\":\"HPX\",\"description\":\"Tough Job, Tougher Tape\",\"publisher\":{\"@id\":\"http:\\\/\\\/hpx.eu\\\/cs\\\/#organization\"},\"potentialAction\":[{\"@type\":\"SearchAction\",\"target\":{\"@type\":\"EntryPoint\",\"urlTemplate\":\"http:\\\/\\\/hpx.eu\\\/cs\\\/?s={search_term_string}\"},\"query-input\":{\"@type\":\"PropertyValueSpecification\",\"valueRequired\":true,\"valueName\":\"search_term_string\"}}],\"inLanguage\":\"cs\"},{\"@type\":\"Organization\",\"@id\":\"http:\\\/\\\/hpx.eu\\\/cs\\\/#organization\",\"name\":\"Option Tape Specialties\",\"url\":\"http:\\\/\\\/hpx.eu\\\/cs\\\/\",\"logo\":{\"@type\":\"ImageObject\",\"inLanguage\":\"cs\",\"@id\":\"http:\\\/\\\/hpx.eu\\\/cs\\\/#\\\/schema\\\/logo\\\/image\\\/\",\"url\":\"\",\"contentUrl\":\"\",\"caption\":\"Option Tape Specialties\"},\"image\":{\"@id\":\"http:\\\/\\\/hpx.eu\\\/cs\\\/#\\\/schema\\\/logo\\\/image\\\/\"},\"sameAs\":[\"https:\\\/\\\/www.facebook.com\\\/HPXtape\\\/\",\"https:\\\/\\\/www.linkedin.com\\\/company\\\/2913311\\\/\",\"https:\\\/\\\/www.youtube.com\\\/channel\\\/UCCYnFjBGfKw8SPW1hMUCVFg\"]}]}<\/script>\n<!-- \/ Yoast SEO plugin. -->","yoast_head_json":{"title":"POWERPADS | HPX","description":"Velmi siln\u00e9 oboustrann\u00e9 mont\u00e1\u017en\u00ed podlo\u017eky pro vnit\u0159n\u00ed I venkovn\u00ed pou\u017eit\u00ed, vhodn\u00e9 pro hladk\u00e9, hrub\u00e9 a por\u00e9zn\u00ed povrchy | P\u00e1sky v blistru | POWERPADS | HPX","robots":{"index":"index","follow":"follow","max-snippet":"max-snippet:-1","max-image-preview":"max-image-preview:large","max-video-preview":"max-video-preview:-1"},"canonical":"https:\/\/hpx.eu\/cs\/product\/powerpads-1710\/","og_locale":"cs_CZ","og_type":"article","og_title":"POWERPADS | HPX","og_description":"Velmi siln\u00e9 oboustrann\u00e9 mont\u00e1\u017en\u00ed podlo\u017eky pro vnit\u0159n\u00ed I venkovn\u00ed pou\u017eit\u00ed, vhodn\u00e9 pro hladk\u00e9, hrub\u00e9 a por\u00e9zn\u00ed povrchy | P\u00e1sky v blistru | POWERPADS | HPX","og_url":"https:\/\/hpx.eu\/cs\/product\/powerpads-1710\/","og_site_name":"HPX","article_publisher":"https:\/\/www.facebook.com\/HPXtape\/","article_modified_time":"2025-07-14T08:30:49+00:00","og_image":[{"width":800,"height":800,"url":"https:\/\/hpx.eu\/wp-content\/uploads\/2018\/05\/PA2040-Powerpads-Double_sided_adhesive_pads-10_pcs-20mm_x_40mm-5407004560755.jpg","type":"image\/jpeg"}],"twitter_card":"summary_large_image","schema":{"@context":"https:\/\/schema.org","@graph":[{"@type":"WebPage","@id":"https:\/\/hpx.eu\/cs\/product\/powerpads-1710\/","url":"https:\/\/hpx.eu\/cs\/product\/powerpads-1710\/","name":"POWERPADS | HPX","isPartOf":{"@id":"https:\/\/hpx.eu\/cs\/#website"},"primaryImageOfPage":{"@id":"https:\/\/hpx.eu\/cs\/product\/powerpads-1710\/#primaryimage"},"image":{"@id":"https:\/\/hpx.eu\/cs\/product\/powerpads-1710\/#primaryimage"},"thumbnailUrl":"https:\/\/hpx.eu\/wp-content\/uploads\/2020\/04\/PA2040-Powerpads-Double_sided_adhesive_pads-10_pcs-20mm_x_40mm-5407004560755-HPX.jpg","datePublished":"2025-07-14T08:17:26+00:00","dateModified":"2025-07-14T08:30:49+00:00","description":"Velmi siln\u00e9 oboustrann\u00e9 mont\u00e1\u017en\u00ed podlo\u017eky pro vnit\u0159n\u00ed I venkovn\u00ed pou\u017eit\u00ed, vhodn\u00e9 pro hladk\u00e9, hrub\u00e9 a por\u00e9zn\u00ed povrchy | P\u00e1sky v blistru | POWERPADS | HPX","breadcrumb":{"@id":"https:\/\/hpx.eu\/cs\/product\/powerpads-1710\/#breadcrumb"},"inLanguage":"cs","potentialAction":[{"@type":"ReadAction","target":["https:\/\/hpx.eu\/cs\/product\/powerpads-1710\/"]}]},{"@type":"ImageObject","inLanguage":"cs","@id":"https:\/\/hpx.eu\/cs\/product\/powerpads-1710\/#primaryimage","url":"https:\/\/hpx.eu\/wp-content\/uploads\/2020\/04\/PA2040-Powerpads-Double_sided_adhesive_pads-10_pcs-20mm_x_40mm-5407004560755-HPX.jpg","contentUrl":"https:\/\/hpx.eu\/wp-content\/uploads\/2020\/04\/PA2040-Powerpads-Double_sided_adhesive_pads-10_pcs-20mm_x_40mm-5407004560755-HPX.jpg","width":800,"height":800,"caption":"POWERPADS | HPX"},{"@type":"BreadcrumbList","@id":"https:\/\/hpx.eu\/cs\/product\/powerpads-1710\/#breadcrumb","itemListElement":[{"@type":"ListItem","position":1,"name":"Startseite","item":"https:\/\/hpx.eu\/cs\/"},{"@type":"ListItem","position":2,"name":"V\u00fdrobky","item":"https:\/\/hpx.eu\/cs\/vyrobky\/"},{"@type":"ListItem","position":3,"name":"POWERPADS 1710"}]},{"@type":"WebSite","@id":"https:\/\/hpx.eu\/cs\/#website","url":"https:\/\/hpx.eu\/cs\/","name":"HPX","description":"Tough Job, Tougher Tape","publisher":{"@id":"https:\/\/hpx.eu\/cs\/#organization"},"potentialAction":[{"@type":"SearchAction","target":{"@type":"EntryPoint","urlTemplate":"https:\/\/hpx.eu\/cs\/?s={search_term_string}"},"query-input":{"@type":"PropertyValueSpecification","valueRequired":true,"valueName":"search_term_string"}}],"inLanguage":"cs"},{"@type":"Organization","@id":"https:\/\/hpx.eu\/cs\/#organization","name":"Option Tape Specialties","url":"https:\/\/hpx.eu\/cs\/","logo":{"@type":"ImageObject","inLanguage":"cs","@id":"https:\/\/hpx.eu\/cs\/#\/schema\/logo\/image\/","url":"","contentUrl":"","caption":"Option Tape Specialties"},"image":{"@id":"https:\/\/hpx.eu\/cs\/#\/schema\/logo\/image\/"},"sameAs":["https:\/\/www.facebook.com\/HPXtape\/","https:\/\/www.linkedin.com\/company\/2913311\/","https:\/\/www.youtube.com\/channel\/UCCYnFjBGfKw8SPW1hMUCVFg"]}]}},"_links":{"self":[{"href":"https:\/\/hpx.eu\/cs\/wp-json\/wp\/v2\/product\/174677","targetHints":{"allow":["GET"]}}],"collection":[{"href":"https:\/\/hpx.eu\/cs\/wp-json\/wp\/v2\/product"}],"about":[{"href":"https:\/\/hpx.eu\/cs\/wp-json\/wp\/v2\/types\/product"}],"replies":[{"embeddable":true,"href":"https:\/\/hpx.eu\/cs\/wp-json\/wp\/v2\/comments?post=174677"}],"wp:featuredmedia":[{"embeddable":true,"href":"https:\/\/hpx.eu\/cs\/wp-json\/wp\/v2\/media\/96191"}],"wp:attachment":[{"href":"https:\/\/hpx.eu\/cs\/wp-json\/wp\/v2\/media?parent=174677"}],"wp:term":[{"taxonomy":"product_brand","embeddable":true,"href":"https:\/\/hpx.eu\/cs\/wp-json\/wp\/v2\/product_brand?post=174677"},{"taxonomy":"product_cat","embeddable":true,"href":"https:\/\/hpx.eu\/cs\/wp-json\/wp\/v2\/product_cat?post=174677"},{"taxonomy":"product_tag","embeddable":true,"href":"https:\/\/hpx.eu\/cs\/wp-json\/wp\/v2\/product_tag?post=174677"}],"curies":[{"name":"wp","href":"https:\/\/api.w.org\/{rel}","templated":true}]}}