{"id":174623,"date":"2025-07-14T10:16:24","date_gmt":"2025-07-14T08:16:24","guid":{"rendered":"https:\/\/hpx.eu\/product\/cable-protection-tape-52800\/"},"modified":"2025-07-14T10:29:16","modified_gmt":"2025-07-14T08:29:16","slug":"cable-protection-tape-52800","status":"publish","type":"product","link":"https:\/\/hpx.eu\/cs\/product\/cable-protection-tape-52800\/","title":{"rendered":"CABLE PROTECTION TAPE <span class=\"productNr\">52800<\/span>"},"content":{"rendered":"<p>&nbsp;<\/p>\n","protected":false},"excerpt":{"rendered":"<ul class=\"product_UPS\">\n<li>Samolepic\u00ed textiln\u00ed p\u00e1ska<\/li>\n<li>Vhodn\u00e1 ke svazkov\u00e1n\u00ed a ochran\u011b kabel\u016f, nap\u0159.: v automobilech,<br \/>\naudiotechnice atd.<\/li>\n<li>Zvukov\u011b izoluj\u00edc\u00ed<\/li>\n<li>Certifikace OEM<\/li>\n<li><\/li>\n<li><\/li>\n<li><\/li>\n<li><\/li>\n<li><\/li>\n<li><\/li>\n<\/ul>\n<table class=\"product_table\">\n<thead>\n<tr>\n<th>Zbo\u017e\u00ed \u010d.<\/th>\n<th>\u0160\u00ed\u0159ka<\/th>\n<th>D\u00e9lka<\/th>\n<th>Barva<\/th>\n<th>Balen\u00ed<\/th>\n<th>K\u00f3d EAN<\/th>\n<\/tr>\n<\/thead>\n<tbody>\n<tr>\n<td>TP1900<\/td>\n<td>5 x 19 mm<\/td>\n<td>10 m<\/td>\n<td>\u010dern\u00e1<\/td>\n<td>10<\/td>\n<td>5407004561264<\/td>\n<\/tr>\n<tr>\n<td>TP1925<\/td>\n<td>19 mm<\/td>\n<td>25 m<\/td>\n<td>\u010dern\u00e1<\/td>\n<td>20<\/td>\n<td>5425014221732<\/td>\n<\/tr>\n<tr>\n<td><\/td>\n<td><\/td>\n<td><\/td>\n<td><\/td>\n<td><\/td>\n<td><\/td>\n<\/tr>\n<tr>\n<td><\/td>\n<td><\/td>\n<td><\/td>\n<td><\/td>\n<td><\/td>\n<td><\/td>\n<\/tr>\n<tr>\n<td><\/td>\n<td><\/td>\n<td><\/td>\n<td><\/td>\n<td><\/td>\n<td><\/td>\n<\/tr>\n<tr>\n<td><\/td>\n<td><\/td>\n<td><\/td>\n<td><\/td>\n<td><\/td>\n<td><\/td>\n<\/tr>\n<tr>\n<td><\/td>\n<td><\/td>\n<td><\/td>\n<td><\/td>\n<td><\/td>\n<td><\/td>\n<\/tr>\n<tr>\n<td><\/td>\n<td><\/td>\n<td><\/td>\n<td><\/td>\n<td><\/td>\n<td><\/td>\n<\/tr>\n<tr>\n<td><\/td>\n<td><\/td>\n<td><\/td>\n<td><\/td>\n<td><\/td>\n<td><\/td>\n<\/tr>\n<tr>\n<td><\/td>\n<td><\/td>\n<td><\/td>\n<td><\/td>\n<td><\/td>\n<td><\/td>\n<\/tr>\n<tr>\n<td><\/td>\n<td><\/td>\n<td><\/td>\n<td><\/td>\n<td><\/td>\n<td><\/td>\n<\/tr>\n<tr>\n<td><\/td>\n<td><\/td>\n<td><\/td>\n<td><\/td>\n<td><\/td>\n<td><\/td>\n<\/tr>\n<tr>\n<td><\/td>\n<td><\/td>\n<td><\/td>\n<td><\/td>\n<td><\/td>\n<td><\/td>\n<\/tr>\n<tr>\n<td><\/td>\n<td><\/td>\n<td><\/td>\n<td><\/td>\n<td><\/td>\n<td><\/td>\n<\/tr>\n<tr>\n<td><\/td>\n<td><\/td>\n<td><\/td>\n<td><\/td>\n<td><\/td>\n<td><\/td>\n<\/tr>\n<tr>\n<td><\/td>\n<td><\/td>\n<td><\/td>\n<td><\/td>\n<td><\/td>\n<td><\/td>\n<\/tr>\n<tr>\n<td><\/td>\n<td><\/td>\n<td><\/td>\n<td><\/td>\n<td><\/td>\n<td><\/td>\n<\/tr>\n<tr>\n<td><\/td>\n<td><\/td>\n<td><\/td>\n<td><\/td>\n<td><\/td>\n<td><\/td>\n<\/tr>\n<\/tbody>\n<\/table>\n<div class=\"product_characteristics\">\n<p><b>Lepiv\u00e1 vrstva: <\/b><span>syntetick\u00e1 pry\u017e<\/span><\/p>\n<p><b>Podkladov\u00fd materi\u00e1l: <\/b><span>polyester<\/span><\/p>\n<p><b>Teplotn\u011b stabiln\u00ed do: <\/b><span>105\u00b0C<\/span><\/p>\n<p><b>Pevnost v tahu: <\/b><span>80 N\/25 mm<\/span><\/p>\n<p><b>Lepivost: <\/b><span>6,5 N\/25 mm<\/span><\/p>\n<p><b>Pevnost ve smyku: <\/b><span><\/span><\/p>\n<p><b>Tlou\u0161\u0165ka: <\/b><span>0,30 mm<\/span><\/p>\n<p><b>Pr\u016frazn\u00e9 nap\u011bt\u00ed: <\/b><span><\/span><\/p>\n<\/p><\/div>\n<p>  <a href=\"https:\/\/drive.google.com\/uc?id=1lkikNLVtuj_IwnVxjlhhjjASHDXMJOpL&#038;export=download\" class=\"btnHPX\" target=\"_blank\"><i class=\"fa fa-download\" aria-hidden=\"true\"><\/i>St\u00e1hnout technick\u00fd list (EN)<\/a><\/p>\n","protected":false},"featured_media":97531,"comment_status":"closed","ping_status":"closed","template":"","meta":{"_exactmetrics_skip_tracking":false,"_exactmetrics_sitenote_active":false,"_exactmetrics_sitenote_note":"","_exactmetrics_sitenote_category":0,"_monsterinsights_skip_tracking":false,"_monsterinsights_sitenote_active":false,"_monsterinsights_sitenote_note":"","_monsterinsights_sitenote_category":0,"_themeisle_gutenberg_block_has_review":false},"product_brand":[],"product_cat":[1049],"product_tag":[],"class_list":{"0":"post-174623","1":"product","2":"type-product","3":"status-publish","4":"has-post-thumbnail","6":"product_cat-izolacni-pasky","7":"post","8":"post-with-thumbnail","9":"post-with-thumbnail-large","11":"first","12":"instock","13":"product-type-simple"},"yoast_head":"<!-- This site is optimized with the Yoast SEO plugin v27.3 - https:\/\/yoast.com\/product\/yoast-seo-wordpress\/ -->\n<title>CABLE PROTECTION TAPE | HPX<\/title>\n<meta name=\"description\" content=\"Samolepic\u00ed textiln\u00ed p\u00e1ska | Izola\u010dn\u00ed p\u00e1sky | CABLE PROTECTION TAPE | HPX\" \/>\n<meta name=\"robots\" content=\"index, follow, max-snippet:-1, max-image-preview:large, max-video-preview:-1\" \/>\n<link rel=\"canonical\" href=\"https:\/\/hpx.eu\/cs\/product\/cable-protection-tape-52800\/\" \/>\n<meta property=\"og:locale\" content=\"cs_CZ\" \/>\n<meta property=\"og:type\" content=\"article\" \/>\n<meta property=\"og:title\" content=\"CABLE PROTECTION TAPE | HPX\" \/>\n<meta property=\"og:description\" content=\"Samolepic\u00ed textiln\u00ed p\u00e1ska | Izola\u010dn\u00ed p\u00e1sky | CABLE PROTECTION TAPE | HPX\" \/>\n<meta property=\"og:url\" content=\"https:\/\/hpx.eu\/cs\/product\/cable-protection-tape-52800\/\" \/>\n<meta property=\"og:site_name\" content=\"HPX\" \/>\n<meta property=\"article:publisher\" content=\"https:\/\/www.facebook.com\/HPXtape\/\" \/>\n<meta property=\"article:modified_time\" content=\"2025-07-14T08:29:16+00:00\" \/>\n<meta property=\"og:image\" content=\"https:\/\/hpx.eu\/wp-content\/uploads\/2018\/05\/TP1925-Cable_protection_tape-black-19mm_x_25m-5425014221732.jpg\" \/>\n\t<meta property=\"og:image:width\" content=\"800\" \/>\n\t<meta property=\"og:image:height\" content=\"800\" \/>\n\t<meta property=\"og:image:type\" content=\"image\/jpeg\" \/>\n<meta name=\"twitter:card\" content=\"summary_large_image\" \/>\n<script type=\"application\/ld+json\" class=\"yoast-schema-graph\">{\"@context\":\"https:\\\/\\\/schema.org\",\"@graph\":[{\"@type\":\"WebPage\",\"@id\":\"https:\\\/\\\/hpx.eu\\\/cs\\\/product\\\/cable-protection-tape-52800\\\/\",\"url\":\"https:\\\/\\\/hpx.eu\\\/cs\\\/product\\\/cable-protection-tape-52800\\\/\",\"name\":\"CABLE PROTECTION TAPE | HPX\",\"isPartOf\":{\"@id\":\"http:\\\/\\\/hpx.eu\\\/cs\\\/#website\"},\"primaryImageOfPage\":{\"@id\":\"https:\\\/\\\/hpx.eu\\\/cs\\\/product\\\/cable-protection-tape-52800\\\/#primaryimage\"},\"image\":{\"@id\":\"https:\\\/\\\/hpx.eu\\\/cs\\\/product\\\/cable-protection-tape-52800\\\/#primaryimage\"},\"thumbnailUrl\":\"https:\\\/\\\/hpx.eu\\\/wp-content\\\/uploads\\\/2020\\\/04\\\/TP1925-Cable_protection_tape-black-19mm_x_25m-5425014221732-HPX.jpg\",\"datePublished\":\"2025-07-14T08:16:24+00:00\",\"dateModified\":\"2025-07-14T08:29:16+00:00\",\"description\":\"Samolepic\u00ed textiln\u00ed p\u00e1ska | Izola\u010dn\u00ed p\u00e1sky | CABLE PROTECTION TAPE | HPX\",\"breadcrumb\":{\"@id\":\"https:\\\/\\\/hpx.eu\\\/cs\\\/product\\\/cable-protection-tape-52800\\\/#breadcrumb\"},\"inLanguage\":\"cs\",\"potentialAction\":[{\"@type\":\"ReadAction\",\"target\":[\"https:\\\/\\\/hpx.eu\\\/cs\\\/product\\\/cable-protection-tape-52800\\\/\"]}]},{\"@type\":\"ImageObject\",\"inLanguage\":\"cs\",\"@id\":\"https:\\\/\\\/hpx.eu\\\/cs\\\/product\\\/cable-protection-tape-52800\\\/#primaryimage\",\"url\":\"https:\\\/\\\/hpx.eu\\\/wp-content\\\/uploads\\\/2020\\\/04\\\/TP1925-Cable_protection_tape-black-19mm_x_25m-5425014221732-HPX.jpg\",\"contentUrl\":\"https:\\\/\\\/hpx.eu\\\/wp-content\\\/uploads\\\/2020\\\/04\\\/TP1925-Cable_protection_tape-black-19mm_x_25m-5425014221732-HPX.jpg\",\"width\":800,\"height\":800,\"caption\":\"CABLE PROTECTION TAPE | HPX\"},{\"@type\":\"BreadcrumbList\",\"@id\":\"https:\\\/\\\/hpx.eu\\\/cs\\\/product\\\/cable-protection-tape-52800\\\/#breadcrumb\",\"itemListElement\":[{\"@type\":\"ListItem\",\"position\":1,\"name\":\"Startseite\",\"item\":\"http:\\\/\\\/hpx.eu\\\/cs\\\/\"},{\"@type\":\"ListItem\",\"position\":2,\"name\":\"V\u00fdrobky\",\"item\":\"http:\\\/\\\/hpx.eu\\\/cs\\\/vyrobky\\\/\"},{\"@type\":\"ListItem\",\"position\":3,\"name\":\"CABLE PROTECTION TAPE 52800\"}]},{\"@type\":\"WebSite\",\"@id\":\"http:\\\/\\\/hpx.eu\\\/cs\\\/#website\",\"url\":\"http:\\\/\\\/hpx.eu\\\/cs\\\/\",\"name\":\"HPX\",\"description\":\"Tough Job, Tougher Tape\",\"publisher\":{\"@id\":\"http:\\\/\\\/hpx.eu\\\/cs\\\/#organization\"},\"potentialAction\":[{\"@type\":\"SearchAction\",\"target\":{\"@type\":\"EntryPoint\",\"urlTemplate\":\"http:\\\/\\\/hpx.eu\\\/cs\\\/?s={search_term_string}\"},\"query-input\":{\"@type\":\"PropertyValueSpecification\",\"valueRequired\":true,\"valueName\":\"search_term_string\"}}],\"inLanguage\":\"cs\"},{\"@type\":\"Organization\",\"@id\":\"http:\\\/\\\/hpx.eu\\\/cs\\\/#organization\",\"name\":\"Option Tape Specialties\",\"url\":\"http:\\\/\\\/hpx.eu\\\/cs\\\/\",\"logo\":{\"@type\":\"ImageObject\",\"inLanguage\":\"cs\",\"@id\":\"http:\\\/\\\/hpx.eu\\\/cs\\\/#\\\/schema\\\/logo\\\/image\\\/\",\"url\":\"\",\"contentUrl\":\"\",\"caption\":\"Option Tape Specialties\"},\"image\":{\"@id\":\"http:\\\/\\\/hpx.eu\\\/cs\\\/#\\\/schema\\\/logo\\\/image\\\/\"},\"sameAs\":[\"https:\\\/\\\/www.facebook.com\\\/HPXtape\\\/\",\"https:\\\/\\\/www.linkedin.com\\\/company\\\/2913311\\\/\",\"https:\\\/\\\/www.youtube.com\\\/channel\\\/UCCYnFjBGfKw8SPW1hMUCVFg\"]}]}<\/script>\n<!-- \/ Yoast SEO plugin. -->","yoast_head_json":{"title":"CABLE PROTECTION TAPE | HPX","description":"Samolepic\u00ed textiln\u00ed p\u00e1ska | Izola\u010dn\u00ed p\u00e1sky | CABLE PROTECTION TAPE | HPX","robots":{"index":"index","follow":"follow","max-snippet":"max-snippet:-1","max-image-preview":"max-image-preview:large","max-video-preview":"max-video-preview:-1"},"canonical":"https:\/\/hpx.eu\/cs\/product\/cable-protection-tape-52800\/","og_locale":"cs_CZ","og_type":"article","og_title":"CABLE PROTECTION TAPE | HPX","og_description":"Samolepic\u00ed textiln\u00ed p\u00e1ska | Izola\u010dn\u00ed p\u00e1sky | CABLE PROTECTION TAPE | HPX","og_url":"https:\/\/hpx.eu\/cs\/product\/cable-protection-tape-52800\/","og_site_name":"HPX","article_publisher":"https:\/\/www.facebook.com\/HPXtape\/","article_modified_time":"2025-07-14T08:29:16+00:00","og_image":[{"width":800,"height":800,"url":"https:\/\/hpx.eu\/wp-content\/uploads\/2018\/05\/TP1925-Cable_protection_tape-black-19mm_x_25m-5425014221732.jpg","type":"image\/jpeg"}],"twitter_card":"summary_large_image","schema":{"@context":"https:\/\/schema.org","@graph":[{"@type":"WebPage","@id":"https:\/\/hpx.eu\/cs\/product\/cable-protection-tape-52800\/","url":"https:\/\/hpx.eu\/cs\/product\/cable-protection-tape-52800\/","name":"CABLE PROTECTION TAPE | HPX","isPartOf":{"@id":"https:\/\/hpx.eu\/cs\/#website"},"primaryImageOfPage":{"@id":"https:\/\/hpx.eu\/cs\/product\/cable-protection-tape-52800\/#primaryimage"},"image":{"@id":"https:\/\/hpx.eu\/cs\/product\/cable-protection-tape-52800\/#primaryimage"},"thumbnailUrl":"https:\/\/hpx.eu\/wp-content\/uploads\/2020\/04\/TP1925-Cable_protection_tape-black-19mm_x_25m-5425014221732-HPX.jpg","datePublished":"2025-07-14T08:16:24+00:00","dateModified":"2025-07-14T08:29:16+00:00","description":"Samolepic\u00ed textiln\u00ed p\u00e1ska | Izola\u010dn\u00ed p\u00e1sky | CABLE PROTECTION TAPE | HPX","breadcrumb":{"@id":"https:\/\/hpx.eu\/cs\/product\/cable-protection-tape-52800\/#breadcrumb"},"inLanguage":"cs","potentialAction":[{"@type":"ReadAction","target":["https:\/\/hpx.eu\/cs\/product\/cable-protection-tape-52800\/"]}]},{"@type":"ImageObject","inLanguage":"cs","@id":"https:\/\/hpx.eu\/cs\/product\/cable-protection-tape-52800\/#primaryimage","url":"https:\/\/hpx.eu\/wp-content\/uploads\/2020\/04\/TP1925-Cable_protection_tape-black-19mm_x_25m-5425014221732-HPX.jpg","contentUrl":"https:\/\/hpx.eu\/wp-content\/uploads\/2020\/04\/TP1925-Cable_protection_tape-black-19mm_x_25m-5425014221732-HPX.jpg","width":800,"height":800,"caption":"CABLE PROTECTION TAPE | HPX"},{"@type":"BreadcrumbList","@id":"https:\/\/hpx.eu\/cs\/product\/cable-protection-tape-52800\/#breadcrumb","itemListElement":[{"@type":"ListItem","position":1,"name":"Startseite","item":"https:\/\/hpx.eu\/cs\/"},{"@type":"ListItem","position":2,"name":"V\u00fdrobky","item":"https:\/\/hpx.eu\/cs\/vyrobky\/"},{"@type":"ListItem","position":3,"name":"CABLE PROTECTION TAPE 52800"}]},{"@type":"WebSite","@id":"https:\/\/hpx.eu\/cs\/#website","url":"https:\/\/hpx.eu\/cs\/","name":"HPX","description":"Tough Job, Tougher Tape","publisher":{"@id":"https:\/\/hpx.eu\/cs\/#organization"},"potentialAction":[{"@type":"SearchAction","target":{"@type":"EntryPoint","urlTemplate":"https:\/\/hpx.eu\/cs\/?s={search_term_string}"},"query-input":{"@type":"PropertyValueSpecification","valueRequired":true,"valueName":"search_term_string"}}],"inLanguage":"cs"},{"@type":"Organization","@id":"https:\/\/hpx.eu\/cs\/#organization","name":"Option Tape Specialties","url":"https:\/\/hpx.eu\/cs\/","logo":{"@type":"ImageObject","inLanguage":"cs","@id":"https:\/\/hpx.eu\/cs\/#\/schema\/logo\/image\/","url":"","contentUrl":"","caption":"Option Tape Specialties"},"image":{"@id":"https:\/\/hpx.eu\/cs\/#\/schema\/logo\/image\/"},"sameAs":["https:\/\/www.facebook.com\/HPXtape\/","https:\/\/www.linkedin.com\/company\/2913311\/","https:\/\/www.youtube.com\/channel\/UCCYnFjBGfKw8SPW1hMUCVFg"]}]}},"_links":{"self":[{"href":"https:\/\/hpx.eu\/cs\/wp-json\/wp\/v2\/product\/174623","targetHints":{"allow":["GET"]}}],"collection":[{"href":"https:\/\/hpx.eu\/cs\/wp-json\/wp\/v2\/product"}],"about":[{"href":"https:\/\/hpx.eu\/cs\/wp-json\/wp\/v2\/types\/product"}],"replies":[{"embeddable":true,"href":"https:\/\/hpx.eu\/cs\/wp-json\/wp\/v2\/comments?post=174623"}],"wp:featuredmedia":[{"embeddable":true,"href":"https:\/\/hpx.eu\/cs\/wp-json\/wp\/v2\/media\/97531"}],"wp:attachment":[{"href":"https:\/\/hpx.eu\/cs\/wp-json\/wp\/v2\/media?parent=174623"}],"wp:term":[{"taxonomy":"product_brand","embeddable":true,"href":"https:\/\/hpx.eu\/cs\/wp-json\/wp\/v2\/product_brand?post=174623"},{"taxonomy":"product_cat","embeddable":true,"href":"https:\/\/hpx.eu\/cs\/wp-json\/wp\/v2\/product_cat?post=174623"},{"taxonomy":"product_tag","embeddable":true,"href":"https:\/\/hpx.eu\/cs\/wp-json\/wp\/v2\/product_tag?post=174623"}],"curies":[{"name":"wp","href":"https:\/\/api.w.org\/{rel}","templated":true}]}}