{"id":174583,"date":"2025-07-14T10:15:38","date_gmt":"2025-07-14T08:15:38","guid":{"rendered":"https:\/\/hpx.eu\/product\/insulation-tape-52300-52300\/"},"modified":"2025-07-14T10:28:52","modified_gmt":"2025-07-14T08:28:52","slug":"insulation-tape-52300-52300","status":"publish","type":"product","link":"https:\/\/hpx.eu\/cs\/product\/insulation-tape-52300-52300\/","title":{"rendered":"INSULATION TAPE 52300 <span class=\"productNr\">52300<\/span>"},"content":{"rendered":"<p>&nbsp;<\/p>\n","protected":false},"excerpt":{"rendered":"<ul class=\"product_UPS\">\n<li>PVC izola\u010dn\u00ed p\u00e1ska, univerz\u00e1ln\u00ed pou\u017eit\u00ed<\/li>\n<li>Vhodn\u00e1 jak pro elektrick\u00e9 izolace, tak i pro r\u016fzn\u00e1 jin\u00e1 pou\u017eit\u00ed<\/li>\n<li><\/li>\n<li><\/li>\n<li><\/li>\n<li><\/li>\n<li><\/li>\n<li><\/li>\n<li><\/li>\n<li><\/li>\n<\/ul>\n<table class=\"product_table\">\n<thead>\n<tr>\n<th>Zbo\u017e\u00ed \u010d.<\/th>\n<th>\u0160\u00ed\u0159ka<\/th>\n<th>D\u00e9lka<\/th>\n<th>Barva<\/th>\n<th>Balen\u00ed<\/th>\n<th>K\u00f3d EAN<\/th>\n<\/tr>\n<\/thead>\n<tbody>\n<tr>\n<td>IB5020<\/td>\n<td>50 mm<\/td>\n<td>20 m<\/td>\n<td>\u010dern\u00e1<\/td>\n<td>100<\/td>\n<td>5425014224832<\/td>\n<\/tr>\n<tr>\n<td>IG5020<\/td>\n<td>50 mm<\/td>\n<td>20 m<\/td>\n<td>\u0161ed\u00e1<\/td>\n<td>100<\/td>\n<td>5425014224856<\/td>\n<\/tr>\n<tr>\n<td>IL5020<\/td>\n<td>50 mm<\/td>\n<td>20 m<\/td>\n<td>modr\u00e1<\/td>\n<td>100<\/td>\n<td>5425014227253<\/td>\n<\/tr>\n<tr>\n<td>IR5020<\/td>\n<td>50 mm<\/td>\n<td>20 m<\/td>\n<td>\u010derven\u00e1<\/td>\n<td>100<\/td>\n<td>5425014225181<\/td>\n<\/tr>\n<tr>\n<td>IW5020<\/td>\n<td>50 mm<\/td>\n<td>20 m<\/td>\n<td>b\u00edl\u00e1<\/td>\n<td>100<\/td>\n<td>5425014224870<\/td>\n<\/tr>\n<tr>\n<td>IY5020<\/td>\n<td>50 mm<\/td>\n<td>20 m<\/td>\n<td>\u017elut\u00e1<\/td>\n<td>100<\/td>\n<td>5425014225204<\/td>\n<\/tr>\n<tr>\n<td><\/td>\n<td><\/td>\n<td><\/td>\n<td><\/td>\n<td><\/td>\n<td><\/td>\n<\/tr>\n<tr>\n<td><\/td>\n<td><\/td>\n<td><\/td>\n<td><\/td>\n<td><\/td>\n<td><\/td>\n<\/tr>\n<tr>\n<td><\/td>\n<td><\/td>\n<td><\/td>\n<td><\/td>\n<td><\/td>\n<td><\/td>\n<\/tr>\n<tr>\n<td><\/td>\n<td><\/td>\n<td><\/td>\n<td><\/td>\n<td><\/td>\n<td><\/td>\n<\/tr>\n<tr>\n<td><\/td>\n<td><\/td>\n<td><\/td>\n<td><\/td>\n<td><\/td>\n<td><\/td>\n<\/tr>\n<tr>\n<td><\/td>\n<td><\/td>\n<td><\/td>\n<td><\/td>\n<td><\/td>\n<td><\/td>\n<\/tr>\n<tr>\n<td><\/td>\n<td><\/td>\n<td><\/td>\n<td><\/td>\n<td><\/td>\n<td><\/td>\n<\/tr>\n<tr>\n<td><\/td>\n<td><\/td>\n<td><\/td>\n<td><\/td>\n<td><\/td>\n<td><\/td>\n<\/tr>\n<tr>\n<td><\/td>\n<td><\/td>\n<td><\/td>\n<td><\/td>\n<td><\/td>\n<td><\/td>\n<\/tr>\n<tr>\n<td><\/td>\n<td><\/td>\n<td><\/td>\n<td><\/td>\n<td><\/td>\n<td><\/td>\n<\/tr>\n<tr>\n<td><\/td>\n<td><\/td>\n<td><\/td>\n<td><\/td>\n<td><\/td>\n<td><\/td>\n<\/tr>\n<tr>\n<td><\/td>\n<td><\/td>\n<td><\/td>\n<td><\/td>\n<td><\/td>\n<td><\/td>\n<\/tr>\n<\/tbody>\n<\/table>\n<div class=\"product_characteristics\">\n<p><b>Lepiv\u00e1 vrstva: <\/b><span>pry\u017e<\/span><\/p>\n<p><b>Podkladov\u00fd materi\u00e1l: <\/b><span>PVC<\/span><\/p>\n<p><b>Teplotn\u011b stabiln\u00ed do: <\/b><span>80\u00b0C<\/span><\/p>\n<p><b>Pevnost v tahu: <\/b><span><\/span><\/p>\n<p><b>Lepivost: <\/b><span>4 N\/25 mm<\/span><\/p>\n<p><b>Pevnost ve smyku: <\/b><span><\/span><\/p>\n<p><b>Tlou\u0161\u0165ka: <\/b><span>0,12 mm<\/span><\/p>\n<p><b>Pr\u016frazn\u00e9 nap\u011bt\u00ed: <\/b><span>5 kV<\/span><\/p>\n<\/p><\/div>\n<p>  <a href=\"https:\/\/drive.google.com\/uc?id=1B-dfpGiopXaNPo79MPr6h5-V2KgtjFZs&#038;export=download\" class=\"btnHPX\" target=\"_blank\"><i class=\"fa fa-download\" aria-hidden=\"true\"><\/i>St\u00e1hnout technick\u00fd list (EN)<\/a><\/p>\n","protected":false},"featured_media":112011,"comment_status":"closed","ping_status":"open","template":"","meta":{"_exactmetrics_skip_tracking":false,"_exactmetrics_sitenote_active":false,"_exactmetrics_sitenote_note":"","_exactmetrics_sitenote_category":0,"_monsterinsights_skip_tracking":false,"_monsterinsights_sitenote_active":false,"_monsterinsights_sitenote_note":"","_monsterinsights_sitenote_category":0,"_themeisle_gutenberg_block_has_review":false},"product_brand":[],"product_cat":[1049],"product_tag":[],"class_list":{"0":"post-174583","1":"product","2":"type-product","3":"status-publish","4":"has-post-thumbnail","6":"product_cat-izolacni-pasky","7":"post","8":"post-with-thumbnail","9":"post-with-thumbnail-large","11":"first","12":"instock","13":"product-type-simple"},"yoast_head":"<!-- This site is optimized with the Yoast SEO plugin v27.3 - https:\/\/yoast.com\/product\/yoast-seo-wordpress\/ -->\n<title>INSULATION TAPE 52300 | HPX<\/title>\n<meta name=\"description\" content=\"PVC izola\u010dn\u00ed p\u00e1ska, univerz\u00e1ln\u00ed pou\u017eit\u00ed | Izola\u010dn\u00ed p\u00e1sky | INSULATION TAPE 52300 | HPX\" \/>\n<meta name=\"robots\" content=\"index, follow, max-snippet:-1, max-image-preview:large, max-video-preview:-1\" \/>\n<link rel=\"canonical\" href=\"https:\/\/hpx.eu\/cs\/product\/insulation-tape-52300-52300\/\" \/>\n<meta property=\"og:locale\" content=\"cs_CZ\" \/>\n<meta property=\"og:type\" content=\"article\" \/>\n<meta property=\"og:title\" content=\"INSULATION TAPE 52300 | HPX\" \/>\n<meta property=\"og:description\" content=\"PVC izola\u010dn\u00ed p\u00e1ska, univerz\u00e1ln\u00ed pou\u017eit\u00ed | Izola\u010dn\u00ed p\u00e1sky | INSULATION TAPE 52300 | HPX\" \/>\n<meta property=\"og:url\" content=\"https:\/\/hpx.eu\/cs\/product\/insulation-tape-52300-52300\/\" \/>\n<meta property=\"og:site_name\" content=\"HPX\" \/>\n<meta property=\"article:publisher\" content=\"https:\/\/www.facebook.com\/HPXtape\/\" \/>\n<meta property=\"article:modified_time\" content=\"2025-07-14T08:28:52+00:00\" \/>\n<meta property=\"og:image\" content=\"https:\/\/hpx.eu\/wp-content\/uploads\/2022\/01\/PVC_insulating_tape_52300-50mm_x_20m.jpg\" \/>\n\t<meta property=\"og:image:width\" content=\"800\" \/>\n\t<meta property=\"og:image:height\" content=\"800\" \/>\n\t<meta property=\"og:image:type\" content=\"image\/jpeg\" \/>\n<meta name=\"twitter:card\" content=\"summary_large_image\" \/>\n<script type=\"application\/ld+json\" class=\"yoast-schema-graph\">{\"@context\":\"https:\\\/\\\/schema.org\",\"@graph\":[{\"@type\":\"WebPage\",\"@id\":\"https:\\\/\\\/hpx.eu\\\/cs\\\/product\\\/insulation-tape-52300-52300\\\/\",\"url\":\"https:\\\/\\\/hpx.eu\\\/cs\\\/product\\\/insulation-tape-52300-52300\\\/\",\"name\":\"INSULATION TAPE 52300 | HPX\",\"isPartOf\":{\"@id\":\"http:\\\/\\\/hpx.eu\\\/cs\\\/#website\"},\"primaryImageOfPage\":{\"@id\":\"https:\\\/\\\/hpx.eu\\\/cs\\\/product\\\/insulation-tape-52300-52300\\\/#primaryimage\"},\"image\":{\"@id\":\"https:\\\/\\\/hpx.eu\\\/cs\\\/product\\\/insulation-tape-52300-52300\\\/#primaryimage\"},\"thumbnailUrl\":\"https:\\\/\\\/hpx.eu\\\/wp-content\\\/uploads\\\/2022\\\/01\\\/PVC_insulating_tape_52300-50mm_x_20m.jpg\",\"datePublished\":\"2025-07-14T08:15:38+00:00\",\"dateModified\":\"2025-07-14T08:28:52+00:00\",\"description\":\"PVC izola\u010dn\u00ed p\u00e1ska, univerz\u00e1ln\u00ed pou\u017eit\u00ed | Izola\u010dn\u00ed p\u00e1sky | INSULATION TAPE 52300 | HPX\",\"breadcrumb\":{\"@id\":\"https:\\\/\\\/hpx.eu\\\/cs\\\/product\\\/insulation-tape-52300-52300\\\/#breadcrumb\"},\"inLanguage\":\"cs\",\"potentialAction\":[{\"@type\":\"ReadAction\",\"target\":[\"https:\\\/\\\/hpx.eu\\\/cs\\\/product\\\/insulation-tape-52300-52300\\\/\"]}]},{\"@type\":\"ImageObject\",\"inLanguage\":\"cs\",\"@id\":\"https:\\\/\\\/hpx.eu\\\/cs\\\/product\\\/insulation-tape-52300-52300\\\/#primaryimage\",\"url\":\"https:\\\/\\\/hpx.eu\\\/wp-content\\\/uploads\\\/2022\\\/01\\\/PVC_insulating_tape_52300-50mm_x_20m.jpg\",\"contentUrl\":\"https:\\\/\\\/hpx.eu\\\/wp-content\\\/uploads\\\/2022\\\/01\\\/PVC_insulating_tape_52300-50mm_x_20m.jpg\",\"width\":800,\"height\":800,\"caption\":\"INSULATION TAPE 52300 | HPX\"},{\"@type\":\"BreadcrumbList\",\"@id\":\"https:\\\/\\\/hpx.eu\\\/cs\\\/product\\\/insulation-tape-52300-52300\\\/#breadcrumb\",\"itemListElement\":[{\"@type\":\"ListItem\",\"position\":1,\"name\":\"Startseite\",\"item\":\"http:\\\/\\\/hpx.eu\\\/cs\\\/\"},{\"@type\":\"ListItem\",\"position\":2,\"name\":\"V\u00fdrobky\",\"item\":\"http:\\\/\\\/hpx.eu\\\/cs\\\/vyrobky\\\/\"},{\"@type\":\"ListItem\",\"position\":3,\"name\":\"INSULATION TAPE 52300 52300\"}]},{\"@type\":\"WebSite\",\"@id\":\"http:\\\/\\\/hpx.eu\\\/cs\\\/#website\",\"url\":\"http:\\\/\\\/hpx.eu\\\/cs\\\/\",\"name\":\"HPX\",\"description\":\"Tough Job, Tougher Tape\",\"publisher\":{\"@id\":\"http:\\\/\\\/hpx.eu\\\/cs\\\/#organization\"},\"potentialAction\":[{\"@type\":\"SearchAction\",\"target\":{\"@type\":\"EntryPoint\",\"urlTemplate\":\"http:\\\/\\\/hpx.eu\\\/cs\\\/?s={search_term_string}\"},\"query-input\":{\"@type\":\"PropertyValueSpecification\",\"valueRequired\":true,\"valueName\":\"search_term_string\"}}],\"inLanguage\":\"cs\"},{\"@type\":\"Organization\",\"@id\":\"http:\\\/\\\/hpx.eu\\\/cs\\\/#organization\",\"name\":\"Option Tape Specialties\",\"url\":\"http:\\\/\\\/hpx.eu\\\/cs\\\/\",\"logo\":{\"@type\":\"ImageObject\",\"inLanguage\":\"cs\",\"@id\":\"http:\\\/\\\/hpx.eu\\\/cs\\\/#\\\/schema\\\/logo\\\/image\\\/\",\"url\":\"\",\"contentUrl\":\"\",\"caption\":\"Option Tape Specialties\"},\"image\":{\"@id\":\"http:\\\/\\\/hpx.eu\\\/cs\\\/#\\\/schema\\\/logo\\\/image\\\/\"},\"sameAs\":[\"https:\\\/\\\/www.facebook.com\\\/HPXtape\\\/\",\"https:\\\/\\\/www.linkedin.com\\\/company\\\/2913311\\\/\",\"https:\\\/\\\/www.youtube.com\\\/channel\\\/UCCYnFjBGfKw8SPW1hMUCVFg\"]}]}<\/script>\n<!-- \/ Yoast SEO plugin. -->","yoast_head_json":{"title":"INSULATION TAPE 52300 | HPX","description":"PVC izola\u010dn\u00ed p\u00e1ska, univerz\u00e1ln\u00ed pou\u017eit\u00ed | Izola\u010dn\u00ed p\u00e1sky | INSULATION TAPE 52300 | HPX","robots":{"index":"index","follow":"follow","max-snippet":"max-snippet:-1","max-image-preview":"max-image-preview:large","max-video-preview":"max-video-preview:-1"},"canonical":"https:\/\/hpx.eu\/cs\/product\/insulation-tape-52300-52300\/","og_locale":"cs_CZ","og_type":"article","og_title":"INSULATION TAPE 52300 | HPX","og_description":"PVC izola\u010dn\u00ed p\u00e1ska, univerz\u00e1ln\u00ed pou\u017eit\u00ed | Izola\u010dn\u00ed p\u00e1sky | INSULATION TAPE 52300 | HPX","og_url":"https:\/\/hpx.eu\/cs\/product\/insulation-tape-52300-52300\/","og_site_name":"HPX","article_publisher":"https:\/\/www.facebook.com\/HPXtape\/","article_modified_time":"2025-07-14T08:28:52+00:00","og_image":[{"width":800,"height":800,"url":"https:\/\/hpx.eu\/wp-content\/uploads\/2022\/01\/PVC_insulating_tape_52300-50mm_x_20m.jpg","type":"image\/jpeg"}],"twitter_card":"summary_large_image","schema":{"@context":"https:\/\/schema.org","@graph":[{"@type":"WebPage","@id":"https:\/\/hpx.eu\/cs\/product\/insulation-tape-52300-52300\/","url":"https:\/\/hpx.eu\/cs\/product\/insulation-tape-52300-52300\/","name":"INSULATION TAPE 52300 | HPX","isPartOf":{"@id":"https:\/\/hpx.eu\/cs\/#website"},"primaryImageOfPage":{"@id":"https:\/\/hpx.eu\/cs\/product\/insulation-tape-52300-52300\/#primaryimage"},"image":{"@id":"https:\/\/hpx.eu\/cs\/product\/insulation-tape-52300-52300\/#primaryimage"},"thumbnailUrl":"https:\/\/hpx.eu\/wp-content\/uploads\/2022\/01\/PVC_insulating_tape_52300-50mm_x_20m.jpg","datePublished":"2025-07-14T08:15:38+00:00","dateModified":"2025-07-14T08:28:52+00:00","description":"PVC izola\u010dn\u00ed p\u00e1ska, univerz\u00e1ln\u00ed pou\u017eit\u00ed | Izola\u010dn\u00ed p\u00e1sky | INSULATION TAPE 52300 | HPX","breadcrumb":{"@id":"https:\/\/hpx.eu\/cs\/product\/insulation-tape-52300-52300\/#breadcrumb"},"inLanguage":"cs","potentialAction":[{"@type":"ReadAction","target":["https:\/\/hpx.eu\/cs\/product\/insulation-tape-52300-52300\/"]}]},{"@type":"ImageObject","inLanguage":"cs","@id":"https:\/\/hpx.eu\/cs\/product\/insulation-tape-52300-52300\/#primaryimage","url":"https:\/\/hpx.eu\/wp-content\/uploads\/2022\/01\/PVC_insulating_tape_52300-50mm_x_20m.jpg","contentUrl":"https:\/\/hpx.eu\/wp-content\/uploads\/2022\/01\/PVC_insulating_tape_52300-50mm_x_20m.jpg","width":800,"height":800,"caption":"INSULATION TAPE 52300 | HPX"},{"@type":"BreadcrumbList","@id":"https:\/\/hpx.eu\/cs\/product\/insulation-tape-52300-52300\/#breadcrumb","itemListElement":[{"@type":"ListItem","position":1,"name":"Startseite","item":"https:\/\/hpx.eu\/cs\/"},{"@type":"ListItem","position":2,"name":"V\u00fdrobky","item":"https:\/\/hpx.eu\/cs\/vyrobky\/"},{"@type":"ListItem","position":3,"name":"INSULATION TAPE 52300 52300"}]},{"@type":"WebSite","@id":"https:\/\/hpx.eu\/cs\/#website","url":"https:\/\/hpx.eu\/cs\/","name":"HPX","description":"Tough Job, Tougher Tape","publisher":{"@id":"https:\/\/hpx.eu\/cs\/#organization"},"potentialAction":[{"@type":"SearchAction","target":{"@type":"EntryPoint","urlTemplate":"https:\/\/hpx.eu\/cs\/?s={search_term_string}"},"query-input":{"@type":"PropertyValueSpecification","valueRequired":true,"valueName":"search_term_string"}}],"inLanguage":"cs"},{"@type":"Organization","@id":"https:\/\/hpx.eu\/cs\/#organization","name":"Option Tape Specialties","url":"https:\/\/hpx.eu\/cs\/","logo":{"@type":"ImageObject","inLanguage":"cs","@id":"https:\/\/hpx.eu\/cs\/#\/schema\/logo\/image\/","url":"","contentUrl":"","caption":"Option Tape Specialties"},"image":{"@id":"https:\/\/hpx.eu\/cs\/#\/schema\/logo\/image\/"},"sameAs":["https:\/\/www.facebook.com\/HPXtape\/","https:\/\/www.linkedin.com\/company\/2913311\/","https:\/\/www.youtube.com\/channel\/UCCYnFjBGfKw8SPW1hMUCVFg"]}]}},"_links":{"self":[{"href":"https:\/\/hpx.eu\/cs\/wp-json\/wp\/v2\/product\/174583","targetHints":{"allow":["GET"]}}],"collection":[{"href":"https:\/\/hpx.eu\/cs\/wp-json\/wp\/v2\/product"}],"about":[{"href":"https:\/\/hpx.eu\/cs\/wp-json\/wp\/v2\/types\/product"}],"replies":[{"embeddable":true,"href":"https:\/\/hpx.eu\/cs\/wp-json\/wp\/v2\/comments?post=174583"}],"wp:featuredmedia":[{"embeddable":true,"href":"https:\/\/hpx.eu\/cs\/wp-json\/wp\/v2\/media\/112011"}],"wp:attachment":[{"href":"https:\/\/hpx.eu\/cs\/wp-json\/wp\/v2\/media?parent=174583"}],"wp:term":[{"taxonomy":"product_brand","embeddable":true,"href":"https:\/\/hpx.eu\/cs\/wp-json\/wp\/v2\/product_brand?post=174583"},{"taxonomy":"product_cat","embeddable":true,"href":"https:\/\/hpx.eu\/cs\/wp-json\/wp\/v2\/product_cat?post=174583"},{"taxonomy":"product_tag","embeddable":true,"href":"https:\/\/hpx.eu\/cs\/wp-json\/wp\/v2\/product_tag?post=174583"}],"curies":[{"name":"wp","href":"https:\/\/api.w.org\/{rel}","templated":true}]}}