{"id":174563,"date":"2025-07-14T10:14:43","date_gmt":"2025-07-14T08:14:43","guid":{"rendered":"https:\/\/hpx.eu\/product\/drywall-jointing-tape-7700\/"},"modified":"2025-07-14T10:28:26","modified_gmt":"2025-07-14T08:28:26","slug":"drywall-jointing-tape-7700","status":"publish","type":"product","link":"https:\/\/hpx.eu\/cs\/product\/drywall-jointing-tape-7700\/","title":{"rendered":"DRYWALL JOINTING TAPE <span class=\"productNr\">7700<\/span>"},"content":{"rendered":"<p>&nbsp;<\/p>\n","protected":false},"excerpt":{"rendered":"<ul class=\"product_UPS\">\n<li>Samolepic\u00ed, flexibiln\u00ed p\u00e1ska se skeln\u00fdm vl\u00e1knem odoln\u00e1 proti p\u0159etr\u017een\u00ed<\/li>\n<li>Vhodn\u00e1 ke zpev\u0148ov\u00e1n\u00ed s\u00e1drokartonov\u00fdch spoj\u016f p\u0159ed dokon\u010den\u00edm<\/li>\n<li>Vhodn\u00e1 na opravu prasklin ve zdech a stropech<\/li>\n<li>Dob\u0159e p\u0159ilne k \u010dist\u00fdm, such\u00fdm a nezapr\u00e1\u0161en\u00fdm povrch\u016fm<\/li>\n<li>Lze ji p\u0159\u00edmo om\u00edtnout a z\u00edskat tak \u010dist\u00fd a konzistentn\u00ed v\u00fdsledek<\/li>\n<li><\/li>\n<li><\/li>\n<li><\/li>\n<li><\/li>\n<li><\/li>\n<\/ul>\n<table class=\"product_table\">\n<thead>\n<tr>\n<th>Zbo\u017e\u00ed \u010d.<\/th>\n<th>\u0160\u00ed\u0159ka<\/th>\n<th>D\u00e9lka<\/th>\n<th>Barva<\/th>\n<th>Balen\u00ed<\/th>\n<th>K\u00f3d EAN<\/th>\n<\/tr>\n<\/thead>\n<tbody>\n<tr>\n<td>FT4845<\/td>\n<td>48 mm<\/td>\n<td>45 m<\/td>\n<td>b\u00edl\u00e1<\/td>\n<td>54<\/td>\n<td>5407004560137<\/td>\n<\/tr>\n<tr>\n<td>FT5090<\/td>\n<td>50 mm<\/td>\n<td>90 m<\/td>\n<td>b\u00edl\u00e1<\/td>\n<td>24<\/td>\n<td>5407004560151<\/td>\n<\/tr>\n<tr>\n<td>FT10090<\/td>\n<td>100 mm<\/td>\n<td>90 m<\/td>\n<td>b\u00edl\u00e1<\/td>\n<td>12<\/td>\n<td>5407004560175<\/td>\n<\/tr>\n<tr>\n<td><\/td>\n<td><\/td>\n<td><\/td>\n<td><\/td>\n<td><\/td>\n<td><\/td>\n<\/tr>\n<tr>\n<td><\/td>\n<td><\/td>\n<td><\/td>\n<td><\/td>\n<td><\/td>\n<td><\/td>\n<\/tr>\n<tr>\n<td><\/td>\n<td><\/td>\n<td><\/td>\n<td><\/td>\n<td><\/td>\n<td><\/td>\n<\/tr>\n<tr>\n<td><\/td>\n<td><\/td>\n<td><\/td>\n<td><\/td>\n<td><\/td>\n<td><\/td>\n<\/tr>\n<tr>\n<td><\/td>\n<td><\/td>\n<td><\/td>\n<td><\/td>\n<td><\/td>\n<td><\/td>\n<\/tr>\n<tr>\n<td><\/td>\n<td><\/td>\n<td><\/td>\n<td><\/td>\n<td><\/td>\n<td><\/td>\n<\/tr>\n<tr>\n<td><\/td>\n<td><\/td>\n<td><\/td>\n<td><\/td>\n<td><\/td>\n<td><\/td>\n<\/tr>\n<tr>\n<td><\/td>\n<td><\/td>\n<td><\/td>\n<td><\/td>\n<td><\/td>\n<td><\/td>\n<\/tr>\n<tr>\n<td><\/td>\n<td><\/td>\n<td><\/td>\n<td><\/td>\n<td><\/td>\n<td><\/td>\n<\/tr>\n<tr>\n<td><\/td>\n<td><\/td>\n<td><\/td>\n<td><\/td>\n<td><\/td>\n<td><\/td>\n<\/tr>\n<tr>\n<td><\/td>\n<td><\/td>\n<td><\/td>\n<td><\/td>\n<td><\/td>\n<td><\/td>\n<\/tr>\n<tr>\n<td><\/td>\n<td><\/td>\n<td><\/td>\n<td><\/td>\n<td><\/td>\n<td><\/td>\n<\/tr>\n<tr>\n<td><\/td>\n<td><\/td>\n<td><\/td>\n<td><\/td>\n<td><\/td>\n<td><\/td>\n<\/tr>\n<tr>\n<td><\/td>\n<td><\/td>\n<td><\/td>\n<td><\/td>\n<td><\/td>\n<td><\/td>\n<\/tr>\n<tr>\n<td><\/td>\n<td><\/td>\n<td><\/td>\n<td><\/td>\n<td><\/td>\n<td><\/td>\n<\/tr>\n<\/tbody>\n<\/table>\n<div class=\"product_characteristics\">\n<p><b>Lepiv\u00e1 vrstva: <\/b><span><\/span><\/p>\n<p><b>Podkladov\u00fd materi\u00e1l: <\/b><span>lamin\u00e1t<\/span><\/p>\n<p><b>Teplotn\u011b stabiln\u00ed do: <\/b><span><\/span><\/p>\n<p><b>Pevnost v tahu: <\/b><span>warp 260 N\/2,54 cm &#8211; weft 550 N\/2,54 cm<\/span><\/p>\n<p><b>Lepivost: <\/b><span><\/span><\/p>\n<p><b>Pevnost ve smyku: <\/b><span><\/span><\/p>\n<p><b>Tlou\u0161\u0165ka: <\/b><span>0,26 mm<\/span><\/p>\n<p><b>Pr\u016frazn\u00e9 nap\u011bt\u00ed: <\/b><span><\/span><\/p>\n<\/p><\/div>\n<p>  <a href=\"https:\/\/drive.google.com\/uc?id=1PrUMrFm_kF7KVYE1FfpkdaY3N2Kw0pxA&#038;export=download\" class=\"btnHPX\" target=\"_blank\"><i class=\"fa fa-download\" aria-hidden=\"true\"><\/i>St\u00e1hnout technick\u00fd list (EN)<\/a><\/p>\n","protected":false},"featured_media":93931,"comment_status":"closed","ping_status":"closed","template":"","meta":{"_exactmetrics_skip_tracking":false,"_exactmetrics_sitenote_active":false,"_exactmetrics_sitenote_note":"","_exactmetrics_sitenote_category":0,"_monsterinsights_skip_tracking":false,"_monsterinsights_sitenote_active":false,"_monsterinsights_sitenote_note":"","_monsterinsights_sitenote_category":0,"_themeisle_gutenberg_block_has_review":false},"product_brand":[],"product_cat":[1067],"product_tag":[],"class_list":{"0":"post-174563","1":"product","2":"type-product","3":"status-publish","4":"has-post-thumbnail","6":"product_cat-specialni-pasky","7":"post","8":"post-with-thumbnail","9":"post-with-thumbnail-large","11":"first","12":"instock","13":"product-type-simple"},"yoast_head":"<!-- This site is optimized with the Yoast SEO plugin v27.3 - https:\/\/yoast.com\/product\/yoast-seo-wordpress\/ -->\n<title>DRYWALL JOINTING TAPE | HPX<\/title>\n<meta name=\"description\" content=\"Samolepic\u00ed, flexibiln\u00ed p\u00e1ska se skeln\u00fdm vl\u00e1knem odoln\u00e1 proti p\u0159etr\u017een\u00ed | Speci\u00e1ln\u00ed p\u00e1sky | DRYWALL JOINTING TAPE | HPX\" \/>\n<meta name=\"robots\" content=\"index, follow, max-snippet:-1, max-image-preview:large, max-video-preview:-1\" \/>\n<link rel=\"canonical\" href=\"https:\/\/hpx.eu\/cs\/product\/drywall-jointing-tape-7700\/\" \/>\n<meta property=\"og:locale\" content=\"cs_CZ\" \/>\n<meta property=\"og:type\" content=\"article\" \/>\n<meta property=\"og:title\" content=\"DRYWALL JOINTING TAPE | HPX\" \/>\n<meta property=\"og:description\" content=\"Samolepic\u00ed, flexibiln\u00ed p\u00e1ska se skeln\u00fdm vl\u00e1knem odoln\u00e1 proti p\u0159etr\u017een\u00ed | Speci\u00e1ln\u00ed p\u00e1sky | DRYWALL JOINTING TAPE | HPX\" \/>\n<meta property=\"og:url\" content=\"https:\/\/hpx.eu\/cs\/product\/drywall-jointing-tape-7700\/\" \/>\n<meta property=\"og:site_name\" content=\"HPX\" \/>\n<meta property=\"article:publisher\" content=\"https:\/\/www.facebook.com\/HPXtape\/\" \/>\n<meta property=\"article:modified_time\" content=\"2025-07-14T08:28:26+00:00\" \/>\n<meta property=\"og:image\" content=\"https:\/\/hpx.eu\/wp-content\/uploads\/2018\/05\/FT5090-Drywall_jointing_tape-Fiberglass_mesh_tape-50mm_x_90m-5407004560151.jpg\" \/>\n\t<meta property=\"og:image:width\" content=\"800\" \/>\n\t<meta property=\"og:image:height\" content=\"800\" \/>\n\t<meta property=\"og:image:type\" content=\"image\/jpeg\" \/>\n<meta name=\"twitter:card\" content=\"summary_large_image\" \/>\n<script type=\"application\/ld+json\" class=\"yoast-schema-graph\">{\"@context\":\"https:\\\/\\\/schema.org\",\"@graph\":[{\"@type\":\"WebPage\",\"@id\":\"https:\\\/\\\/hpx.eu\\\/cs\\\/product\\\/drywall-jointing-tape-7700\\\/\",\"url\":\"https:\\\/\\\/hpx.eu\\\/cs\\\/product\\\/drywall-jointing-tape-7700\\\/\",\"name\":\"DRYWALL JOINTING TAPE | HPX\",\"isPartOf\":{\"@id\":\"http:\\\/\\\/hpx.eu\\\/cs\\\/#website\"},\"primaryImageOfPage\":{\"@id\":\"https:\\\/\\\/hpx.eu\\\/cs\\\/product\\\/drywall-jointing-tape-7700\\\/#primaryimage\"},\"image\":{\"@id\":\"https:\\\/\\\/hpx.eu\\\/cs\\\/product\\\/drywall-jointing-tape-7700\\\/#primaryimage\"},\"thumbnailUrl\":\"https:\\\/\\\/hpx.eu\\\/wp-content\\\/uploads\\\/2020\\\/04\\\/FT5090-Drywall_jointing_tape-Fiberglass_mesh_tape-50mm_x_90m-5407004560151-HPX.jpg\",\"datePublished\":\"2025-07-14T08:14:43+00:00\",\"dateModified\":\"2025-07-14T08:28:26+00:00\",\"description\":\"Samolepic\u00ed, flexibiln\u00ed p\u00e1ska se skeln\u00fdm vl\u00e1knem odoln\u00e1 proti p\u0159etr\u017een\u00ed | Speci\u00e1ln\u00ed p\u00e1sky | DRYWALL JOINTING TAPE | HPX\",\"breadcrumb\":{\"@id\":\"https:\\\/\\\/hpx.eu\\\/cs\\\/product\\\/drywall-jointing-tape-7700\\\/#breadcrumb\"},\"inLanguage\":\"cs\",\"potentialAction\":[{\"@type\":\"ReadAction\",\"target\":[\"https:\\\/\\\/hpx.eu\\\/cs\\\/product\\\/drywall-jointing-tape-7700\\\/\"]}]},{\"@type\":\"ImageObject\",\"inLanguage\":\"cs\",\"@id\":\"https:\\\/\\\/hpx.eu\\\/cs\\\/product\\\/drywall-jointing-tape-7700\\\/#primaryimage\",\"url\":\"https:\\\/\\\/hpx.eu\\\/wp-content\\\/uploads\\\/2020\\\/04\\\/FT5090-Drywall_jointing_tape-Fiberglass_mesh_tape-50mm_x_90m-5407004560151-HPX.jpg\",\"contentUrl\":\"https:\\\/\\\/hpx.eu\\\/wp-content\\\/uploads\\\/2020\\\/04\\\/FT5090-Drywall_jointing_tape-Fiberglass_mesh_tape-50mm_x_90m-5407004560151-HPX.jpg\",\"width\":800,\"height\":800,\"caption\":\"DRYWALL JOINTING TAPE | HPX\"},{\"@type\":\"BreadcrumbList\",\"@id\":\"https:\\\/\\\/hpx.eu\\\/cs\\\/product\\\/drywall-jointing-tape-7700\\\/#breadcrumb\",\"itemListElement\":[{\"@type\":\"ListItem\",\"position\":1,\"name\":\"Startseite\",\"item\":\"http:\\\/\\\/hpx.eu\\\/cs\\\/\"},{\"@type\":\"ListItem\",\"position\":2,\"name\":\"V\u00fdrobky\",\"item\":\"http:\\\/\\\/hpx.eu\\\/cs\\\/vyrobky\\\/\"},{\"@type\":\"ListItem\",\"position\":3,\"name\":\"DRYWALL JOINTING TAPE 7700\"}]},{\"@type\":\"WebSite\",\"@id\":\"http:\\\/\\\/hpx.eu\\\/cs\\\/#website\",\"url\":\"http:\\\/\\\/hpx.eu\\\/cs\\\/\",\"name\":\"HPX\",\"description\":\"Tough Job, Tougher Tape\",\"publisher\":{\"@id\":\"http:\\\/\\\/hpx.eu\\\/cs\\\/#organization\"},\"potentialAction\":[{\"@type\":\"SearchAction\",\"target\":{\"@type\":\"EntryPoint\",\"urlTemplate\":\"http:\\\/\\\/hpx.eu\\\/cs\\\/?s={search_term_string}\"},\"query-input\":{\"@type\":\"PropertyValueSpecification\",\"valueRequired\":true,\"valueName\":\"search_term_string\"}}],\"inLanguage\":\"cs\"},{\"@type\":\"Organization\",\"@id\":\"http:\\\/\\\/hpx.eu\\\/cs\\\/#organization\",\"name\":\"Option Tape Specialties\",\"url\":\"http:\\\/\\\/hpx.eu\\\/cs\\\/\",\"logo\":{\"@type\":\"ImageObject\",\"inLanguage\":\"cs\",\"@id\":\"http:\\\/\\\/hpx.eu\\\/cs\\\/#\\\/schema\\\/logo\\\/image\\\/\",\"url\":\"\",\"contentUrl\":\"\",\"caption\":\"Option Tape Specialties\"},\"image\":{\"@id\":\"http:\\\/\\\/hpx.eu\\\/cs\\\/#\\\/schema\\\/logo\\\/image\\\/\"},\"sameAs\":[\"https:\\\/\\\/www.facebook.com\\\/HPXtape\\\/\",\"https:\\\/\\\/www.linkedin.com\\\/company\\\/2913311\\\/\",\"https:\\\/\\\/www.youtube.com\\\/channel\\\/UCCYnFjBGfKw8SPW1hMUCVFg\"]}]}<\/script>\n<!-- \/ Yoast SEO plugin. -->","yoast_head_json":{"title":"DRYWALL JOINTING TAPE | HPX","description":"Samolepic\u00ed, flexibiln\u00ed p\u00e1ska se skeln\u00fdm vl\u00e1knem odoln\u00e1 proti p\u0159etr\u017een\u00ed | Speci\u00e1ln\u00ed p\u00e1sky | DRYWALL JOINTING TAPE | HPX","robots":{"index":"index","follow":"follow","max-snippet":"max-snippet:-1","max-image-preview":"max-image-preview:large","max-video-preview":"max-video-preview:-1"},"canonical":"https:\/\/hpx.eu\/cs\/product\/drywall-jointing-tape-7700\/","og_locale":"cs_CZ","og_type":"article","og_title":"DRYWALL JOINTING TAPE | HPX","og_description":"Samolepic\u00ed, flexibiln\u00ed p\u00e1ska se skeln\u00fdm vl\u00e1knem odoln\u00e1 proti p\u0159etr\u017een\u00ed | Speci\u00e1ln\u00ed p\u00e1sky | DRYWALL JOINTING TAPE | HPX","og_url":"https:\/\/hpx.eu\/cs\/product\/drywall-jointing-tape-7700\/","og_site_name":"HPX","article_publisher":"https:\/\/www.facebook.com\/HPXtape\/","article_modified_time":"2025-07-14T08:28:26+00:00","og_image":[{"width":800,"height":800,"url":"https:\/\/hpx.eu\/wp-content\/uploads\/2018\/05\/FT5090-Drywall_jointing_tape-Fiberglass_mesh_tape-50mm_x_90m-5407004560151.jpg","type":"image\/jpeg"}],"twitter_card":"summary_large_image","schema":{"@context":"https:\/\/schema.org","@graph":[{"@type":"WebPage","@id":"https:\/\/hpx.eu\/cs\/product\/drywall-jointing-tape-7700\/","url":"https:\/\/hpx.eu\/cs\/product\/drywall-jointing-tape-7700\/","name":"DRYWALL JOINTING TAPE | HPX","isPartOf":{"@id":"https:\/\/hpx.eu\/cs\/#website"},"primaryImageOfPage":{"@id":"https:\/\/hpx.eu\/cs\/product\/drywall-jointing-tape-7700\/#primaryimage"},"image":{"@id":"https:\/\/hpx.eu\/cs\/product\/drywall-jointing-tape-7700\/#primaryimage"},"thumbnailUrl":"https:\/\/hpx.eu\/wp-content\/uploads\/2020\/04\/FT5090-Drywall_jointing_tape-Fiberglass_mesh_tape-50mm_x_90m-5407004560151-HPX.jpg","datePublished":"2025-07-14T08:14:43+00:00","dateModified":"2025-07-14T08:28:26+00:00","description":"Samolepic\u00ed, flexibiln\u00ed p\u00e1ska se skeln\u00fdm vl\u00e1knem odoln\u00e1 proti p\u0159etr\u017een\u00ed | Speci\u00e1ln\u00ed p\u00e1sky | DRYWALL JOINTING TAPE | HPX","breadcrumb":{"@id":"https:\/\/hpx.eu\/cs\/product\/drywall-jointing-tape-7700\/#breadcrumb"},"inLanguage":"cs","potentialAction":[{"@type":"ReadAction","target":["https:\/\/hpx.eu\/cs\/product\/drywall-jointing-tape-7700\/"]}]},{"@type":"ImageObject","inLanguage":"cs","@id":"https:\/\/hpx.eu\/cs\/product\/drywall-jointing-tape-7700\/#primaryimage","url":"https:\/\/hpx.eu\/wp-content\/uploads\/2020\/04\/FT5090-Drywall_jointing_tape-Fiberglass_mesh_tape-50mm_x_90m-5407004560151-HPX.jpg","contentUrl":"https:\/\/hpx.eu\/wp-content\/uploads\/2020\/04\/FT5090-Drywall_jointing_tape-Fiberglass_mesh_tape-50mm_x_90m-5407004560151-HPX.jpg","width":800,"height":800,"caption":"DRYWALL JOINTING TAPE | HPX"},{"@type":"BreadcrumbList","@id":"https:\/\/hpx.eu\/cs\/product\/drywall-jointing-tape-7700\/#breadcrumb","itemListElement":[{"@type":"ListItem","position":1,"name":"Startseite","item":"https:\/\/hpx.eu\/cs\/"},{"@type":"ListItem","position":2,"name":"V\u00fdrobky","item":"https:\/\/hpx.eu\/cs\/vyrobky\/"},{"@type":"ListItem","position":3,"name":"DRYWALL JOINTING TAPE 7700"}]},{"@type":"WebSite","@id":"https:\/\/hpx.eu\/cs\/#website","url":"https:\/\/hpx.eu\/cs\/","name":"HPX","description":"Tough Job, Tougher Tape","publisher":{"@id":"https:\/\/hpx.eu\/cs\/#organization"},"potentialAction":[{"@type":"SearchAction","target":{"@type":"EntryPoint","urlTemplate":"https:\/\/hpx.eu\/cs\/?s={search_term_string}"},"query-input":{"@type":"PropertyValueSpecification","valueRequired":true,"valueName":"search_term_string"}}],"inLanguage":"cs"},{"@type":"Organization","@id":"https:\/\/hpx.eu\/cs\/#organization","name":"Option Tape Specialties","url":"https:\/\/hpx.eu\/cs\/","logo":{"@type":"ImageObject","inLanguage":"cs","@id":"https:\/\/hpx.eu\/cs\/#\/schema\/logo\/image\/","url":"","contentUrl":"","caption":"Option Tape Specialties"},"image":{"@id":"https:\/\/hpx.eu\/cs\/#\/schema\/logo\/image\/"},"sameAs":["https:\/\/www.facebook.com\/HPXtape\/","https:\/\/www.linkedin.com\/company\/2913311\/","https:\/\/www.youtube.com\/channel\/UCCYnFjBGfKw8SPW1hMUCVFg"]}]}},"_links":{"self":[{"href":"https:\/\/hpx.eu\/cs\/wp-json\/wp\/v2\/product\/174563","targetHints":{"allow":["GET"]}}],"collection":[{"href":"https:\/\/hpx.eu\/cs\/wp-json\/wp\/v2\/product"}],"about":[{"href":"https:\/\/hpx.eu\/cs\/wp-json\/wp\/v2\/types\/product"}],"replies":[{"embeddable":true,"href":"https:\/\/hpx.eu\/cs\/wp-json\/wp\/v2\/comments?post=174563"}],"wp:featuredmedia":[{"embeddable":true,"href":"https:\/\/hpx.eu\/cs\/wp-json\/wp\/v2\/media\/93931"}],"wp:attachment":[{"href":"https:\/\/hpx.eu\/cs\/wp-json\/wp\/v2\/media?parent=174563"}],"wp:term":[{"taxonomy":"product_brand","embeddable":true,"href":"https:\/\/hpx.eu\/cs\/wp-json\/wp\/v2\/product_brand?post=174563"},{"taxonomy":"product_cat","embeddable":true,"href":"https:\/\/hpx.eu\/cs\/wp-json\/wp\/v2\/product_cat?post=174563"},{"taxonomy":"product_tag","embeddable":true,"href":"https:\/\/hpx.eu\/cs\/wp-json\/wp\/v2\/product_tag?post=174563"}],"curies":[{"name":"wp","href":"https:\/\/api.w.org\/{rel}","templated":true}]}}