{"id":174513,"date":"2025-07-14T10:10:41","date_gmt":"2025-07-14T08:10:41","guid":{"rendered":"https:\/\/hpx.eu\/product\/fine-line-tape-7500\/"},"modified":"2025-07-14T10:27:30","modified_gmt":"2025-07-14T08:27:30","slug":"fine-line-tape-7500","status":"publish","type":"product","link":"https:\/\/hpx.eu\/cs\/product\/fine-line-tape-7500\/","title":{"rendered":"FINE LINE TAPE <span class=\"productNr\">7500<\/span>"},"content":{"rendered":"<p>&nbsp;<\/p>\n","protected":false},"excerpt":{"rendered":"<ul class=\"product_UPS\">\n<li>Velmi tenk\u00e1 modr\u00e1 vinylov\u00e1 p\u00e1ska pro kritick\u00e9 maskovac\u00ed aplikace<\/li>\n<li>Rozta\u017eiteln\u00e1 a pru\u017en\u00e1 pro p\u0159esn\u00e9 okraje laku v ostr\u00fdch k\u0159ivk\u00e1ch a hran\u00e1ch<\/li>\n<li>Vhodn\u00e1 pro airbrushing, lakov\u00e1n\u00ed na zak\u00e1zku, st\u0159\u00edkac\u00ed kabiny, su\u0161en\u00ed v su\u0161\u00e1rn\u011b, design a dvoubarevn\u00e9 lakov\u00e1n\u00ed v automobilov\u00e9m pr\u016fmyslu<\/li>\n<li>Maskov\u00e1n\u00ed log, n\u00fdt\u016f, \u0161v\u016f karoserie atd.<\/li>\n<li>Maskov\u00e1n\u00ed kovov\u00fdch, plastov\u00fdch a pry\u017eov\u00fdch povrch\u016f<\/li>\n<li>Odolnost v\u016f\u010di teplu a\u017e do 150 \u00b0C<\/li>\n<li>Sn\u00edmateln\u00e9 v jednom kuse bez zanech\u00e1n\u00ed zbytk\u016f lepidla<\/li>\n<li><\/li>\n<li><\/li>\n<li><\/li>\n<\/ul>\n<table class=\"product_table\">\n<thead>\n<tr>\n<th>Zbo\u017e\u00ed \u010d.<\/th>\n<th>\u0160\u00ed\u0159ka<\/th>\n<th>D\u00e9lka<\/th>\n<th>Barva<\/th>\n<th>Balen\u00ed<\/th>\n<th>K\u00f3d EAN<\/th>\n<\/tr>\n<\/thead>\n<tbody>\n<tr>\n<td>FL0333<\/td>\n<td>3 mm<\/td>\n<td>33 m<\/td>\n<td>modr\u00e1<\/td>\n<td>40<\/td>\n<td>8711347114658<\/td>\n<\/tr>\n<tr>\n<td>FL0633<\/td>\n<td>6 mm<\/td>\n<td>33 m<\/td>\n<td>modr\u00e1<\/td>\n<td>36<\/td>\n<td>8711347114672<\/td>\n<\/tr>\n<tr>\n<td>FL0933<\/td>\n<td>9 mm<\/td>\n<td>33 m<\/td>\n<td>modr\u00e1<\/td>\n<td>40<\/td>\n<td>5425014225808<\/td>\n<\/tr>\n<tr>\n<td>FL1233<\/td>\n<td>12 mm<\/td>\n<td>33 m<\/td>\n<td>modr\u00e1<\/td>\n<td>20<\/td>\n<td>8711347114696<\/td>\n<\/tr>\n<tr>\n<td><\/td>\n<td><\/td>\n<td><\/td>\n<td><\/td>\n<td><\/td>\n<td><\/td>\n<\/tr>\n<tr>\n<td><\/td>\n<td><\/td>\n<td><\/td>\n<td><\/td>\n<td><\/td>\n<td><\/td>\n<\/tr>\n<tr>\n<td><\/td>\n<td><\/td>\n<td><\/td>\n<td><\/td>\n<td><\/td>\n<td><\/td>\n<\/tr>\n<tr>\n<td><\/td>\n<td><\/td>\n<td><\/td>\n<td><\/td>\n<td><\/td>\n<td><\/td>\n<\/tr>\n<tr>\n<td><\/td>\n<td><\/td>\n<td><\/td>\n<td><\/td>\n<td><\/td>\n<td><\/td>\n<\/tr>\n<tr>\n<td><\/td>\n<td><\/td>\n<td><\/td>\n<td><\/td>\n<td><\/td>\n<td><\/td>\n<\/tr>\n<tr>\n<td><\/td>\n<td><\/td>\n<td><\/td>\n<td><\/td>\n<td><\/td>\n<td><\/td>\n<\/tr>\n<tr>\n<td><\/td>\n<td><\/td>\n<td><\/td>\n<td><\/td>\n<td><\/td>\n<td><\/td>\n<\/tr>\n<tr>\n<td><\/td>\n<td><\/td>\n<td><\/td>\n<td><\/td>\n<td><\/td>\n<td><\/td>\n<\/tr>\n<tr>\n<td><\/td>\n<td><\/td>\n<td><\/td>\n<td><\/td>\n<td><\/td>\n<td><\/td>\n<\/tr>\n<tr>\n<td><\/td>\n<td><\/td>\n<td><\/td>\n<td><\/td>\n<td><\/td>\n<td><\/td>\n<\/tr>\n<tr>\n<td><\/td>\n<td><\/td>\n<td><\/td>\n<td><\/td>\n<td><\/td>\n<td><\/td>\n<\/tr>\n<tr>\n<td><\/td>\n<td><\/td>\n<td><\/td>\n<td><\/td>\n<td><\/td>\n<td><\/td>\n<\/tr>\n<tr>\n<td><\/td>\n<td><\/td>\n<td><\/td>\n<td><\/td>\n<td><\/td>\n<td><\/td>\n<\/tr>\n<\/tbody>\n<\/table>\n<div class=\"product_characteristics\">\n<p><b>Lepiv\u00e1 vrstva: <\/b><span>p\u0159\u00edrodn\u00ed kau\u010duk<\/span><\/p>\n<p><b>Podkladov\u00fd materi\u00e1l: <\/b><span>PVC<\/span><\/p>\n<p><b>Teplotn\u011b stabiln\u00ed do: <\/b><span>150\u00b0C<\/span><\/p>\n<p><b>Pevnost v tahu: <\/b><span><\/span><\/p>\n<p><b>Lepivost: <\/b><span>6,5 N\/25 mm<\/span><\/p>\n<p><b>Pevnost ve smyku: <\/b><span><\/span><\/p>\n<p><b>Tlou\u0161\u0165ka: <\/b><span>0,15 mm<\/span><\/p>\n<p><b>Pr\u016frazn\u00e9 nap\u011bt\u00ed: <\/b><span><\/span><\/p>\n<\/p><\/div>\n<p>  <a href=\"https:\/\/drive.google.com\/uc?id=1WJMh6qPRdMGP3HhJkGJ9540X0TA9dJyu&#038;export=download\" class=\"btnHPX\" target=\"_blank\"><i class=\"fa fa-download\" aria-hidden=\"true\"><\/i>St\u00e1hnout technick\u00fd list (EN)<\/a><\/p>\n","protected":false},"featured_media":155217,"comment_status":"closed","ping_status":"closed","template":"","meta":{"_exactmetrics_skip_tracking":false,"_exactmetrics_sitenote_active":false,"_exactmetrics_sitenote_note":"","_exactmetrics_sitenote_category":0,"_monsterinsights_skip_tracking":false,"_monsterinsights_sitenote_active":false,"_monsterinsights_sitenote_note":"","_monsterinsights_sitenote_category":0,"_themeisle_gutenberg_block_has_review":false},"product_brand":[],"product_cat":[1041],"product_tag":[],"class_list":{"0":"post-174513","1":"product","2":"type-product","3":"status-publish","4":"has-post-thumbnail","6":"product_cat-maskovaci-lepici-pasky","7":"post","8":"post-with-thumbnail","9":"post-with-thumbnail-large","11":"first","12":"instock","13":"product-type-simple"},"yoast_head":"<!-- This site is optimized with the Yoast SEO plugin v27.3 - https:\/\/yoast.com\/product\/yoast-seo-wordpress\/ -->\n<title>FINE LINE TAPE | HPX<\/title>\n<meta name=\"description\" content=\"Velmi tenk\u00e1 modr\u00e1 vinylov\u00e1 p\u00e1ska pro kritick\u00e9 maskovac\u00ed aplikace | Maskovac\u00ed lepic\u00ed p\u00e1sky | FINE LINE TAPE | HPX\" \/>\n<meta name=\"robots\" content=\"index, follow, max-snippet:-1, max-image-preview:large, max-video-preview:-1\" \/>\n<link rel=\"canonical\" href=\"https:\/\/hpx.eu\/cs\/product\/fine-line-tape-7500\/\" \/>\n<meta property=\"og:locale\" content=\"cs_CZ\" \/>\n<meta property=\"og:type\" content=\"article\" \/>\n<meta property=\"og:title\" content=\"FINE LINE TAPE | HPX\" \/>\n<meta property=\"og:description\" content=\"Velmi tenk\u00e1 modr\u00e1 vinylov\u00e1 p\u00e1ska pro kritick\u00e9 maskovac\u00ed aplikace | Maskovac\u00ed lepic\u00ed p\u00e1sky | FINE LINE TAPE | HPX\" \/>\n<meta property=\"og:url\" content=\"https:\/\/hpx.eu\/cs\/product\/fine-line-tape-7500\/\" \/>\n<meta property=\"og:site_name\" content=\"HPX\" \/>\n<meta property=\"article:publisher\" content=\"https:\/\/www.facebook.com\/HPXtape\/\" \/>\n<meta property=\"article:modified_time\" content=\"2025-07-14T08:27:30+00:00\" \/>\n<meta property=\"og:image\" content=\"https:\/\/hpx.eu\/wp-content\/uploads\/2018\/05\/FL0633-Fine_line_tape-blue-6mm_x_33m-8711347114672.jpg\" \/>\n\t<meta property=\"og:image:width\" content=\"800\" \/>\n\t<meta property=\"og:image:height\" content=\"800\" \/>\n\t<meta property=\"og:image:type\" content=\"image\/jpeg\" \/>\n<meta name=\"twitter:card\" content=\"summary_large_image\" \/>\n<script type=\"application\/ld+json\" class=\"yoast-schema-graph\">{\"@context\":\"https:\\\/\\\/schema.org\",\"@graph\":[{\"@type\":\"WebPage\",\"@id\":\"https:\\\/\\\/hpx.eu\\\/cs\\\/product\\\/fine-line-tape-7500\\\/\",\"url\":\"https:\\\/\\\/hpx.eu\\\/cs\\\/product\\\/fine-line-tape-7500\\\/\",\"name\":\"FINE LINE TAPE | HPX\",\"isPartOf\":{\"@id\":\"http:\\\/\\\/hpx.eu\\\/cs\\\/#website\"},\"primaryImageOfPage\":{\"@id\":\"https:\\\/\\\/hpx.eu\\\/cs\\\/product\\\/fine-line-tape-7500\\\/#primaryimage\"},\"image\":{\"@id\":\"https:\\\/\\\/hpx.eu\\\/cs\\\/product\\\/fine-line-tape-7500\\\/#primaryimage\"},\"thumbnailUrl\":\"https:\\\/\\\/hpx.eu\\\/wp-content\\\/uploads\\\/2024\\\/01\\\/FL0633-Fine_line_tape-blue-6mm_x_33m-8711347114672.jpg\",\"datePublished\":\"2025-07-14T08:10:41+00:00\",\"dateModified\":\"2025-07-14T08:27:30+00:00\",\"description\":\"Velmi tenk\u00e1 modr\u00e1 vinylov\u00e1 p\u00e1ska pro kritick\u00e9 maskovac\u00ed aplikace | Maskovac\u00ed lepic\u00ed p\u00e1sky | FINE LINE TAPE | HPX\",\"breadcrumb\":{\"@id\":\"https:\\\/\\\/hpx.eu\\\/cs\\\/product\\\/fine-line-tape-7500\\\/#breadcrumb\"},\"inLanguage\":\"cs\",\"potentialAction\":[{\"@type\":\"ReadAction\",\"target\":[\"https:\\\/\\\/hpx.eu\\\/cs\\\/product\\\/fine-line-tape-7500\\\/\"]}]},{\"@type\":\"ImageObject\",\"inLanguage\":\"cs\",\"@id\":\"https:\\\/\\\/hpx.eu\\\/cs\\\/product\\\/fine-line-tape-7500\\\/#primaryimage\",\"url\":\"https:\\\/\\\/hpx.eu\\\/wp-content\\\/uploads\\\/2024\\\/01\\\/FL0633-Fine_line_tape-blue-6mm_x_33m-8711347114672.jpg\",\"contentUrl\":\"https:\\\/\\\/hpx.eu\\\/wp-content\\\/uploads\\\/2024\\\/01\\\/FL0633-Fine_line_tape-blue-6mm_x_33m-8711347114672.jpg\",\"width\":800,\"height\":800},{\"@type\":\"BreadcrumbList\",\"@id\":\"https:\\\/\\\/hpx.eu\\\/cs\\\/product\\\/fine-line-tape-7500\\\/#breadcrumb\",\"itemListElement\":[{\"@type\":\"ListItem\",\"position\":1,\"name\":\"Startseite\",\"item\":\"http:\\\/\\\/hpx.eu\\\/cs\\\/\"},{\"@type\":\"ListItem\",\"position\":2,\"name\":\"V\u00fdrobky\",\"item\":\"http:\\\/\\\/hpx.eu\\\/cs\\\/vyrobky\\\/\"},{\"@type\":\"ListItem\",\"position\":3,\"name\":\"FINE LINE TAPE 7500\"}]},{\"@type\":\"WebSite\",\"@id\":\"http:\\\/\\\/hpx.eu\\\/cs\\\/#website\",\"url\":\"http:\\\/\\\/hpx.eu\\\/cs\\\/\",\"name\":\"HPX\",\"description\":\"Tough Job, Tougher Tape\",\"publisher\":{\"@id\":\"http:\\\/\\\/hpx.eu\\\/cs\\\/#organization\"},\"potentialAction\":[{\"@type\":\"SearchAction\",\"target\":{\"@type\":\"EntryPoint\",\"urlTemplate\":\"http:\\\/\\\/hpx.eu\\\/cs\\\/?s={search_term_string}\"},\"query-input\":{\"@type\":\"PropertyValueSpecification\",\"valueRequired\":true,\"valueName\":\"search_term_string\"}}],\"inLanguage\":\"cs\"},{\"@type\":\"Organization\",\"@id\":\"http:\\\/\\\/hpx.eu\\\/cs\\\/#organization\",\"name\":\"Option Tape Specialties\",\"url\":\"http:\\\/\\\/hpx.eu\\\/cs\\\/\",\"logo\":{\"@type\":\"ImageObject\",\"inLanguage\":\"cs\",\"@id\":\"http:\\\/\\\/hpx.eu\\\/cs\\\/#\\\/schema\\\/logo\\\/image\\\/\",\"url\":\"\",\"contentUrl\":\"\",\"caption\":\"Option Tape Specialties\"},\"image\":{\"@id\":\"http:\\\/\\\/hpx.eu\\\/cs\\\/#\\\/schema\\\/logo\\\/image\\\/\"},\"sameAs\":[\"https:\\\/\\\/www.facebook.com\\\/HPXtape\\\/\",\"https:\\\/\\\/www.linkedin.com\\\/company\\\/2913311\\\/\",\"https:\\\/\\\/www.youtube.com\\\/channel\\\/UCCYnFjBGfKw8SPW1hMUCVFg\"]}]}<\/script>\n<!-- \/ Yoast SEO plugin. -->","yoast_head_json":{"title":"FINE LINE TAPE | HPX","description":"Velmi tenk\u00e1 modr\u00e1 vinylov\u00e1 p\u00e1ska pro kritick\u00e9 maskovac\u00ed aplikace | Maskovac\u00ed lepic\u00ed p\u00e1sky | FINE LINE TAPE | HPX","robots":{"index":"index","follow":"follow","max-snippet":"max-snippet:-1","max-image-preview":"max-image-preview:large","max-video-preview":"max-video-preview:-1"},"canonical":"https:\/\/hpx.eu\/cs\/product\/fine-line-tape-7500\/","og_locale":"cs_CZ","og_type":"article","og_title":"FINE LINE TAPE | HPX","og_description":"Velmi tenk\u00e1 modr\u00e1 vinylov\u00e1 p\u00e1ska pro kritick\u00e9 maskovac\u00ed aplikace | Maskovac\u00ed lepic\u00ed p\u00e1sky | FINE LINE TAPE | HPX","og_url":"https:\/\/hpx.eu\/cs\/product\/fine-line-tape-7500\/","og_site_name":"HPX","article_publisher":"https:\/\/www.facebook.com\/HPXtape\/","article_modified_time":"2025-07-14T08:27:30+00:00","og_image":[{"width":800,"height":800,"url":"https:\/\/hpx.eu\/wp-content\/uploads\/2018\/05\/FL0633-Fine_line_tape-blue-6mm_x_33m-8711347114672.jpg","type":"image\/jpeg"}],"twitter_card":"summary_large_image","schema":{"@context":"https:\/\/schema.org","@graph":[{"@type":"WebPage","@id":"https:\/\/hpx.eu\/cs\/product\/fine-line-tape-7500\/","url":"https:\/\/hpx.eu\/cs\/product\/fine-line-tape-7500\/","name":"FINE LINE TAPE | HPX","isPartOf":{"@id":"https:\/\/hpx.eu\/cs\/#website"},"primaryImageOfPage":{"@id":"https:\/\/hpx.eu\/cs\/product\/fine-line-tape-7500\/#primaryimage"},"image":{"@id":"https:\/\/hpx.eu\/cs\/product\/fine-line-tape-7500\/#primaryimage"},"thumbnailUrl":"https:\/\/hpx.eu\/wp-content\/uploads\/2024\/01\/FL0633-Fine_line_tape-blue-6mm_x_33m-8711347114672.jpg","datePublished":"2025-07-14T08:10:41+00:00","dateModified":"2025-07-14T08:27:30+00:00","description":"Velmi tenk\u00e1 modr\u00e1 vinylov\u00e1 p\u00e1ska pro kritick\u00e9 maskovac\u00ed aplikace | Maskovac\u00ed lepic\u00ed p\u00e1sky | FINE LINE TAPE | HPX","breadcrumb":{"@id":"https:\/\/hpx.eu\/cs\/product\/fine-line-tape-7500\/#breadcrumb"},"inLanguage":"cs","potentialAction":[{"@type":"ReadAction","target":["https:\/\/hpx.eu\/cs\/product\/fine-line-tape-7500\/"]}]},{"@type":"ImageObject","inLanguage":"cs","@id":"https:\/\/hpx.eu\/cs\/product\/fine-line-tape-7500\/#primaryimage","url":"https:\/\/hpx.eu\/wp-content\/uploads\/2024\/01\/FL0633-Fine_line_tape-blue-6mm_x_33m-8711347114672.jpg","contentUrl":"https:\/\/hpx.eu\/wp-content\/uploads\/2024\/01\/FL0633-Fine_line_tape-blue-6mm_x_33m-8711347114672.jpg","width":800,"height":800},{"@type":"BreadcrumbList","@id":"https:\/\/hpx.eu\/cs\/product\/fine-line-tape-7500\/#breadcrumb","itemListElement":[{"@type":"ListItem","position":1,"name":"Startseite","item":"https:\/\/hpx.eu\/cs\/"},{"@type":"ListItem","position":2,"name":"V\u00fdrobky","item":"https:\/\/hpx.eu\/cs\/vyrobky\/"},{"@type":"ListItem","position":3,"name":"FINE LINE TAPE 7500"}]},{"@type":"WebSite","@id":"https:\/\/hpx.eu\/cs\/#website","url":"https:\/\/hpx.eu\/cs\/","name":"HPX","description":"Tough Job, Tougher Tape","publisher":{"@id":"https:\/\/hpx.eu\/cs\/#organization"},"potentialAction":[{"@type":"SearchAction","target":{"@type":"EntryPoint","urlTemplate":"https:\/\/hpx.eu\/cs\/?s={search_term_string}"},"query-input":{"@type":"PropertyValueSpecification","valueRequired":true,"valueName":"search_term_string"}}],"inLanguage":"cs"},{"@type":"Organization","@id":"https:\/\/hpx.eu\/cs\/#organization","name":"Option Tape Specialties","url":"https:\/\/hpx.eu\/cs\/","logo":{"@type":"ImageObject","inLanguage":"cs","@id":"https:\/\/hpx.eu\/cs\/#\/schema\/logo\/image\/","url":"","contentUrl":"","caption":"Option Tape Specialties"},"image":{"@id":"https:\/\/hpx.eu\/cs\/#\/schema\/logo\/image\/"},"sameAs":["https:\/\/www.facebook.com\/HPXtape\/","https:\/\/www.linkedin.com\/company\/2913311\/","https:\/\/www.youtube.com\/channel\/UCCYnFjBGfKw8SPW1hMUCVFg"]}]}},"_links":{"self":[{"href":"https:\/\/hpx.eu\/cs\/wp-json\/wp\/v2\/product\/174513","targetHints":{"allow":["GET"]}}],"collection":[{"href":"https:\/\/hpx.eu\/cs\/wp-json\/wp\/v2\/product"}],"about":[{"href":"https:\/\/hpx.eu\/cs\/wp-json\/wp\/v2\/types\/product"}],"replies":[{"embeddable":true,"href":"https:\/\/hpx.eu\/cs\/wp-json\/wp\/v2\/comments?post=174513"}],"wp:featuredmedia":[{"embeddable":true,"href":"https:\/\/hpx.eu\/cs\/wp-json\/wp\/v2\/media\/155217"}],"wp:attachment":[{"href":"https:\/\/hpx.eu\/cs\/wp-json\/wp\/v2\/media?parent=174513"}],"wp:term":[{"taxonomy":"product_brand","embeddable":true,"href":"https:\/\/hpx.eu\/cs\/wp-json\/wp\/v2\/product_brand?post=174513"},{"taxonomy":"product_cat","embeddable":true,"href":"https:\/\/hpx.eu\/cs\/wp-json\/wp\/v2\/product_cat?post=174513"},{"taxonomy":"product_tag","embeddable":true,"href":"https:\/\/hpx.eu\/cs\/wp-json\/wp\/v2\/product_tag?post=174513"}],"curies":[{"name":"wp","href":"https:\/\/api.w.org\/{rel}","templated":true}]}}