{"id":174399,"date":"2025-07-14T10:09:44","date_gmt":"2025-07-14T08:09:44","guid":{"rendered":"https:\/\/hpx.eu\/product\/sticky-cover-paper-4000\/"},"modified":"2025-07-14T10:25:45","modified_gmt":"2025-07-14T08:25:45","slug":"sticky-cover-paper-4000","status":"publish","type":"product","link":"https:\/\/hpx.eu\/cs\/product\/sticky-cover-paper-4000\/","title":{"rendered":"STICKY COVER PAPER <span class=\"productNr\">4000<\/span>"},"content":{"rendered":"<p><iframe loading=\"lazy\" title=\"HPX Sticky Cover Paper\" width=\"720\" height=\"405\" src=\"https:\/\/www.youtube.com\/embed\/Tgq1Rn4Gp1E?feature=oembed\" frameborder=\"0\" allow=\"accelerometer; autoplay; clipboard-write; encrypted-media; gyroscope; picture-in-picture; web-share\" referrerpolicy=\"strict-origin-when-cross-origin\" allowfullscreen><\/iframe><\/p>\n","protected":false},"excerpt":{"rendered":"<ul class=\"product_UPS\">\n<li>Ekologick\u00fd, samolepic\u00ed kryc\u00ed pap\u00edr k zakr\u00fdv\u00e1n\u00ed (rozm\u011brn\u00fdch) povrch\u016f, jako jsou podlahy, okenn\u00ed parapety, radi\u00e1tory, z\u00e1bradl\u00ed apod.<\/li>\n<li>Snadn\u00e1 a rychl\u00e1 aplikace, mo\u017enost \u00faprav a op\u011btovn\u00e9ho pou\u017eit\u00ed<\/li>\n<li>Mo\u017enost odstran\u011bn\u00ed beze stop do 14 a\u017e 60 dn\u016f (v z\u00e1vislosti na podkladu)<\/li>\n<li><\/li>\n<li><\/li>\n<li><\/li>\n<li><\/li>\n<li><\/li>\n<li><\/li>\n<li><\/li>\n<\/ul>\n<table class=\"product_table\">\n<thead>\n<tr>\n<th>Zbo\u017e\u00ed \u010d.<\/th>\n<th>\u0160\u00ed\u0159ka<\/th>\n<th>D\u00e9lka<\/th>\n<th>Barva<\/th>\n<th>Balen\u00ed<\/th>\n<th>K\u00f3d EAN<\/th>\n<\/tr>\n<\/thead>\n<tbody>\n<tr>\n<td>CP7530<\/td>\n<td>74 mm<\/td>\n<td>30 m<\/td>\n<td>hn\u011bd\u00e1<\/td>\n<td>24<\/td>\n<td>5407004564494<\/td>\n<\/tr>\n<tr>\n<td>CP1530<\/td>\n<td>148 mm<\/td>\n<td>30 m<\/td>\n<td>hn\u011bd\u00e1<\/td>\n<td>32<\/td>\n<td>5407004564517<\/td>\n<\/tr>\n<tr>\n<td>CP2230<\/td>\n<td>222 mm<\/td>\n<td>30 m<\/td>\n<td>hn\u011bd\u00e1<\/td>\n<td>25<\/td>\n<td>5407004564531<\/td>\n<\/tr>\n<tr>\n<td>CP3030<\/td>\n<td>296 mm<\/td>\n<td>30 m<\/td>\n<td>hn\u011bd\u00e1<\/td>\n<td>16<\/td>\n<td>5407004564555<\/td>\n<\/tr>\n<tr>\n<td><\/td>\n<td><\/td>\n<td><\/td>\n<td><\/td>\n<td><\/td>\n<td><\/td>\n<\/tr>\n<tr>\n<td><\/td>\n<td><\/td>\n<td><\/td>\n<td><\/td>\n<td><\/td>\n<td><\/td>\n<\/tr>\n<tr>\n<td><\/td>\n<td><\/td>\n<td><\/td>\n<td><\/td>\n<td><\/td>\n<td><\/td>\n<\/tr>\n<tr>\n<td><\/td>\n<td><\/td>\n<td><\/td>\n<td><\/td>\n<td><\/td>\n<td><\/td>\n<\/tr>\n<tr>\n<td><\/td>\n<td><\/td>\n<td><\/td>\n<td><\/td>\n<td><\/td>\n<td><\/td>\n<\/tr>\n<tr>\n<td><\/td>\n<td><\/td>\n<td><\/td>\n<td><\/td>\n<td><\/td>\n<td><\/td>\n<\/tr>\n<tr>\n<td><\/td>\n<td><\/td>\n<td><\/td>\n<td><\/td>\n<td><\/td>\n<td><\/td>\n<\/tr>\n<tr>\n<td><\/td>\n<td><\/td>\n<td><\/td>\n<td><\/td>\n<td><\/td>\n<td><\/td>\n<\/tr>\n<tr>\n<td><\/td>\n<td><\/td>\n<td><\/td>\n<td><\/td>\n<td><\/td>\n<td><\/td>\n<\/tr>\n<tr>\n<td><\/td>\n<td><\/td>\n<td><\/td>\n<td><\/td>\n<td><\/td>\n<td><\/td>\n<\/tr>\n<tr>\n<td><\/td>\n<td><\/td>\n<td><\/td>\n<td><\/td>\n<td><\/td>\n<td><\/td>\n<\/tr>\n<tr>\n<td><\/td>\n<td><\/td>\n<td><\/td>\n<td><\/td>\n<td><\/td>\n<td><\/td>\n<\/tr>\n<tr>\n<td><\/td>\n<td><\/td>\n<td><\/td>\n<td><\/td>\n<td><\/td>\n<td><\/td>\n<\/tr>\n<tr>\n<td><\/td>\n<td><\/td>\n<td><\/td>\n<td><\/td>\n<td><\/td>\n<td><\/td>\n<\/tr>\n<\/tbody>\n<\/table>\n<div class=\"product_characteristics\">\n<p><b>Lepiv\u00e1 vrstva: <\/b><span>akryl na b\u00e1zi vody<\/span><\/p>\n<p><b>Podkladov\u00fd materi\u00e1l: <\/b><span>sulf\u00e1tov\u00fd pap\u00edr<\/span><\/p>\n<p><b>Teplotn\u011b stabiln\u00ed do: <\/b><span><\/span><\/p>\n<p><b>Pevnost v tahu: <\/b><span>96,5 N\/25 mm<\/span><\/p>\n<p><b>Lepivost: <\/b><span>0,3 N\/25 mm<\/span><\/p>\n<p><b>Pevnost ve smyku: <\/b><span><\/span><\/p>\n<p><b>Tlou\u0161\u0165ka: <\/b><span>65 \u00b5m<\/span><\/p>\n<p><b>Pr\u016frazn\u00e9 nap\u011bt\u00ed: <\/b><span><\/span><\/p>\n<\/p><\/div>\n<p>  <a href=\"https:\/\/drive.google.com\/uc?id=1NukqfIa835T6n9Va_VR-h0UTWihl1ZxQ&#038;export=download\" class=\"btnHPX\" target=\"_blank\"><i class=\"fa fa-download\" aria-hidden=\"true\"><\/i>St\u00e1hnout technick\u00fd list (EN)<\/a><\/p>\n","protected":false},"featured_media":108997,"comment_status":"closed","ping_status":"open","template":"","meta":{"_exactmetrics_skip_tracking":false,"_exactmetrics_sitenote_active":false,"_exactmetrics_sitenote_note":"","_exactmetrics_sitenote_category":0,"_monsterinsights_skip_tracking":false,"_monsterinsights_sitenote_active":false,"_monsterinsights_sitenote_note":"","_monsterinsights_sitenote_category":0,"_themeisle_gutenberg_block_has_review":false},"product_brand":[],"product_cat":[1041],"product_tag":[],"class_list":{"0":"post-174399","1":"product","2":"type-product","3":"status-publish","4":"has-post-thumbnail","6":"product_cat-maskovaci-lepici-pasky","7":"post","8":"post-with-thumbnail","9":"post-with-thumbnail-large","11":"first","12":"instock","13":"product-type-simple"},"yoast_head":"<!-- This site is optimized with the Yoast SEO plugin v27.3 - https:\/\/yoast.com\/product\/yoast-seo-wordpress\/ -->\n<title>STICKY COVER PAPER | HPX<\/title>\n<meta name=\"description\" content=\"Ekologick\u00fd, samolepic\u00ed kryc\u00ed pap\u00edr k zakr\u00fdv\u00e1n\u00ed (rozm\u011brn\u00fdch) povrch\u016f, jako jsou podlahy, okenn\u00ed parapety, radi\u00e1tory, z\u00e1bradl\u00ed apod. | Maskovac\u00ed lepic\u00ed p\u00e1sky | STICKY COVER PAPER | HPX\" \/>\n<meta name=\"robots\" content=\"index, follow, max-snippet:-1, max-image-preview:large, max-video-preview:-1\" \/>\n<link rel=\"canonical\" href=\"https:\/\/hpx.eu\/cs\/product\/sticky-cover-paper-4000\/\" \/>\n<meta property=\"og:locale\" content=\"cs_CZ\" \/>\n<meta property=\"og:type\" content=\"article\" \/>\n<meta property=\"og:title\" content=\"STICKY COVER PAPER | HPX\" \/>\n<meta property=\"og:description\" content=\"Ekologick\u00fd, samolepic\u00ed kryc\u00ed pap\u00edr k zakr\u00fdv\u00e1n\u00ed (rozm\u011brn\u00fdch) povrch\u016f, jako jsou podlahy, okenn\u00ed parapety, radi\u00e1tory, z\u00e1bradl\u00ed apod. | Maskovac\u00ed lepic\u00ed p\u00e1sky | STICKY COVER PAPER | HPX\" \/>\n<meta property=\"og:url\" content=\"https:\/\/hpx.eu\/cs\/product\/sticky-cover-paper-4000\/\" \/>\n<meta property=\"og:site_name\" content=\"HPX\" \/>\n<meta property=\"article:publisher\" content=\"https:\/\/www.facebook.com\/HPXtape\/\" \/>\n<meta property=\"article:modified_time\" content=\"2025-07-14T08:25:45+00:00\" \/>\n<meta property=\"og:image\" content=\"https:\/\/hpx.eu\/wp-content\/uploads\/2021\/06\/CP730-CP1530-CP2230-CP3030-Sticky_Cover_Paper.jpg\" \/>\n\t<meta property=\"og:image:width\" content=\"800\" \/>\n\t<meta property=\"og:image:height\" content=\"800\" \/>\n\t<meta property=\"og:image:type\" content=\"image\/jpeg\" \/>\n<meta name=\"twitter:card\" content=\"summary_large_image\" \/>\n<script type=\"application\/ld+json\" class=\"yoast-schema-graph\">{\"@context\":\"https:\\\/\\\/schema.org\",\"@graph\":[{\"@type\":\"WebPage\",\"@id\":\"https:\\\/\\\/hpx.eu\\\/cs\\\/product\\\/sticky-cover-paper-4000\\\/\",\"url\":\"https:\\\/\\\/hpx.eu\\\/cs\\\/product\\\/sticky-cover-paper-4000\\\/\",\"name\":\"STICKY COVER PAPER | HPX\",\"isPartOf\":{\"@id\":\"http:\\\/\\\/hpx.eu\\\/cs\\\/#website\"},\"primaryImageOfPage\":{\"@id\":\"https:\\\/\\\/hpx.eu\\\/cs\\\/product\\\/sticky-cover-paper-4000\\\/#primaryimage\"},\"image\":{\"@id\":\"https:\\\/\\\/hpx.eu\\\/cs\\\/product\\\/sticky-cover-paper-4000\\\/#primaryimage\"},\"thumbnailUrl\":\"https:\\\/\\\/hpx.eu\\\/wp-content\\\/uploads\\\/2021\\\/06\\\/CP730-CP1530-CP2230-CP3030-Sticky_Cover_Paper.jpg\",\"datePublished\":\"2025-07-14T08:09:44+00:00\",\"dateModified\":\"2025-07-14T08:25:45+00:00\",\"description\":\"Ekologick\u00fd, samolepic\u00ed kryc\u00ed pap\u00edr k zakr\u00fdv\u00e1n\u00ed (rozm\u011brn\u00fdch) povrch\u016f, jako jsou podlahy, okenn\u00ed parapety, radi\u00e1tory, z\u00e1bradl\u00ed apod. | Maskovac\u00ed lepic\u00ed p\u00e1sky | STICKY COVER PAPER | HPX\",\"breadcrumb\":{\"@id\":\"https:\\\/\\\/hpx.eu\\\/cs\\\/product\\\/sticky-cover-paper-4000\\\/#breadcrumb\"},\"inLanguage\":\"cs\",\"potentialAction\":[{\"@type\":\"ReadAction\",\"target\":[\"https:\\\/\\\/hpx.eu\\\/cs\\\/product\\\/sticky-cover-paper-4000\\\/\"]}]},{\"@type\":\"ImageObject\",\"inLanguage\":\"cs\",\"@id\":\"https:\\\/\\\/hpx.eu\\\/cs\\\/product\\\/sticky-cover-paper-4000\\\/#primaryimage\",\"url\":\"https:\\\/\\\/hpx.eu\\\/wp-content\\\/uploads\\\/2021\\\/06\\\/CP730-CP1530-CP2230-CP3030-Sticky_Cover_Paper.jpg\",\"contentUrl\":\"https:\\\/\\\/hpx.eu\\\/wp-content\\\/uploads\\\/2021\\\/06\\\/CP730-CP1530-CP2230-CP3030-Sticky_Cover_Paper.jpg\",\"width\":800,\"height\":800,\"caption\":\"STICKY COVER PAPER | HPX\"},{\"@type\":\"BreadcrumbList\",\"@id\":\"https:\\\/\\\/hpx.eu\\\/cs\\\/product\\\/sticky-cover-paper-4000\\\/#breadcrumb\",\"itemListElement\":[{\"@type\":\"ListItem\",\"position\":1,\"name\":\"Startseite\",\"item\":\"http:\\\/\\\/hpx.eu\\\/cs\\\/\"},{\"@type\":\"ListItem\",\"position\":2,\"name\":\"V\u00fdrobky\",\"item\":\"http:\\\/\\\/hpx.eu\\\/cs\\\/vyrobky\\\/\"},{\"@type\":\"ListItem\",\"position\":3,\"name\":\"STICKY COVER PAPER 4000\"}]},{\"@type\":\"WebSite\",\"@id\":\"http:\\\/\\\/hpx.eu\\\/cs\\\/#website\",\"url\":\"http:\\\/\\\/hpx.eu\\\/cs\\\/\",\"name\":\"HPX\",\"description\":\"Tough Job, Tougher Tape\",\"publisher\":{\"@id\":\"http:\\\/\\\/hpx.eu\\\/cs\\\/#organization\"},\"potentialAction\":[{\"@type\":\"SearchAction\",\"target\":{\"@type\":\"EntryPoint\",\"urlTemplate\":\"http:\\\/\\\/hpx.eu\\\/cs\\\/?s={search_term_string}\"},\"query-input\":{\"@type\":\"PropertyValueSpecification\",\"valueRequired\":true,\"valueName\":\"search_term_string\"}}],\"inLanguage\":\"cs\"},{\"@type\":\"Organization\",\"@id\":\"http:\\\/\\\/hpx.eu\\\/cs\\\/#organization\",\"name\":\"Option Tape Specialties\",\"url\":\"http:\\\/\\\/hpx.eu\\\/cs\\\/\",\"logo\":{\"@type\":\"ImageObject\",\"inLanguage\":\"cs\",\"@id\":\"http:\\\/\\\/hpx.eu\\\/cs\\\/#\\\/schema\\\/logo\\\/image\\\/\",\"url\":\"\",\"contentUrl\":\"\",\"caption\":\"Option Tape Specialties\"},\"image\":{\"@id\":\"http:\\\/\\\/hpx.eu\\\/cs\\\/#\\\/schema\\\/logo\\\/image\\\/\"},\"sameAs\":[\"https:\\\/\\\/www.facebook.com\\\/HPXtape\\\/\",\"https:\\\/\\\/www.linkedin.com\\\/company\\\/2913311\\\/\",\"https:\\\/\\\/www.youtube.com\\\/channel\\\/UCCYnFjBGfKw8SPW1hMUCVFg\"]}]}<\/script>\n<!-- \/ Yoast SEO plugin. -->","yoast_head_json":{"title":"STICKY COVER PAPER | HPX","description":"Ekologick\u00fd, samolepic\u00ed kryc\u00ed pap\u00edr k zakr\u00fdv\u00e1n\u00ed (rozm\u011brn\u00fdch) povrch\u016f, jako jsou podlahy, okenn\u00ed parapety, radi\u00e1tory, z\u00e1bradl\u00ed apod. | Maskovac\u00ed lepic\u00ed p\u00e1sky | STICKY COVER PAPER | HPX","robots":{"index":"index","follow":"follow","max-snippet":"max-snippet:-1","max-image-preview":"max-image-preview:large","max-video-preview":"max-video-preview:-1"},"canonical":"https:\/\/hpx.eu\/cs\/product\/sticky-cover-paper-4000\/","og_locale":"cs_CZ","og_type":"article","og_title":"STICKY COVER PAPER | HPX","og_description":"Ekologick\u00fd, samolepic\u00ed kryc\u00ed pap\u00edr k zakr\u00fdv\u00e1n\u00ed (rozm\u011brn\u00fdch) povrch\u016f, jako jsou podlahy, okenn\u00ed parapety, radi\u00e1tory, z\u00e1bradl\u00ed apod. | Maskovac\u00ed lepic\u00ed p\u00e1sky | STICKY COVER PAPER | HPX","og_url":"https:\/\/hpx.eu\/cs\/product\/sticky-cover-paper-4000\/","og_site_name":"HPX","article_publisher":"https:\/\/www.facebook.com\/HPXtape\/","article_modified_time":"2025-07-14T08:25:45+00:00","og_image":[{"width":800,"height":800,"url":"https:\/\/hpx.eu\/wp-content\/uploads\/2021\/06\/CP730-CP1530-CP2230-CP3030-Sticky_Cover_Paper.jpg","type":"image\/jpeg"}],"twitter_card":"summary_large_image","schema":{"@context":"https:\/\/schema.org","@graph":[{"@type":"WebPage","@id":"https:\/\/hpx.eu\/cs\/product\/sticky-cover-paper-4000\/","url":"https:\/\/hpx.eu\/cs\/product\/sticky-cover-paper-4000\/","name":"STICKY COVER PAPER | HPX","isPartOf":{"@id":"https:\/\/hpx.eu\/cs\/#website"},"primaryImageOfPage":{"@id":"https:\/\/hpx.eu\/cs\/product\/sticky-cover-paper-4000\/#primaryimage"},"image":{"@id":"https:\/\/hpx.eu\/cs\/product\/sticky-cover-paper-4000\/#primaryimage"},"thumbnailUrl":"https:\/\/hpx.eu\/wp-content\/uploads\/2021\/06\/CP730-CP1530-CP2230-CP3030-Sticky_Cover_Paper.jpg","datePublished":"2025-07-14T08:09:44+00:00","dateModified":"2025-07-14T08:25:45+00:00","description":"Ekologick\u00fd, samolepic\u00ed kryc\u00ed pap\u00edr k zakr\u00fdv\u00e1n\u00ed (rozm\u011brn\u00fdch) povrch\u016f, jako jsou podlahy, okenn\u00ed parapety, radi\u00e1tory, z\u00e1bradl\u00ed apod. | Maskovac\u00ed lepic\u00ed p\u00e1sky | STICKY COVER PAPER | HPX","breadcrumb":{"@id":"https:\/\/hpx.eu\/cs\/product\/sticky-cover-paper-4000\/#breadcrumb"},"inLanguage":"cs","potentialAction":[{"@type":"ReadAction","target":["https:\/\/hpx.eu\/cs\/product\/sticky-cover-paper-4000\/"]}]},{"@type":"ImageObject","inLanguage":"cs","@id":"https:\/\/hpx.eu\/cs\/product\/sticky-cover-paper-4000\/#primaryimage","url":"https:\/\/hpx.eu\/wp-content\/uploads\/2021\/06\/CP730-CP1530-CP2230-CP3030-Sticky_Cover_Paper.jpg","contentUrl":"https:\/\/hpx.eu\/wp-content\/uploads\/2021\/06\/CP730-CP1530-CP2230-CP3030-Sticky_Cover_Paper.jpg","width":800,"height":800,"caption":"STICKY COVER PAPER | HPX"},{"@type":"BreadcrumbList","@id":"https:\/\/hpx.eu\/cs\/product\/sticky-cover-paper-4000\/#breadcrumb","itemListElement":[{"@type":"ListItem","position":1,"name":"Startseite","item":"https:\/\/hpx.eu\/cs\/"},{"@type":"ListItem","position":2,"name":"V\u00fdrobky","item":"https:\/\/hpx.eu\/cs\/vyrobky\/"},{"@type":"ListItem","position":3,"name":"STICKY COVER PAPER 4000"}]},{"@type":"WebSite","@id":"https:\/\/hpx.eu\/cs\/#website","url":"https:\/\/hpx.eu\/cs\/","name":"HPX","description":"Tough Job, Tougher Tape","publisher":{"@id":"https:\/\/hpx.eu\/cs\/#organization"},"potentialAction":[{"@type":"SearchAction","target":{"@type":"EntryPoint","urlTemplate":"https:\/\/hpx.eu\/cs\/?s={search_term_string}"},"query-input":{"@type":"PropertyValueSpecification","valueRequired":true,"valueName":"search_term_string"}}],"inLanguage":"cs"},{"@type":"Organization","@id":"https:\/\/hpx.eu\/cs\/#organization","name":"Option Tape Specialties","url":"https:\/\/hpx.eu\/cs\/","logo":{"@type":"ImageObject","inLanguage":"cs","@id":"https:\/\/hpx.eu\/cs\/#\/schema\/logo\/image\/","url":"","contentUrl":"","caption":"Option Tape Specialties"},"image":{"@id":"https:\/\/hpx.eu\/cs\/#\/schema\/logo\/image\/"},"sameAs":["https:\/\/www.facebook.com\/HPXtape\/","https:\/\/www.linkedin.com\/company\/2913311\/","https:\/\/www.youtube.com\/channel\/UCCYnFjBGfKw8SPW1hMUCVFg"]}]}},"_links":{"self":[{"href":"https:\/\/hpx.eu\/cs\/wp-json\/wp\/v2\/product\/174399","targetHints":{"allow":["GET"]}}],"collection":[{"href":"https:\/\/hpx.eu\/cs\/wp-json\/wp\/v2\/product"}],"about":[{"href":"https:\/\/hpx.eu\/cs\/wp-json\/wp\/v2\/types\/product"}],"replies":[{"embeddable":true,"href":"https:\/\/hpx.eu\/cs\/wp-json\/wp\/v2\/comments?post=174399"}],"wp:featuredmedia":[{"embeddable":true,"href":"https:\/\/hpx.eu\/cs\/wp-json\/wp\/v2\/media\/108997"}],"wp:attachment":[{"href":"https:\/\/hpx.eu\/cs\/wp-json\/wp\/v2\/media?parent=174399"}],"wp:term":[{"taxonomy":"product_brand","embeddable":true,"href":"https:\/\/hpx.eu\/cs\/wp-json\/wp\/v2\/product_brand?post=174399"},{"taxonomy":"product_cat","embeddable":true,"href":"https:\/\/hpx.eu\/cs\/wp-json\/wp\/v2\/product_cat?post=174399"},{"taxonomy":"product_tag","embeddable":true,"href":"https:\/\/hpx.eu\/cs\/wp-json\/wp\/v2\/product_tag?post=174399"}],"curies":[{"name":"wp","href":"https:\/\/api.w.org\/{rel}","templated":true}]}}