{"id":9745,"date":"2017-06-13T16:14:29","date_gmt":"2017-06-13T14:14:29","guid":{"rendered":"http:\/\/hpx.jonathanhuyssens.be\/?page_id=9745"},"modified":"2017-07-04T09:57:08","modified_gmt":"2017-07-04T07:57:08","slug":"kontakt","status":"publish","type":"page","link":"https:\/\/hpx.eu\/cs\/kontakt\/","title":{"rendered":"Kontakt"},"content":{"rendered":"<h1>Kontaktn\u00ed \u00fadaje<\/h1>\n<div class=\"contact_left\">\n<h2>HPX<\/h2>\n<p>Frankrijkstraat 8<br \/>\n9140 Temse<br \/>\nBelgium<br \/>\nT 0032 3 710 19 19<br \/>\nF 0032 3 711 34 64<br \/>\n<a href=\"mailto:info@hpx.eu\">info@hpx.eu<\/a><\/p>\n<p><a href=\"https:\/\/goo.gl\/maps\/kCUKtJZYik32\" target=\"_blank\"><img loading=\"lazy\" decoding=\"async\" src=\"https:\/\/hpx.eu\/wp-content\/uploads\/2017\/06\/contact_map.png\" alt=\"\" width=\"270\" height=\"330\" class=\"alignnone size-full wp-image-16333\" srcset=\"https:\/\/hpx.eu\/wp-content\/uploads\/2017\/06\/contact_map.png 270w, https:\/\/hpx.eu\/wp-content\/uploads\/2017\/06\/contact_map-245x300.png 245w\" sizes=\"auto, (max-width: 270px) 100vw, 270px\" \/><\/a>\n<\/div>\n<div class=\"contact_right\">\n<span>V p\u0159\u00edpad\u011b z\u00e1jmu o dal\u0161\u00ed informace o na\u0161ich produktech pros\u00edm vyu\u017eijte n\u00e1\u0161 kontaktn\u00ed formul\u00e1\u0159. Budeme V\u00e1s kontaktovat v nejbli\u017e\u0161\u00edm mo\u017en\u00e9m \u010dase.<\/span><br \/>\n\n<div class=\"wpcf7 no-js\" id=\"wpcf7-f9944-o1\" lang=\"en-US\" dir=\"ltr\" data-wpcf7-id=\"9944\">\n<div class=\"screen-reader-response\"><p role=\"status\" aria-live=\"polite\" aria-atomic=\"true\"><\/p> <ul><\/ul><\/div>\n<form action=\"\/cs\/wp-json\/wp\/v2\/pages\/9745#wpcf7-f9944-o1\" method=\"post\" class=\"wpcf7-form init\" aria-label=\"Contact form\" novalidate=\"novalidate\" data-status=\"init\">\n<fieldset class=\"hidden-fields-container\"><input type=\"hidden\" name=\"_wpcf7\" value=\"9944\" \/><input type=\"hidden\" name=\"_wpcf7_version\" value=\"6.1.5\" \/><input type=\"hidden\" name=\"_wpcf7_locale\" value=\"en_US\" \/><input type=\"hidden\" name=\"_wpcf7_unit_tag\" value=\"wpcf7-f9944-o1\" \/><input type=\"hidden\" name=\"_wpcf7_container_post\" value=\"0\" \/><input type=\"hidden\" name=\"_wpcf7_posted_data_hash\" value=\"\" \/>\n<\/fieldset>\n<div class=\"wpcf7-turnstile cf-turnstile\" data-sitekey=\"0x4AAAAAAB16H8LgtTcRk7N2\" data-response-field-name=\"_wpcf7_turnstile_response\"><\/div>\n\n<p><br \/>\n<label>Jm\u00e9no: *<\/label><span><i class=\"fa fa-user\" aria-hidden=\"true\"><\/i><span class=\"wpcf7-form-control-wrap\" data-name=\"HPX-Naam\"><input size=\"40\" maxlength=\"400\" class=\"wpcf7-form-control wpcf7-text wpcf7-validates-as-required\" aria-required=\"true\" aria-invalid=\"false\" value=\"\" type=\"text\" name=\"HPX-Naam\" \/><\/span><\/span>\n<\/p>\n<p><br \/>\n<label>N\u00e1zev firmy: *<\/label><span><i class=\"fa fa-industry\" aria-hidden=\"true\"><\/i><span class=\"wpcf7-form-control-wrap\" data-name=\"HPX-Bedrijf\"><input size=\"40\" maxlength=\"400\" class=\"wpcf7-form-control wpcf7-text wpcf7-validates-as-required\" aria-required=\"true\" aria-invalid=\"false\" value=\"\" type=\"text\" name=\"HPX-Bedrijf\" \/><\/span><\/span>\n<\/p>\n<p><br \/>\n<label>E-mail: *<\/label><span><i class=\"fa fa-envelope\" aria-hidden=\"true\"><\/i><span class=\"wpcf7-form-control-wrap\" data-name=\"HPX-Email\"><input size=\"40\" maxlength=\"400\" class=\"wpcf7-form-control wpcf7-email wpcf7-validates-as-required wpcf7-text wpcf7-validates-as-email\" aria-required=\"true\" aria-invalid=\"false\" value=\"\" type=\"email\" name=\"HPX-Email\" \/><\/span><\/span>\n<\/p>\n<p><br \/>\n<label>Webov\u00e1 str\u00e1nka:<\/label><span><i class=\"fa fa-globe\" aria-hidden=\"true\"><\/i><span class=\"wpcf7-form-control-wrap\" data-name=\"website\"><input size=\"40\" maxlength=\"400\" class=\"wpcf7-form-control wpcf7-text\" aria-invalid=\"false\" value=\"\" type=\"text\" name=\"website\" \/><\/span><\/span>\n<\/p>\n<p><br \/>\n<label>Telefon: *<\/label><span><i class=\"fa fa-phone\" aria-hidden=\"true\"><\/i><span class=\"wpcf7-form-control-wrap\" data-name=\"HPX-Tel\"><input size=\"40\" maxlength=\"400\" class=\"wpcf7-form-control wpcf7-tel wpcf7-validates-as-required wpcf7-text wpcf7-validates-as-tel\" aria-required=\"true\" aria-invalid=\"false\" value=\"\" type=\"tel\" name=\"HPX-Tel\" \/><\/span><\/span>\n<\/p>\n<p><br \/>\n<label>P\u0159edm\u011bt: *<\/label><span id=\"HPX-radio\"><span class=\"wpcf7-form-control-wrap\" data-name=\"HPX-Onderwerp\"><span class=\"wpcf7-form-control wpcf7-radio\"><span class=\"wpcf7-list-item first\"><label><input type=\"radio\" name=\"HPX-Onderwerp\" value=\"Cenov\u00e1 nab\u00eddka\" checked=\"checked\" \/><span class=\"wpcf7-list-item-label\">Cenov\u00e1 nab\u00eddka<\/span><\/label><\/span><span class=\"wpcf7-list-item\"><label><input type=\"radio\" name=\"HPX-Onderwerp\" value=\"Podpora\" \/><span class=\"wpcf7-list-item-label\">Podpora<\/span><\/label><\/span><span class=\"wpcf7-list-item\"><label><input type=\"radio\" name=\"HPX-Onderwerp\" value=\"Informace o v\u00fdrobku\" \/><span class=\"wpcf7-list-item-label\">Informace o v\u00fdrobku<\/span><\/label><\/span><span class=\"wpcf7-list-item\"><label><input type=\"radio\" name=\"HPX-Onderwerp\" value=\"Technick\u00e9 informace\" \/><span class=\"wpcf7-list-item-label\">Technick\u00e9 informace<\/span><\/label><\/span><span class=\"wpcf7-list-item last\"><label><input type=\"radio\" name=\"HPX-Onderwerp\" value=\"Jin\u00e9\" \/><span class=\"wpcf7-list-item-label\">Jin\u00e9<\/span><\/label><\/span><\/span><\/span><\/span>\n<\/p>\n<p><br \/>\n<label>Ot\u00e1zky<br \/>\npozn\u00e1mky: *<\/label><span><span class=\"wpcf7-form-control-wrap\" data-name=\"HPX-Boodschap\"><textarea cols=\"40\" rows=\"10\" maxlength=\"2000\" class=\"wpcf7-form-control wpcf7-textarea wpcf7-validates-as-required\" aria-required=\"true\" aria-invalid=\"false\" name=\"HPX-Boodschap\"><\/textarea><\/span><\/span>\n<\/p>\n<p>[recaptcha]\n<\/p>\n<p><br \/>\n<label>&nbsp;<\/label><span class=\"wpcf7-form-control-wrap\" data-name=\"GDPR\"><span class=\"wpcf7-form-control wpcf7-checkbox wpcf7-validates-as-required\"><span class=\"wpcf7-list-item first last\"><input type=\"checkbox\" name=\"GDPR[]\" value=\"I have read and agree to the\" \/><span class=\"wpcf7-list-item-label\">I have read and agree to the<\/span><\/span><\/span><\/span><a href=https:\/\/hpx.eu\/cs\/privacy\/>Privacy Policy<\/a>*.\n<\/p>\n<p><input class=\"wpcf7-form-control wpcf7-submit has-spinner\" type=\"submit\" value=\"Submit\" \/><br \/>\n<i class=\"fa fa-paper-plane\" aria-hidden=\"true\"><\/i>\n<\/p><div class=\"wpcf7-response-output\" aria-hidden=\"true\"><\/div>\n<\/form>\n<\/div>\n<\/p>\n<p class=\"verplicht\">* Required field<\/p>\n<\/div>\n","protected":false},"excerpt":{"rendered":"<p>Kontaktn\u00ed \u00fadaje HPX Frankrijkstraat 8 9140 Temse Belgium T 0032 3 710 19 19 F 0032 3 711 34 64 info@hpx.eu V p\u0159\u00edpad\u011b z\u00e1jmu o dal\u0161\u00ed informace o na\u0161ich produktech pros\u00edm vyu\u017eijte n\u00e1\u0161 kontaktn\u00ed formul\u00e1\u0159. Budeme V\u00e1s kontaktovat v nejbli\u017e\u0161\u00edm mo\u017en\u00e9m \u010dase. * Required field<\/p>\n","protected":false},"author":1,"featured_media":0,"parent":0,"menu_order":0,"comment_status":"closed","ping_status":"closed","template":"","meta":{"_exactmetrics_skip_tracking":false,"_exactmetrics_sitenote_active":false,"_exactmetrics_sitenote_note":"","_exactmetrics_sitenote_category":0,"_monsterinsights_skip_tracking":false,"_monsterinsights_sitenote_active":false,"_monsterinsights_sitenote_note":"","_monsterinsights_sitenote_category":0,"_themeisle_gutenberg_block_has_review":false,"footnotes":""},"class_list":["post-9745","page","type-page","status-publish","hentry","post"],"yoast_head":"<!-- This site is optimized with the Yoast SEO plugin v27.3 - https:\/\/yoast.com\/product\/yoast-seo-wordpress\/ -->\n<title>Kontakt - HPX<\/title>\n<meta name=\"robots\" content=\"index, follow, max-snippet:-1, max-image-preview:large, max-video-preview:-1\" \/>\n<link rel=\"canonical\" href=\"https:\/\/hpx.eu\/cs\/kontakt\/\" \/>\n<meta property=\"og:locale\" content=\"cs_CZ\" \/>\n<meta property=\"og:type\" content=\"article\" \/>\n<meta property=\"og:title\" content=\"Kontakt - HPX\" \/>\n<meta property=\"og:description\" content=\"Kontaktn\u00ed \u00fadaje HPX Frankrijkstraat 8 9140 Temse Belgium T 0032 3 710 19 19 F 0032 3 711 34 64 info@hpx.eu V p\u0159\u00edpad\u011b z\u00e1jmu o dal\u0161\u00ed informace o na\u0161ich produktech pros\u00edm vyu\u017eijte n\u00e1\u0161 kontaktn\u00ed formul\u00e1\u0159. Budeme V\u00e1s kontaktovat v nejbli\u017e\u0161\u00edm mo\u017en\u00e9m \u010dase. * Required field\" \/>\n<meta property=\"og:url\" content=\"https:\/\/hpx.eu\/cs\/kontakt\/\" \/>\n<meta property=\"og:site_name\" content=\"HPX\" \/>\n<meta property=\"article:publisher\" content=\"https:\/\/www.facebook.com\/HPXtape\/\" \/>\n<meta property=\"article:modified_time\" content=\"2017-07-04T07:57:08+00:00\" \/>\n<meta property=\"og:image\" content=\"https:\/\/hpx.eu\/wp-content\/uploads\/2017\/06\/contact_map.png\" \/>\n<meta name=\"twitter:card\" content=\"summary_large_image\" \/>\n<script type=\"application\/ld+json\" class=\"yoast-schema-graph\">{\"@context\":\"https:\\\/\\\/schema.org\",\"@graph\":[{\"@type\":\"WebPage\",\"@id\":\"https:\\\/\\\/hpx.eu\\\/cs\\\/kontakt\\\/\",\"url\":\"https:\\\/\\\/hpx.eu\\\/cs\\\/kontakt\\\/\",\"name\":\"Kontakt - HPX\",\"isPartOf\":{\"@id\":\"http:\\\/\\\/hpx.eu\\\/cs\\\/#website\"},\"primaryImageOfPage\":{\"@id\":\"https:\\\/\\\/hpx.eu\\\/cs\\\/kontakt\\\/#primaryimage\"},\"image\":{\"@id\":\"https:\\\/\\\/hpx.eu\\\/cs\\\/kontakt\\\/#primaryimage\"},\"thumbnailUrl\":\"http:\\\/\\\/hpx.eu\\\/wp-content\\\/uploads\\\/2017\\\/06\\\/contact_map.png\",\"datePublished\":\"2017-06-13T14:14:29+00:00\",\"dateModified\":\"2017-07-04T07:57:08+00:00\",\"breadcrumb\":{\"@id\":\"https:\\\/\\\/hpx.eu\\\/cs\\\/kontakt\\\/#breadcrumb\"},\"inLanguage\":\"cs\",\"potentialAction\":[{\"@type\":\"ReadAction\",\"target\":[\"https:\\\/\\\/hpx.eu\\\/cs\\\/kontakt\\\/\"]}]},{\"@type\":\"ImageObject\",\"inLanguage\":\"cs\",\"@id\":\"https:\\\/\\\/hpx.eu\\\/cs\\\/kontakt\\\/#primaryimage\",\"url\":\"http:\\\/\\\/hpx.eu\\\/wp-content\\\/uploads\\\/2017\\\/06\\\/contact_map.png\",\"contentUrl\":\"http:\\\/\\\/hpx.eu\\\/wp-content\\\/uploads\\\/2017\\\/06\\\/contact_map.png\"},{\"@type\":\"BreadcrumbList\",\"@id\":\"https:\\\/\\\/hpx.eu\\\/cs\\\/kontakt\\\/#breadcrumb\",\"itemListElement\":[{\"@type\":\"ListItem\",\"position\":1,\"name\":\"Startseite\",\"item\":\"http:\\\/\\\/hpx.eu\\\/cs\\\/\"},{\"@type\":\"ListItem\",\"position\":2,\"name\":\"Kontakt\"}]},{\"@type\":\"WebSite\",\"@id\":\"http:\\\/\\\/hpx.eu\\\/cs\\\/#website\",\"url\":\"http:\\\/\\\/hpx.eu\\\/cs\\\/\",\"name\":\"HPX\",\"description\":\"Tough Job, Tougher Tape\",\"publisher\":{\"@id\":\"http:\\\/\\\/hpx.eu\\\/cs\\\/#organization\"},\"potentialAction\":[{\"@type\":\"SearchAction\",\"target\":{\"@type\":\"EntryPoint\",\"urlTemplate\":\"http:\\\/\\\/hpx.eu\\\/cs\\\/?s={search_term_string}\"},\"query-input\":{\"@type\":\"PropertyValueSpecification\",\"valueRequired\":true,\"valueName\":\"search_term_string\"}}],\"inLanguage\":\"cs\"},{\"@type\":\"Organization\",\"@id\":\"http:\\\/\\\/hpx.eu\\\/cs\\\/#organization\",\"name\":\"Option Tape Specialties\",\"url\":\"http:\\\/\\\/hpx.eu\\\/cs\\\/\",\"logo\":{\"@type\":\"ImageObject\",\"inLanguage\":\"cs\",\"@id\":\"http:\\\/\\\/hpx.eu\\\/cs\\\/#\\\/schema\\\/logo\\\/image\\\/\",\"url\":\"\",\"contentUrl\":\"\",\"caption\":\"Option Tape Specialties\"},\"image\":{\"@id\":\"http:\\\/\\\/hpx.eu\\\/cs\\\/#\\\/schema\\\/logo\\\/image\\\/\"},\"sameAs\":[\"https:\\\/\\\/www.facebook.com\\\/HPXtape\\\/\",\"https:\\\/\\\/www.linkedin.com\\\/company\\\/2913311\\\/\",\"https:\\\/\\\/www.youtube.com\\\/channel\\\/UCCYnFjBGfKw8SPW1hMUCVFg\"]}]}<\/script>\n<!-- \/ Yoast SEO plugin. -->","yoast_head_json":{"title":"Kontakt - HPX","robots":{"index":"index","follow":"follow","max-snippet":"max-snippet:-1","max-image-preview":"max-image-preview:large","max-video-preview":"max-video-preview:-1"},"canonical":"https:\/\/hpx.eu\/cs\/kontakt\/","og_locale":"cs_CZ","og_type":"article","og_title":"Kontakt - HPX","og_description":"Kontaktn\u00ed \u00fadaje HPX Frankrijkstraat 8 9140 Temse Belgium T 0032 3 710 19 19 F 0032 3 711 34 64 info@hpx.eu V p\u0159\u00edpad\u011b z\u00e1jmu o dal\u0161\u00ed informace o na\u0161ich produktech pros\u00edm vyu\u017eijte n\u00e1\u0161 kontaktn\u00ed formul\u00e1\u0159. Budeme V\u00e1s kontaktovat v nejbli\u017e\u0161\u00edm mo\u017en\u00e9m \u010dase. * Required field","og_url":"https:\/\/hpx.eu\/cs\/kontakt\/","og_site_name":"HPX","article_publisher":"https:\/\/www.facebook.com\/HPXtape\/","article_modified_time":"2017-07-04T07:57:08+00:00","og_image":[{"url":"https:\/\/hpx.eu\/wp-content\/uploads\/2017\/06\/contact_map.png","type":"","width":"","height":""}],"twitter_card":"summary_large_image","schema":{"@context":"https:\/\/schema.org","@graph":[{"@type":"WebPage","@id":"https:\/\/hpx.eu\/cs\/kontakt\/","url":"https:\/\/hpx.eu\/cs\/kontakt\/","name":"Kontakt - HPX","isPartOf":{"@id":"https:\/\/hpx.eu\/cs\/#website"},"primaryImageOfPage":{"@id":"https:\/\/hpx.eu\/cs\/kontakt\/#primaryimage"},"image":{"@id":"https:\/\/hpx.eu\/cs\/kontakt\/#primaryimage"},"thumbnailUrl":"https:\/\/hpx.eu\/wp-content\/uploads\/2017\/06\/contact_map.png","datePublished":"2017-06-13T14:14:29+00:00","dateModified":"2017-07-04T07:57:08+00:00","breadcrumb":{"@id":"https:\/\/hpx.eu\/cs\/kontakt\/#breadcrumb"},"inLanguage":"cs","potentialAction":[{"@type":"ReadAction","target":["https:\/\/hpx.eu\/cs\/kontakt\/"]}]},{"@type":"ImageObject","inLanguage":"cs","@id":"https:\/\/hpx.eu\/cs\/kontakt\/#primaryimage","url":"https:\/\/hpx.eu\/wp-content\/uploads\/2017\/06\/contact_map.png","contentUrl":"https:\/\/hpx.eu\/wp-content\/uploads\/2017\/06\/contact_map.png"},{"@type":"BreadcrumbList","@id":"https:\/\/hpx.eu\/cs\/kontakt\/#breadcrumb","itemListElement":[{"@type":"ListItem","position":1,"name":"Startseite","item":"https:\/\/hpx.eu\/cs\/"},{"@type":"ListItem","position":2,"name":"Kontakt"}]},{"@type":"WebSite","@id":"https:\/\/hpx.eu\/cs\/#website","url":"https:\/\/hpx.eu\/cs\/","name":"HPX","description":"Tough Job, Tougher Tape","publisher":{"@id":"https:\/\/hpx.eu\/cs\/#organization"},"potentialAction":[{"@type":"SearchAction","target":{"@type":"EntryPoint","urlTemplate":"https:\/\/hpx.eu\/cs\/?s={search_term_string}"},"query-input":{"@type":"PropertyValueSpecification","valueRequired":true,"valueName":"search_term_string"}}],"inLanguage":"cs"},{"@type":"Organization","@id":"https:\/\/hpx.eu\/cs\/#organization","name":"Option Tape Specialties","url":"https:\/\/hpx.eu\/cs\/","logo":{"@type":"ImageObject","inLanguage":"cs","@id":"https:\/\/hpx.eu\/cs\/#\/schema\/logo\/image\/","url":"","contentUrl":"","caption":"Option Tape Specialties"},"image":{"@id":"https:\/\/hpx.eu\/cs\/#\/schema\/logo\/image\/"},"sameAs":["https:\/\/www.facebook.com\/HPXtape\/","https:\/\/www.linkedin.com\/company\/2913311\/","https:\/\/www.youtube.com\/channel\/UCCYnFjBGfKw8SPW1hMUCVFg"]}]}},"_links":{"self":[{"href":"https:\/\/hpx.eu\/cs\/wp-json\/wp\/v2\/pages\/9745","targetHints":{"allow":["GET"]}}],"collection":[{"href":"https:\/\/hpx.eu\/cs\/wp-json\/wp\/v2\/pages"}],"about":[{"href":"https:\/\/hpx.eu\/cs\/wp-json\/wp\/v2\/types\/page"}],"author":[{"embeddable":true,"href":"https:\/\/hpx.eu\/cs\/wp-json\/wp\/v2\/users\/1"}],"replies":[{"embeddable":true,"href":"https:\/\/hpx.eu\/cs\/wp-json\/wp\/v2\/comments?post=9745"}],"version-history":[{"count":4,"href":"https:\/\/hpx.eu\/cs\/wp-json\/wp\/v2\/pages\/9745\/revisions"}],"predecessor-version":[{"id":16355,"href":"https:\/\/hpx.eu\/cs\/wp-json\/wp\/v2\/pages\/9745\/revisions\/16355"}],"wp:attachment":[{"href":"https:\/\/hpx.eu\/cs\/wp-json\/wp\/v2\/media?parent=9745"}],"curies":[{"name":"wp","href":"https:\/\/api.w.org\/{rel}","templated":true}]}}