{"id":9731,"date":"2017-06-13T16:08:44","date_gmt":"2017-06-13T14:08:44","guid":{"rendered":"http:\/\/hpx.jonathanhuyssens.be\/?page_id=9731"},"modified":"2020-05-11T08:58:42","modified_gmt":"2020-05-11T06:58:42","slug":"planogram","status":"publish","type":"page","link":"https:\/\/hpx.eu\/cs\/planogram\/","title":{"rendered":"Pl\u00e1nogram"},"content":{"rendered":"<p>V na\u0161em sortimentu m\u00e1m e n\u011bkolik koncept\u016f pro r\u016fzn\u00e9 segmenty trhu. Jde p\u0159edev\u0161\u00edm o automobilov\u00fd segment, velkoobchod s pr\u016fmyslov\u00fdm a konstruk\u010dn\u00edm materi\u00e1lem, volno\u010dasov\u00e9 a outdoorov\u00e9 obchody apod. M\u016f\u017eeme v\u00e1m na po\u017e\u00e1d\u00e1n\u00ed a na z\u00e1klad\u011b na\u0161ich dlouholet\u00fdch zku\u0161enost\u00ed vytvo\u0159it na m\u00edru \u0161it\u00fd pl\u00e1nogram. Pokud m\u00e1te z\u00e1jem o uvedenou slu\u017ebu pros\u00edm klikn\u011bte <a href=\"..\/contact\">zde<\/a>.<\/p>\n<div class=\"ThreeCol\">\n<h3>Krok 1: V\u00fdvoj pl\u00e1nogramu<\/h3>\n<p><img loading=\"lazy\" decoding=\"async\" src=\"https:\/\/hpx.eu\/wp-content\/uploads\/2017\/06\/Shelf_plan-step_1.png\" alt=\"V\u00fdvoj pl\u00e1nogramu\" width=\"300\" height=\"749\" class=\"alignnone size-full wp-image-17357\"><\/p>\n<\/div>\n<div class=\"ThreeCol\">\n<h3>Krok 2: Grafick\u00fd n\u00e1vrh<\/h3>\n<p><img loading=\"lazy\" decoding=\"async\" src=\"https:\/\/hpx.eu\/wp-content\/uploads\/2017\/06\/Shelf_plan-step_2.jpg\" alt=\"Grafick\u00fd n\u00e1vrh\" width=\"300\" height=\"749\" class=\"alignnone size-full wp-image-17377\" srcset=\"https:\/\/hpx.eu\/wp-content\/uploads\/2017\/06\/Shelf_plan-step_2.jpg 300w, https:\/\/hpx.eu\/wp-content\/uploads\/2017\/06\/Shelf_plan-step_2-120x300.jpg 120w\" sizes=\"auto, (max-width: 300px) 100vw, 300px\" \/><\/p>\n<\/div>\n<div class=\"ThreeCol\">\n<h3>Krok 3: Realita<\/h3>\n<p><img loading=\"lazy\" decoding=\"async\" src=\"https:\/\/hpx.eu\/wp-content\/uploads\/2017\/06\/Shelf_plan-step_3.jpg\" alt=\"Realita\" width=\"311\" height=\"749\" class=\"alignnone size-full wp-image-17395\" srcset=\"https:\/\/hpx.eu\/wp-content\/uploads\/2017\/06\/Shelf_plan-step_3.jpg 311w, https:\/\/hpx.eu\/wp-content\/uploads\/2017\/06\/Shelf_plan-step_3-125x300.jpg 125w\" sizes=\"auto, (max-width: 311px) 100vw, 311px\" \/><\/p>\n<\/div>\n","protected":false},"excerpt":{"rendered":"<p>V na\u0161em sortimentu m\u00e1m e n\u011bkolik koncept\u016f pro r\u016fzn\u00e9 segmenty trhu. Jde p\u0159edev\u0161\u00edm o automobilov\u00fd segment, velkoobchod s pr\u016fmyslov\u00fdm a konstruk\u010dn\u00edm materi\u00e1lem, volno\u010dasov\u00e9 a outdoorov\u00e9 obchody apod. M\u016f\u017eeme v\u00e1m na po\u017e\u00e1d\u00e1n\u00ed a na z\u00e1klad\u011b na\u0161ich dlouholet\u00fdch zku\u0161enost\u00ed vytvo\u0159it na m\u00edru \u0161it\u00fd pl\u00e1nogram. Pokud m\u00e1te z\u00e1jem o uvedenou slu\u017ebu pros\u00edm klikn\u011bte zde. Krok 1: V\u00fdvoj pl\u00e1nogramu [&hellip;]<\/p>\n","protected":false},"author":1,"featured_media":0,"parent":0,"menu_order":0,"comment_status":"closed","ping_status":"closed","template":"","meta":{"_exactmetrics_skip_tracking":false,"_exactmetrics_sitenote_active":false,"_exactmetrics_sitenote_note":"","_exactmetrics_sitenote_category":0,"_monsterinsights_skip_tracking":false,"_monsterinsights_sitenote_active":false,"_monsterinsights_sitenote_note":"","_monsterinsights_sitenote_category":0,"_themeisle_gutenberg_block_has_review":false,"footnotes":""},"class_list":["post-9731","page","type-page","status-publish","hentry","post"],"yoast_head":"<!-- This site is optimized with the Yoast SEO plugin v27.4 - https:\/\/yoast.com\/product\/yoast-seo-wordpress\/ -->\n<title>Pl\u00e1nogram - HPX<\/title>\n<meta name=\"robots\" content=\"index, follow, max-snippet:-1, max-image-preview:large, max-video-preview:-1\" \/>\n<link rel=\"canonical\" href=\"https:\/\/hpx.eu\/cs\/planogram\/\" \/>\n<meta property=\"og:locale\" content=\"cs_CZ\" \/>\n<meta property=\"og:type\" content=\"article\" \/>\n<meta property=\"og:title\" content=\"Pl\u00e1nogram - HPX\" \/>\n<meta property=\"og:description\" content=\"V na\u0161em sortimentu m\u00e1m e n\u011bkolik koncept\u016f pro r\u016fzn\u00e9 segmenty trhu. Jde p\u0159edev\u0161\u00edm o automobilov\u00fd segment, velkoobchod s pr\u016fmyslov\u00fdm a konstruk\u010dn\u00edm materi\u00e1lem, volno\u010dasov\u00e9 a outdoorov\u00e9 obchody apod. M\u016f\u017eeme v\u00e1m na po\u017e\u00e1d\u00e1n\u00ed a na z\u00e1klad\u011b na\u0161ich dlouholet\u00fdch zku\u0161enost\u00ed vytvo\u0159it na m\u00edru \u0161it\u00fd pl\u00e1nogram. Pokud m\u00e1te z\u00e1jem o uvedenou slu\u017ebu pros\u00edm klikn\u011bte zde. Krok 1: V\u00fdvoj pl\u00e1nogramu [&hellip;]\" \/>\n<meta property=\"og:url\" content=\"https:\/\/hpx.eu\/cs\/planogram\/\" \/>\n<meta property=\"og:site_name\" content=\"HPX\" \/>\n<meta property=\"article:publisher\" content=\"https:\/\/www.facebook.com\/HPXtape\/\" \/>\n<meta property=\"article:modified_time\" content=\"2020-05-11T06:58:42+00:00\" \/>\n<meta property=\"og:image\" content=\"https:\/\/hpx.eu\/wp-content\/uploads\/2017\/06\/Shelf_plan-step_1.png\" \/>\n<meta name=\"twitter:card\" content=\"summary_large_image\" \/>\n<script type=\"application\/ld+json\" class=\"yoast-schema-graph\">{\"@context\":\"https:\\\/\\\/schema.org\",\"@graph\":[{\"@type\":\"WebPage\",\"@id\":\"https:\\\/\\\/hpx.eu\\\/cs\\\/planogram\\\/\",\"url\":\"https:\\\/\\\/hpx.eu\\\/cs\\\/planogram\\\/\",\"name\":\"Pl\u00e1nogram - HPX\",\"isPartOf\":{\"@id\":\"http:\\\/\\\/hpx.eu\\\/cs\\\/#website\"},\"primaryImageOfPage\":{\"@id\":\"https:\\\/\\\/hpx.eu\\\/cs\\\/planogram\\\/#primaryimage\"},\"image\":{\"@id\":\"https:\\\/\\\/hpx.eu\\\/cs\\\/planogram\\\/#primaryimage\"},\"thumbnailUrl\":\"http:\\\/\\\/hpx.eu\\\/wp-content\\\/uploads\\\/2017\\\/06\\\/Shelf_plan-step_1.png\",\"datePublished\":\"2017-06-13T14:08:44+00:00\",\"dateModified\":\"2020-05-11T06:58:42+00:00\",\"breadcrumb\":{\"@id\":\"https:\\\/\\\/hpx.eu\\\/cs\\\/planogram\\\/#breadcrumb\"},\"inLanguage\":\"cs\",\"potentialAction\":[{\"@type\":\"ReadAction\",\"target\":[\"https:\\\/\\\/hpx.eu\\\/cs\\\/planogram\\\/\"]}]},{\"@type\":\"ImageObject\",\"inLanguage\":\"cs\",\"@id\":\"https:\\\/\\\/hpx.eu\\\/cs\\\/planogram\\\/#primaryimage\",\"url\":\"http:\\\/\\\/hpx.eu\\\/wp-content\\\/uploads\\\/2017\\\/06\\\/Shelf_plan-step_1.png\",\"contentUrl\":\"http:\\\/\\\/hpx.eu\\\/wp-content\\\/uploads\\\/2017\\\/06\\\/Shelf_plan-step_1.png\"},{\"@type\":\"BreadcrumbList\",\"@id\":\"https:\\\/\\\/hpx.eu\\\/cs\\\/planogram\\\/#breadcrumb\",\"itemListElement\":[{\"@type\":\"ListItem\",\"position\":1,\"name\":\"Startseite\",\"item\":\"http:\\\/\\\/hpx.eu\\\/cs\\\/\"},{\"@type\":\"ListItem\",\"position\":2,\"name\":\"Pl\u00e1nogram\"}]},{\"@type\":\"WebSite\",\"@id\":\"http:\\\/\\\/hpx.eu\\\/cs\\\/#website\",\"url\":\"http:\\\/\\\/hpx.eu\\\/cs\\\/\",\"name\":\"HPX\",\"description\":\"Tough Job, Tougher Tape\",\"publisher\":{\"@id\":\"http:\\\/\\\/hpx.eu\\\/cs\\\/#organization\"},\"potentialAction\":[{\"@type\":\"SearchAction\",\"target\":{\"@type\":\"EntryPoint\",\"urlTemplate\":\"http:\\\/\\\/hpx.eu\\\/cs\\\/?s={search_term_string}\"},\"query-input\":{\"@type\":\"PropertyValueSpecification\",\"valueRequired\":true,\"valueName\":\"search_term_string\"}}],\"inLanguage\":\"cs\"},{\"@type\":\"Organization\",\"@id\":\"http:\\\/\\\/hpx.eu\\\/cs\\\/#organization\",\"name\":\"Option Tape Specialties\",\"url\":\"http:\\\/\\\/hpx.eu\\\/cs\\\/\",\"logo\":{\"@type\":\"ImageObject\",\"inLanguage\":\"cs\",\"@id\":\"http:\\\/\\\/hpx.eu\\\/cs\\\/#\\\/schema\\\/logo\\\/image\\\/\",\"url\":\"\",\"contentUrl\":\"\",\"caption\":\"Option Tape Specialties\"},\"image\":{\"@id\":\"http:\\\/\\\/hpx.eu\\\/cs\\\/#\\\/schema\\\/logo\\\/image\\\/\"},\"sameAs\":[\"https:\\\/\\\/www.facebook.com\\\/HPXtape\\\/\",\"https:\\\/\\\/www.linkedin.com\\\/company\\\/2913311\\\/\",\"https:\\\/\\\/www.youtube.com\\\/channel\\\/UCCYnFjBGfKw8SPW1hMUCVFg\"]}]}<\/script>\n<!-- \/ Yoast SEO plugin. -->","yoast_head_json":{"title":"Pl\u00e1nogram - HPX","robots":{"index":"index","follow":"follow","max-snippet":"max-snippet:-1","max-image-preview":"max-image-preview:large","max-video-preview":"max-video-preview:-1"},"canonical":"https:\/\/hpx.eu\/cs\/planogram\/","og_locale":"cs_CZ","og_type":"article","og_title":"Pl\u00e1nogram - HPX","og_description":"V na\u0161em sortimentu m\u00e1m e n\u011bkolik koncept\u016f pro r\u016fzn\u00e9 segmenty trhu. Jde p\u0159edev\u0161\u00edm o automobilov\u00fd segment, velkoobchod s pr\u016fmyslov\u00fdm a konstruk\u010dn\u00edm materi\u00e1lem, volno\u010dasov\u00e9 a outdoorov\u00e9 obchody apod. M\u016f\u017eeme v\u00e1m na po\u017e\u00e1d\u00e1n\u00ed a na z\u00e1klad\u011b na\u0161ich dlouholet\u00fdch zku\u0161enost\u00ed vytvo\u0159it na m\u00edru \u0161it\u00fd pl\u00e1nogram. Pokud m\u00e1te z\u00e1jem o uvedenou slu\u017ebu pros\u00edm klikn\u011bte zde. Krok 1: V\u00fdvoj pl\u00e1nogramu [&hellip;]","og_url":"https:\/\/hpx.eu\/cs\/planogram\/","og_site_name":"HPX","article_publisher":"https:\/\/www.facebook.com\/HPXtape\/","article_modified_time":"2020-05-11T06:58:42+00:00","og_image":[{"url":"https:\/\/hpx.eu\/wp-content\/uploads\/2017\/06\/Shelf_plan-step_1.png","type":"","width":"","height":""}],"twitter_card":"summary_large_image","schema":{"@context":"https:\/\/schema.org","@graph":[{"@type":"WebPage","@id":"https:\/\/hpx.eu\/cs\/planogram\/","url":"https:\/\/hpx.eu\/cs\/planogram\/","name":"Pl\u00e1nogram - HPX","isPartOf":{"@id":"https:\/\/hpx.eu\/cs\/#website"},"primaryImageOfPage":{"@id":"https:\/\/hpx.eu\/cs\/planogram\/#primaryimage"},"image":{"@id":"https:\/\/hpx.eu\/cs\/planogram\/#primaryimage"},"thumbnailUrl":"https:\/\/hpx.eu\/wp-content\/uploads\/2017\/06\/Shelf_plan-step_1.png","datePublished":"2017-06-13T14:08:44+00:00","dateModified":"2020-05-11T06:58:42+00:00","breadcrumb":{"@id":"https:\/\/hpx.eu\/cs\/planogram\/#breadcrumb"},"inLanguage":"cs","potentialAction":[{"@type":"ReadAction","target":["https:\/\/hpx.eu\/cs\/planogram\/"]}]},{"@type":"ImageObject","inLanguage":"cs","@id":"https:\/\/hpx.eu\/cs\/planogram\/#primaryimage","url":"https:\/\/hpx.eu\/wp-content\/uploads\/2017\/06\/Shelf_plan-step_1.png","contentUrl":"https:\/\/hpx.eu\/wp-content\/uploads\/2017\/06\/Shelf_plan-step_1.png"},{"@type":"BreadcrumbList","@id":"https:\/\/hpx.eu\/cs\/planogram\/#breadcrumb","itemListElement":[{"@type":"ListItem","position":1,"name":"Startseite","item":"https:\/\/hpx.eu\/cs\/"},{"@type":"ListItem","position":2,"name":"Pl\u00e1nogram"}]},{"@type":"WebSite","@id":"https:\/\/hpx.eu\/cs\/#website","url":"https:\/\/hpx.eu\/cs\/","name":"HPX","description":"Tough Job, Tougher Tape","publisher":{"@id":"https:\/\/hpx.eu\/cs\/#organization"},"potentialAction":[{"@type":"SearchAction","target":{"@type":"EntryPoint","urlTemplate":"https:\/\/hpx.eu\/cs\/?s={search_term_string}"},"query-input":{"@type":"PropertyValueSpecification","valueRequired":true,"valueName":"search_term_string"}}],"inLanguage":"cs"},{"@type":"Organization","@id":"https:\/\/hpx.eu\/cs\/#organization","name":"Option Tape Specialties","url":"https:\/\/hpx.eu\/cs\/","logo":{"@type":"ImageObject","inLanguage":"cs","@id":"https:\/\/hpx.eu\/cs\/#\/schema\/logo\/image\/","url":"","contentUrl":"","caption":"Option Tape Specialties"},"image":{"@id":"https:\/\/hpx.eu\/cs\/#\/schema\/logo\/image\/"},"sameAs":["https:\/\/www.facebook.com\/HPXtape\/","https:\/\/www.linkedin.com\/company\/2913311\/","https:\/\/www.youtube.com\/channel\/UCCYnFjBGfKw8SPW1hMUCVFg"]}]}},"_links":{"self":[{"href":"https:\/\/hpx.eu\/cs\/wp-json\/wp\/v2\/pages\/9731","targetHints":{"allow":["GET"]}}],"collection":[{"href":"https:\/\/hpx.eu\/cs\/wp-json\/wp\/v2\/pages"}],"about":[{"href":"https:\/\/hpx.eu\/cs\/wp-json\/wp\/v2\/types\/page"}],"author":[{"embeddable":true,"href":"https:\/\/hpx.eu\/cs\/wp-json\/wp\/v2\/users\/1"}],"replies":[{"embeddable":true,"href":"https:\/\/hpx.eu\/cs\/wp-json\/wp\/v2\/comments?post=9731"}],"version-history":[{"count":4,"href":"https:\/\/hpx.eu\/cs\/wp-json\/wp\/v2\/pages\/9731\/revisions"}],"predecessor-version":[{"id":100327,"href":"https:\/\/hpx.eu\/cs\/wp-json\/wp\/v2\/pages\/9731\/revisions\/100327"}],"wp:attachment":[{"href":"https:\/\/hpx.eu\/cs\/wp-json\/wp\/v2\/media?parent=9731"}],"curies":[{"name":"wp","href":"https:\/\/api.w.org\/{rel}","templated":true}]}}