{"id":9711,"date":"2017-06-13T15:56:10","date_gmt":"2017-06-13T13:56:10","guid":{"rendered":"http:\/\/hpx.jonathanhuyssens.be\/?page_id=9711"},"modified":"2025-06-26T14:02:17","modified_gmt":"2025-06-26T12:02:17","slug":"katalog","status":"publish","type":"page","link":"https:\/\/hpx.eu\/cs\/katalog\/","title":{"rendered":"Katalog"},"content":{"rendered":"<p>Zde najdete na\u0161e aktu\u00e1ln\u00ed katalogy.<\/p>\n<div class=\"ThreeCol promo\">\n<h2>Katalog &#8217;25-&#8217;26<\/h2>\n<p>  <a href=\"https:\/\/hpx.eu\/wp-content\/uploads\/2025\/06\/Catalogus_HPX_25-26-DE_EN-1.pdf\" target=\"_blank\" rel=\"noopener noreferrer\"> <img decoding=\"async\" src=\"https:\/\/hpx.eu\/wp-content\/uploads\/2025\/06\/Catalogus_HPX_25-26-DE_EN.jpg\" width=\"300\"><\/a><\/p>\n<div class=\"full_screen\"><\/div>\n<\/div>\n<div class=\"ThreeCol promo\">\n<h2>Automobilov\u00fd katalog &#8217;25-&#8217;26<\/h2>\n<p>  <a href=\"https:\/\/hpx.eu\/wp-content\/uploads\/2025\/06\/Catalogus_HPX_25-26-AUTO-DE_EN-1.pdf\" target=\"_blank\" rel=\"noopener noreferrer\"> <img decoding=\"async\" src=\"https:\/\/hpx.eu\/wp-content\/uploads\/2025\/06\/Catalogus_HPX_25-26-AUTO-DE_EN.jpg\" width=\"300\"><\/a><\/p>\n<div class=\"full_screen\"><\/div>\n<\/div>\n<div class=\"ThreeCol promo\">\n<h2>Durable Airtight Products (EN)<\/h2>\n<p>  <a href=\"https:\/\/drive.google.com\/file\/d\/1wdmVjhjV9HXry8Q5CTtYkYgpYGkwqhOI\/view?usp=sharing\" target=\"_blank\" rel=\"noopener noreferrer\"> <img loading=\"lazy\" decoding=\"async\" src=\"https:\/\/hpx.eu\/wp-content\/uploads\/2022\/10\/HPX-Durable_Airtight_Products-Catalog-EN.jpg\" alt=\"\" width=\"300\" height=\"395\"><\/a><\/p>\n<div class=\"full_screen\"><\/div>\n<\/div>\n","protected":false},"excerpt":{"rendered":"<p>Zde najdete na\u0161e aktu\u00e1ln\u00ed katalogy. Katalog &#8217;25-&#8217;26 Automobilov\u00fd katalog &#8217;25-&#8217;26 Durable Airtight Products (EN)<\/p>\n","protected":false},"author":1,"featured_media":0,"parent":0,"menu_order":0,"comment_status":"closed","ping_status":"closed","template":"","meta":{"_exactmetrics_skip_tracking":false,"_exactmetrics_sitenote_active":false,"_exactmetrics_sitenote_note":"","_exactmetrics_sitenote_category":0,"_monsterinsights_skip_tracking":false,"_monsterinsights_sitenote_active":false,"_monsterinsights_sitenote_note":"","_monsterinsights_sitenote_category":0,"_themeisle_gutenberg_block_has_review":false,"footnotes":""},"class_list":["post-9711","page","type-page","status-publish","hentry","post"],"yoast_head":"<!-- This site is optimized with the Yoast SEO plugin v27.3 - https:\/\/yoast.com\/product\/yoast-seo-wordpress\/ -->\n<title>Katalog - HPX<\/title>\n<meta name=\"robots\" content=\"index, follow, max-snippet:-1, max-image-preview:large, max-video-preview:-1\" \/>\n<link rel=\"canonical\" href=\"https:\/\/hpx.eu\/cs\/katalog\/\" \/>\n<meta property=\"og:locale\" content=\"cs_CZ\" \/>\n<meta property=\"og:type\" content=\"article\" \/>\n<meta property=\"og:title\" content=\"Katalog - HPX\" \/>\n<meta property=\"og:description\" content=\"Zde najdete na\u0161e aktu\u00e1ln\u00ed katalogy. Katalog &#8217;25-&#8217;26 Automobilov\u00fd katalog &#8217;25-&#8217;26 Durable Airtight Products (EN)\" \/>\n<meta property=\"og:url\" content=\"https:\/\/hpx.eu\/cs\/katalog\/\" \/>\n<meta property=\"og:site_name\" content=\"HPX\" \/>\n<meta property=\"article:publisher\" content=\"https:\/\/www.facebook.com\/HPXtape\/\" \/>\n<meta property=\"article:modified_time\" content=\"2025-06-26T12:02:17+00:00\" \/>\n<meta property=\"og:image\" content=\"https:\/\/hpx.eu\/wp-content\/uploads\/2025\/06\/Catalogus_HPX_25-26-DE_EN.jpg\" \/>\n<meta name=\"twitter:card\" content=\"summary_large_image\" \/>\n<meta name=\"twitter:label1\" content=\"Odhadovan\u00e1 doba \u010dten\u00ed\" \/>\n\t<meta name=\"twitter:data1\" content=\"1 minuta\" \/>\n<script type=\"application\/ld+json\" class=\"yoast-schema-graph\">{\"@context\":\"https:\\\/\\\/schema.org\",\"@graph\":[{\"@type\":\"WebPage\",\"@id\":\"https:\\\/\\\/hpx.eu\\\/cs\\\/katalog\\\/\",\"url\":\"https:\\\/\\\/hpx.eu\\\/cs\\\/katalog\\\/\",\"name\":\"Katalog - HPX\",\"isPartOf\":{\"@id\":\"http:\\\/\\\/hpx.eu\\\/cs\\\/#website\"},\"primaryImageOfPage\":{\"@id\":\"https:\\\/\\\/hpx.eu\\\/cs\\\/katalog\\\/#primaryimage\"},\"image\":{\"@id\":\"https:\\\/\\\/hpx.eu\\\/cs\\\/katalog\\\/#primaryimage\"},\"thumbnailUrl\":\"https:\\\/\\\/hpx.eu\\\/wp-content\\\/uploads\\\/2025\\\/06\\\/Catalogus_HPX_25-26-DE_EN.jpg\",\"datePublished\":\"2017-06-13T13:56:10+00:00\",\"dateModified\":\"2025-06-26T12:02:17+00:00\",\"breadcrumb\":{\"@id\":\"https:\\\/\\\/hpx.eu\\\/cs\\\/katalog\\\/#breadcrumb\"},\"inLanguage\":\"cs\",\"potentialAction\":[{\"@type\":\"ReadAction\",\"target\":[\"https:\\\/\\\/hpx.eu\\\/cs\\\/katalog\\\/\"]}]},{\"@type\":\"ImageObject\",\"inLanguage\":\"cs\",\"@id\":\"https:\\\/\\\/hpx.eu\\\/cs\\\/katalog\\\/#primaryimage\",\"url\":\"https:\\\/\\\/hpx.eu\\\/wp-content\\\/uploads\\\/2025\\\/06\\\/Catalogus_HPX_25-26-DE_EN.jpg\",\"contentUrl\":\"https:\\\/\\\/hpx.eu\\\/wp-content\\\/uploads\\\/2025\\\/06\\\/Catalogus_HPX_25-26-DE_EN.jpg\"},{\"@type\":\"BreadcrumbList\",\"@id\":\"https:\\\/\\\/hpx.eu\\\/cs\\\/katalog\\\/#breadcrumb\",\"itemListElement\":[{\"@type\":\"ListItem\",\"position\":1,\"name\":\"Startseite\",\"item\":\"http:\\\/\\\/hpx.eu\\\/cs\\\/\"},{\"@type\":\"ListItem\",\"position\":2,\"name\":\"Katalog\"}]},{\"@type\":\"WebSite\",\"@id\":\"http:\\\/\\\/hpx.eu\\\/cs\\\/#website\",\"url\":\"http:\\\/\\\/hpx.eu\\\/cs\\\/\",\"name\":\"HPX\",\"description\":\"Tough Job, Tougher Tape\",\"publisher\":{\"@id\":\"http:\\\/\\\/hpx.eu\\\/cs\\\/#organization\"},\"potentialAction\":[{\"@type\":\"SearchAction\",\"target\":{\"@type\":\"EntryPoint\",\"urlTemplate\":\"http:\\\/\\\/hpx.eu\\\/cs\\\/?s={search_term_string}\"},\"query-input\":{\"@type\":\"PropertyValueSpecification\",\"valueRequired\":true,\"valueName\":\"search_term_string\"}}],\"inLanguage\":\"cs\"},{\"@type\":\"Organization\",\"@id\":\"http:\\\/\\\/hpx.eu\\\/cs\\\/#organization\",\"name\":\"Option Tape Specialties\",\"url\":\"http:\\\/\\\/hpx.eu\\\/cs\\\/\",\"logo\":{\"@type\":\"ImageObject\",\"inLanguage\":\"cs\",\"@id\":\"http:\\\/\\\/hpx.eu\\\/cs\\\/#\\\/schema\\\/logo\\\/image\\\/\",\"url\":\"\",\"contentUrl\":\"\",\"caption\":\"Option Tape Specialties\"},\"image\":{\"@id\":\"http:\\\/\\\/hpx.eu\\\/cs\\\/#\\\/schema\\\/logo\\\/image\\\/\"},\"sameAs\":[\"https:\\\/\\\/www.facebook.com\\\/HPXtape\\\/\",\"https:\\\/\\\/www.linkedin.com\\\/company\\\/2913311\\\/\",\"https:\\\/\\\/www.youtube.com\\\/channel\\\/UCCYnFjBGfKw8SPW1hMUCVFg\"]}]}<\/script>\n<!-- \/ Yoast SEO plugin. -->","yoast_head_json":{"title":"Katalog - HPX","robots":{"index":"index","follow":"follow","max-snippet":"max-snippet:-1","max-image-preview":"max-image-preview:large","max-video-preview":"max-video-preview:-1"},"canonical":"https:\/\/hpx.eu\/cs\/katalog\/","og_locale":"cs_CZ","og_type":"article","og_title":"Katalog - HPX","og_description":"Zde najdete na\u0161e aktu\u00e1ln\u00ed katalogy. Katalog &#8217;25-&#8217;26 Automobilov\u00fd katalog &#8217;25-&#8217;26 Durable Airtight Products (EN)","og_url":"https:\/\/hpx.eu\/cs\/katalog\/","og_site_name":"HPX","article_publisher":"https:\/\/www.facebook.com\/HPXtape\/","article_modified_time":"2025-06-26T12:02:17+00:00","og_image":[{"url":"https:\/\/hpx.eu\/wp-content\/uploads\/2025\/06\/Catalogus_HPX_25-26-DE_EN.jpg","type":"","width":"","height":""}],"twitter_card":"summary_large_image","twitter_misc":{"Odhadovan\u00e1 doba \u010dten\u00ed":"1 minuta"},"schema":{"@context":"https:\/\/schema.org","@graph":[{"@type":"WebPage","@id":"https:\/\/hpx.eu\/cs\/katalog\/","url":"https:\/\/hpx.eu\/cs\/katalog\/","name":"Katalog - HPX","isPartOf":{"@id":"https:\/\/hpx.eu\/cs\/#website"},"primaryImageOfPage":{"@id":"https:\/\/hpx.eu\/cs\/katalog\/#primaryimage"},"image":{"@id":"https:\/\/hpx.eu\/cs\/katalog\/#primaryimage"},"thumbnailUrl":"https:\/\/hpx.eu\/wp-content\/uploads\/2025\/06\/Catalogus_HPX_25-26-DE_EN.jpg","datePublished":"2017-06-13T13:56:10+00:00","dateModified":"2025-06-26T12:02:17+00:00","breadcrumb":{"@id":"https:\/\/hpx.eu\/cs\/katalog\/#breadcrumb"},"inLanguage":"cs","potentialAction":[{"@type":"ReadAction","target":["https:\/\/hpx.eu\/cs\/katalog\/"]}]},{"@type":"ImageObject","inLanguage":"cs","@id":"https:\/\/hpx.eu\/cs\/katalog\/#primaryimage","url":"https:\/\/hpx.eu\/wp-content\/uploads\/2025\/06\/Catalogus_HPX_25-26-DE_EN.jpg","contentUrl":"https:\/\/hpx.eu\/wp-content\/uploads\/2025\/06\/Catalogus_HPX_25-26-DE_EN.jpg"},{"@type":"BreadcrumbList","@id":"https:\/\/hpx.eu\/cs\/katalog\/#breadcrumb","itemListElement":[{"@type":"ListItem","position":1,"name":"Startseite","item":"https:\/\/hpx.eu\/cs\/"},{"@type":"ListItem","position":2,"name":"Katalog"}]},{"@type":"WebSite","@id":"https:\/\/hpx.eu\/cs\/#website","url":"https:\/\/hpx.eu\/cs\/","name":"HPX","description":"Tough Job, Tougher Tape","publisher":{"@id":"https:\/\/hpx.eu\/cs\/#organization"},"potentialAction":[{"@type":"SearchAction","target":{"@type":"EntryPoint","urlTemplate":"https:\/\/hpx.eu\/cs\/?s={search_term_string}"},"query-input":{"@type":"PropertyValueSpecification","valueRequired":true,"valueName":"search_term_string"}}],"inLanguage":"cs"},{"@type":"Organization","@id":"https:\/\/hpx.eu\/cs\/#organization","name":"Option Tape Specialties","url":"https:\/\/hpx.eu\/cs\/","logo":{"@type":"ImageObject","inLanguage":"cs","@id":"https:\/\/hpx.eu\/cs\/#\/schema\/logo\/image\/","url":"","contentUrl":"","caption":"Option Tape Specialties"},"image":{"@id":"https:\/\/hpx.eu\/cs\/#\/schema\/logo\/image\/"},"sameAs":["https:\/\/www.facebook.com\/HPXtape\/","https:\/\/www.linkedin.com\/company\/2913311\/","https:\/\/www.youtube.com\/channel\/UCCYnFjBGfKw8SPW1hMUCVFg"]}]}},"_links":{"self":[{"href":"https:\/\/hpx.eu\/cs\/wp-json\/wp\/v2\/pages\/9711","targetHints":{"allow":["GET"]}}],"collection":[{"href":"https:\/\/hpx.eu\/cs\/wp-json\/wp\/v2\/pages"}],"about":[{"href":"https:\/\/hpx.eu\/cs\/wp-json\/wp\/v2\/types\/page"}],"author":[{"embeddable":true,"href":"https:\/\/hpx.eu\/cs\/wp-json\/wp\/v2\/users\/1"}],"replies":[{"embeddable":true,"href":"https:\/\/hpx.eu\/cs\/wp-json\/wp\/v2\/comments?post=9711"}],"version-history":[{"count":14,"href":"https:\/\/hpx.eu\/cs\/wp-json\/wp\/v2\/pages\/9711\/revisions"}],"predecessor-version":[{"id":168957,"href":"https:\/\/hpx.eu\/cs\/wp-json\/wp\/v2\/pages\/9711\/revisions\/168957"}],"wp:attachment":[{"href":"https:\/\/hpx.eu\/cs\/wp-json\/wp\/v2\/media?parent=9711"}],"curies":[{"name":"wp","href":"https:\/\/api.w.org\/{rel}","templated":true}]}}