{"id":153695,"date":"2023-09-14T13:48:06","date_gmt":"2023-09-14T11:48:06","guid":{"rendered":"https:\/\/hpx.eu\/?page_id=153695"},"modified":"2023-09-14T13:58:44","modified_gmt":"2023-09-14T11:58:44","slug":"masking-4360-gold","status":"publish","type":"page","link":"https:\/\/hpx.eu\/cs\/masking-4360-gold\/","title":{"rendered":"MASKING 4360 GOLD"},"content":{"rendered":"<div id=\"Lecot\">\n<div class=\"right\">\n\t\t\t<img loading=\"lazy\" decoding=\"async\" src=\"https:\/\/hpx.eu\/wp-content\/uploads\/2023\/09\/EF2445-Masking_4300_Gold-orange-24mm_x_45m-5407004565620.jpg\" width=\"520\" height=\"520\" \/><\/div>\n<div class=\"product left\">\n<h1>MASKING 4360 GOLD<\/h1>\n<div>\n<ul class=\"product_UPS\">\n<li>Vysoce kvalitn\u00ed &#8222;zlat\u00e1&#8220; kryc\u00ed p\u00e1ska, pro extr\u00e9m\u011b ostr\u00e9 hrany<\/li>\n<li>Dobr\u00e1 p\u0159ilnavost na kov, sklo, plast a pry\u017e<\/li>\n<li>Odoln\u00e1 proti rozpou\u0161t\u011bdl\u016fm<\/li>\n<li>Odoln\u00e1 proti UV z\u00e1\u0159en\u00ed, nezanech\u00e1v\u00e1 \u017e\u00e1dn\u00e9 zbytky na v\u011bt\u0161in\u011b podklad\u016f, pokud ji odstran\u00edte do 3 m\u011bs\u00edc\u016f po nanesen\u00ed<\/li>\n<li>Rovn\u011b\u017e vhodn\u00e1 jako jemn\u00e1 linkovac\u00ed \u010d\u00e1ra pro pou\u017eit\u00ed v automobilech<\/li>\n<\/ul>\n<table class=\"product_table\">\n<thead>\n<tr>\n<th>Zbo\u017e\u00ed \u010d.<\/th>\n<th>\u0160\u00ed\u0159ka<\/th>\n<th>D\u00e9lka<\/th>\n<th>Barva<\/th>\n<th>Balen\u00ed<\/th>\n<th>K\u00f3d EAN<\/th>\n<\/tr>\n<\/thead>\n<tbody>\n<tr>\n<td>EF2445<\/td>\n<td>24 mm<\/td>\n<td>45 m<\/td>\n<td>oran\u017eov\u00e1<\/td>\n<td>36<\/td>\n<td>5407004565620<\/td>\n<\/tr>\n<tr>\n<td>EF3645<\/td>\n<td>36 mm<\/td>\n<td>45 m<\/td>\n<td>oran\u017eov\u00e1<\/td>\n<td>24<\/td>\n<td>5407004565644<\/td>\n<\/tr>\n<tr>\n<td>EF4845<\/td>\n<td>48 mm<\/td>\n<td>45 m<\/td>\n<td>oran\u017eov\u00e1<\/td>\n<td>16<\/td>\n<td>5407004565668<\/td>\n<\/tr>\n<\/tbody>\n<\/table>\n<div class=\"product_characteristics\">\n<p><b>Lepiv\u00e1 vrstva: <\/b><span>akryl<\/span><\/p>\n<p><b>Podkladov\u00fd materi\u00e1l: <\/b><span>hladk\u00fd pap\u00edr<\/span><\/p>\n<p><b>Teplotn\u011b stabiln\u00ed do: <\/b><span>100&deg;C (kr\u00e1tkodob\u011b a\u017e 120&deg;C)<\/span><\/p>\n<p><b>Pevnost v tahu: <\/b><span>70 N\/25 mm<\/span><\/p>\n<p><b>Lepivost: <\/b><span>3,75 N\/25 mm<\/span><\/p>\n<p><b>Tlou\u0161\u0165ka: <\/b><span>0,09 mm<\/span><\/p>\n<\/div>\n<\/div>\n<\/div>\n<\/div>\n","protected":false},"excerpt":{"rendered":"<p>MASKING 4360 GOLD Vysoce kvalitn\u00ed &#8222;zlat\u00e1&#8220; kryc\u00ed p\u00e1ska, pro extr\u00e9m\u011b ostr\u00e9 hrany Dobr\u00e1 p\u0159ilnavost na kov, sklo, plast a pry\u017e Odoln\u00e1 proti rozpou\u0161t\u011bdl\u016fm Odoln\u00e1 proti UV z\u00e1\u0159en\u00ed, nezanech\u00e1v\u00e1 \u017e\u00e1dn\u00e9 zbytky na v\u011bt\u0161in\u011b podklad\u016f, pokud ji odstran\u00edte do 3 m\u011bs\u00edc\u016f po nanesen\u00ed Rovn\u011b\u017e vhodn\u00e1 jako jemn\u00e1 linkovac\u00ed \u010d\u00e1ra pro pou\u017eit\u00ed v automobilech Zbo\u017e\u00ed \u010d. \u0160\u00ed\u0159ka D\u00e9lka [&hellip;]<\/p>\n","protected":false},"author":1,"featured_media":0,"parent":0,"menu_order":0,"comment_status":"closed","ping_status":"closed","template":"","meta":{"_exactmetrics_skip_tracking":false,"_exactmetrics_sitenote_active":false,"_exactmetrics_sitenote_note":"","_exactmetrics_sitenote_category":0,"_monsterinsights_skip_tracking":false,"_monsterinsights_sitenote_active":false,"_monsterinsights_sitenote_note":"","_monsterinsights_sitenote_category":0,"_themeisle_gutenberg_block_has_review":false,"footnotes":""},"class_list":["post-153695","page","type-page","status-publish","hentry","post"],"yoast_head":"<!-- This site is optimized with the Yoast SEO plugin v27.3 - https:\/\/yoast.com\/product\/yoast-seo-wordpress\/ -->\n<title>MASKING 4360 GOLD - HPX<\/title>\n<meta name=\"robots\" content=\"index, follow, max-snippet:-1, max-image-preview:large, max-video-preview:-1\" \/>\n<link rel=\"canonical\" href=\"https:\/\/hpx.eu\/cs\/masking-4360-gold\/\" \/>\n<meta property=\"og:locale\" content=\"cs_CZ\" \/>\n<meta property=\"og:type\" content=\"article\" \/>\n<meta property=\"og:title\" content=\"MASKING 4360 GOLD - HPX\" \/>\n<meta property=\"og:description\" content=\"MASKING 4360 GOLD Vysoce kvalitn\u00ed &#8222;zlat\u00e1&#8220; kryc\u00ed p\u00e1ska, pro extr\u00e9m\u011b ostr\u00e9 hrany Dobr\u00e1 p\u0159ilnavost na kov, sklo, plast a pry\u017e Odoln\u00e1 proti rozpou\u0161t\u011bdl\u016fm Odoln\u00e1 proti UV z\u00e1\u0159en\u00ed, nezanech\u00e1v\u00e1 \u017e\u00e1dn\u00e9 zbytky na v\u011bt\u0161in\u011b podklad\u016f, pokud ji odstran\u00edte do 3 m\u011bs\u00edc\u016f po nanesen\u00ed Rovn\u011b\u017e vhodn\u00e1 jako jemn\u00e1 linkovac\u00ed \u010d\u00e1ra pro pou\u017eit\u00ed v automobilech Zbo\u017e\u00ed \u010d. \u0160\u00ed\u0159ka D\u00e9lka [&hellip;]\" \/>\n<meta property=\"og:url\" content=\"https:\/\/hpx.eu\/cs\/masking-4360-gold\/\" \/>\n<meta property=\"og:site_name\" content=\"HPX\" \/>\n<meta property=\"article:publisher\" content=\"https:\/\/www.facebook.com\/HPXtape\/\" \/>\n<meta property=\"article:modified_time\" content=\"2023-09-14T11:58:44+00:00\" \/>\n<meta property=\"og:image\" content=\"https:\/\/hpx.eu\/wp-content\/uploads\/2023\/09\/EF2445-Masking_4300_Gold-orange-24mm_x_45m-5407004565620.jpg\" \/>\n<meta name=\"twitter:card\" content=\"summary_large_image\" \/>\n<meta name=\"twitter:label1\" content=\"Odhadovan\u00e1 doba \u010dten\u00ed\" \/>\n\t<meta name=\"twitter:data1\" content=\"1 minuta\" \/>\n<script type=\"application\/ld+json\" class=\"yoast-schema-graph\">{\"@context\":\"https:\\\/\\\/schema.org\",\"@graph\":[{\"@type\":\"WebPage\",\"@id\":\"https:\\\/\\\/hpx.eu\\\/cs\\\/masking-4360-gold\\\/\",\"url\":\"https:\\\/\\\/hpx.eu\\\/cs\\\/masking-4360-gold\\\/\",\"name\":\"MASKING 4360 GOLD - HPX\",\"isPartOf\":{\"@id\":\"http:\\\/\\\/hpx.eu\\\/cs\\\/#website\"},\"primaryImageOfPage\":{\"@id\":\"https:\\\/\\\/hpx.eu\\\/cs\\\/masking-4360-gold\\\/#primaryimage\"},\"image\":{\"@id\":\"https:\\\/\\\/hpx.eu\\\/cs\\\/masking-4360-gold\\\/#primaryimage\"},\"thumbnailUrl\":\"https:\\\/\\\/hpx.eu\\\/wp-content\\\/uploads\\\/2023\\\/09\\\/EF2445-Masking_4300_Gold-orange-24mm_x_45m-5407004565620.jpg\",\"datePublished\":\"2023-09-14T11:48:06+00:00\",\"dateModified\":\"2023-09-14T11:58:44+00:00\",\"breadcrumb\":{\"@id\":\"https:\\\/\\\/hpx.eu\\\/cs\\\/masking-4360-gold\\\/#breadcrumb\"},\"inLanguage\":\"cs\",\"potentialAction\":[{\"@type\":\"ReadAction\",\"target\":[\"https:\\\/\\\/hpx.eu\\\/cs\\\/masking-4360-gold\\\/\"]}]},{\"@type\":\"ImageObject\",\"inLanguage\":\"cs\",\"@id\":\"https:\\\/\\\/hpx.eu\\\/cs\\\/masking-4360-gold\\\/#primaryimage\",\"url\":\"https:\\\/\\\/hpx.eu\\\/wp-content\\\/uploads\\\/2023\\\/09\\\/EF2445-Masking_4300_Gold-orange-24mm_x_45m-5407004565620.jpg\",\"contentUrl\":\"https:\\\/\\\/hpx.eu\\\/wp-content\\\/uploads\\\/2023\\\/09\\\/EF2445-Masking_4300_Gold-orange-24mm_x_45m-5407004565620.jpg\"},{\"@type\":\"BreadcrumbList\",\"@id\":\"https:\\\/\\\/hpx.eu\\\/cs\\\/masking-4360-gold\\\/#breadcrumb\",\"itemListElement\":[{\"@type\":\"ListItem\",\"position\":1,\"name\":\"Startseite\",\"item\":\"http:\\\/\\\/hpx.eu\\\/cs\\\/\"},{\"@type\":\"ListItem\",\"position\":2,\"name\":\"MASKING 4360 GOLD\"}]},{\"@type\":\"WebSite\",\"@id\":\"http:\\\/\\\/hpx.eu\\\/cs\\\/#website\",\"url\":\"http:\\\/\\\/hpx.eu\\\/cs\\\/\",\"name\":\"HPX\",\"description\":\"Tough Job, Tougher Tape\",\"publisher\":{\"@id\":\"http:\\\/\\\/hpx.eu\\\/cs\\\/#organization\"},\"potentialAction\":[{\"@type\":\"SearchAction\",\"target\":{\"@type\":\"EntryPoint\",\"urlTemplate\":\"http:\\\/\\\/hpx.eu\\\/cs\\\/?s={search_term_string}\"},\"query-input\":{\"@type\":\"PropertyValueSpecification\",\"valueRequired\":true,\"valueName\":\"search_term_string\"}}],\"inLanguage\":\"cs\"},{\"@type\":\"Organization\",\"@id\":\"http:\\\/\\\/hpx.eu\\\/cs\\\/#organization\",\"name\":\"Option Tape Specialties\",\"url\":\"http:\\\/\\\/hpx.eu\\\/cs\\\/\",\"logo\":{\"@type\":\"ImageObject\",\"inLanguage\":\"cs\",\"@id\":\"http:\\\/\\\/hpx.eu\\\/cs\\\/#\\\/schema\\\/logo\\\/image\\\/\",\"url\":\"\",\"contentUrl\":\"\",\"caption\":\"Option Tape Specialties\"},\"image\":{\"@id\":\"http:\\\/\\\/hpx.eu\\\/cs\\\/#\\\/schema\\\/logo\\\/image\\\/\"},\"sameAs\":[\"https:\\\/\\\/www.facebook.com\\\/HPXtape\\\/\",\"https:\\\/\\\/www.linkedin.com\\\/company\\\/2913311\\\/\",\"https:\\\/\\\/www.youtube.com\\\/channel\\\/UCCYnFjBGfKw8SPW1hMUCVFg\"]}]}<\/script>\n<!-- \/ Yoast SEO plugin. -->","yoast_head_json":{"title":"MASKING 4360 GOLD - HPX","robots":{"index":"index","follow":"follow","max-snippet":"max-snippet:-1","max-image-preview":"max-image-preview:large","max-video-preview":"max-video-preview:-1"},"canonical":"https:\/\/hpx.eu\/cs\/masking-4360-gold\/","og_locale":"cs_CZ","og_type":"article","og_title":"MASKING 4360 GOLD - HPX","og_description":"MASKING 4360 GOLD Vysoce kvalitn\u00ed &#8222;zlat\u00e1&#8220; kryc\u00ed p\u00e1ska, pro extr\u00e9m\u011b ostr\u00e9 hrany Dobr\u00e1 p\u0159ilnavost na kov, sklo, plast a pry\u017e Odoln\u00e1 proti rozpou\u0161t\u011bdl\u016fm Odoln\u00e1 proti UV z\u00e1\u0159en\u00ed, nezanech\u00e1v\u00e1 \u017e\u00e1dn\u00e9 zbytky na v\u011bt\u0161in\u011b podklad\u016f, pokud ji odstran\u00edte do 3 m\u011bs\u00edc\u016f po nanesen\u00ed Rovn\u011b\u017e vhodn\u00e1 jako jemn\u00e1 linkovac\u00ed \u010d\u00e1ra pro pou\u017eit\u00ed v automobilech Zbo\u017e\u00ed \u010d. \u0160\u00ed\u0159ka D\u00e9lka [&hellip;]","og_url":"https:\/\/hpx.eu\/cs\/masking-4360-gold\/","og_site_name":"HPX","article_publisher":"https:\/\/www.facebook.com\/HPXtape\/","article_modified_time":"2023-09-14T11:58:44+00:00","og_image":[{"url":"https:\/\/hpx.eu\/wp-content\/uploads\/2023\/09\/EF2445-Masking_4300_Gold-orange-24mm_x_45m-5407004565620.jpg","type":"","width":"","height":""}],"twitter_card":"summary_large_image","twitter_misc":{"Odhadovan\u00e1 doba \u010dten\u00ed":"1 minuta"},"schema":{"@context":"https:\/\/schema.org","@graph":[{"@type":"WebPage","@id":"https:\/\/hpx.eu\/cs\/masking-4360-gold\/","url":"https:\/\/hpx.eu\/cs\/masking-4360-gold\/","name":"MASKING 4360 GOLD - HPX","isPartOf":{"@id":"https:\/\/hpx.eu\/cs\/#website"},"primaryImageOfPage":{"@id":"https:\/\/hpx.eu\/cs\/masking-4360-gold\/#primaryimage"},"image":{"@id":"https:\/\/hpx.eu\/cs\/masking-4360-gold\/#primaryimage"},"thumbnailUrl":"https:\/\/hpx.eu\/wp-content\/uploads\/2023\/09\/EF2445-Masking_4300_Gold-orange-24mm_x_45m-5407004565620.jpg","datePublished":"2023-09-14T11:48:06+00:00","dateModified":"2023-09-14T11:58:44+00:00","breadcrumb":{"@id":"https:\/\/hpx.eu\/cs\/masking-4360-gold\/#breadcrumb"},"inLanguage":"cs","potentialAction":[{"@type":"ReadAction","target":["https:\/\/hpx.eu\/cs\/masking-4360-gold\/"]}]},{"@type":"ImageObject","inLanguage":"cs","@id":"https:\/\/hpx.eu\/cs\/masking-4360-gold\/#primaryimage","url":"https:\/\/hpx.eu\/wp-content\/uploads\/2023\/09\/EF2445-Masking_4300_Gold-orange-24mm_x_45m-5407004565620.jpg","contentUrl":"https:\/\/hpx.eu\/wp-content\/uploads\/2023\/09\/EF2445-Masking_4300_Gold-orange-24mm_x_45m-5407004565620.jpg"},{"@type":"BreadcrumbList","@id":"https:\/\/hpx.eu\/cs\/masking-4360-gold\/#breadcrumb","itemListElement":[{"@type":"ListItem","position":1,"name":"Startseite","item":"https:\/\/hpx.eu\/cs\/"},{"@type":"ListItem","position":2,"name":"MASKING 4360 GOLD"}]},{"@type":"WebSite","@id":"https:\/\/hpx.eu\/cs\/#website","url":"https:\/\/hpx.eu\/cs\/","name":"HPX","description":"Tough Job, Tougher Tape","publisher":{"@id":"https:\/\/hpx.eu\/cs\/#organization"},"potentialAction":[{"@type":"SearchAction","target":{"@type":"EntryPoint","urlTemplate":"https:\/\/hpx.eu\/cs\/?s={search_term_string}"},"query-input":{"@type":"PropertyValueSpecification","valueRequired":true,"valueName":"search_term_string"}}],"inLanguage":"cs"},{"@type":"Organization","@id":"https:\/\/hpx.eu\/cs\/#organization","name":"Option Tape Specialties","url":"https:\/\/hpx.eu\/cs\/","logo":{"@type":"ImageObject","inLanguage":"cs","@id":"https:\/\/hpx.eu\/cs\/#\/schema\/logo\/image\/","url":"","contentUrl":"","caption":"Option Tape Specialties"},"image":{"@id":"https:\/\/hpx.eu\/cs\/#\/schema\/logo\/image\/"},"sameAs":["https:\/\/www.facebook.com\/HPXtape\/","https:\/\/www.linkedin.com\/company\/2913311\/","https:\/\/www.youtube.com\/channel\/UCCYnFjBGfKw8SPW1hMUCVFg"]}]}},"_links":{"self":[{"href":"https:\/\/hpx.eu\/cs\/wp-json\/wp\/v2\/pages\/153695","targetHints":{"allow":["GET"]}}],"collection":[{"href":"https:\/\/hpx.eu\/cs\/wp-json\/wp\/v2\/pages"}],"about":[{"href":"https:\/\/hpx.eu\/cs\/wp-json\/wp\/v2\/types\/page"}],"author":[{"embeddable":true,"href":"https:\/\/hpx.eu\/cs\/wp-json\/wp\/v2\/users\/1"}],"replies":[{"embeddable":true,"href":"https:\/\/hpx.eu\/cs\/wp-json\/wp\/v2\/comments?post=153695"}],"version-history":[{"count":2,"href":"https:\/\/hpx.eu\/cs\/wp-json\/wp\/v2\/pages\/153695\/revisions"}],"predecessor-version":[{"id":153713,"href":"https:\/\/hpx.eu\/cs\/wp-json\/wp\/v2\/pages\/153695\/revisions\/153713"}],"wp:attachment":[{"href":"https:\/\/hpx.eu\/cs\/wp-json\/wp\/v2\/media?parent=153695"}],"curies":[{"name":"wp","href":"https:\/\/api.w.org\/{rel}","templated":true}]}}