{"id":109245,"date":"2021-06-18T15:02:43","date_gmt":"2021-06-18T13:02:43","guid":{"rendered":"https:\/\/hpx.eu\/?page_id=109245"},"modified":"2022-06-29T16:18:29","modified_gmt":"2022-06-29T14:18:29","slug":"sticky-cover-paper","status":"publish","type":"page","link":"https:\/\/hpx.eu\/cs\/sticky-cover-paper\/","title":{"rendered":"Sticky Cover Paper"},"content":{"rendered":"<div id=\"AIRTIGHT\">\n<h1>STICKY COVER PAPER<\/h1>\n<p><img decoding=\"async\" src=\"https:\/\/hpx.eu\/wp-content\/uploads\/2021\/06\/Sticky_Cover_Paper-Applications.png\" alt=\"Sticky Cover Paper - Applications\" class=\"SCP\"><br \/>\n<iframe loading=\"lazy\" width=\"827\" height=\"465\" src=\"https:\/\/www.youtube.com\/embed\/Tgq1Rn4Gp1E\" title=\"YouTube video player\" frameborder=\"0\" allow=\"accelerometer; autoplay; clipboard-write; encrypted-media; gyroscope; picture-in-picture\" allowfullscreen=\"\"><\/iframe><\/p>\n<h3>Zcela samolepic\u00ed kryc\u00ed pap\u00edr, pomoc\u00ed kter\u00e9ho rychle a snadno zakryjete cel\u00e9 oblasti.<\/h3>\n<ul>\n<li>Zakryje r\u016fzn\u00e9 povrchy, jako nap\u0159. podlahu, schody, okenn\u00ed parapety, topen\u00ed, ty\u010de apod.<\/li>\n<li>Dokonal\u00e9 pro malov\u00e1n\u00ed a sprejov\u00e1n\u00ed<\/li>\n<li>D\u00edky speci\u00e1ln\u00edm lepic\u00edm vlastnostem lze po pou\u017eit\u00ed opravit<\/li>\n<li>Znovu pou\u017eiteln\u00e9 a bez zbytk\u016f po odstran\u011bn\u00ed<\/li>\n<li>Snadn\u00e9 pou\u017eit\u00ed<\/li>\n<li>Ekologicky p\u0159\u00edv\u011btiv\u00fd produkt<\/li>\n<\/ul>\n<div class=\"productImg\">\n        <img decoding=\"async\" src=\"https:\/\/hpx.eu\/wp-content\/uploads\/2021\/06\/CP7530-Sticky_Cover_Paper-brown-75mm_x_30m-5407004564494.jpg\" alt=\"CP730 | HPX Sticky Cover Paper | 75 mm x 30 m\"><img decoding=\"async\" src=\"https:\/\/hpx.eu\/wp-content\/uploads\/2021\/06\/CP1530-Sticky_Cover_Paper-brown-150mm_x_30m-5407004564517.jpg\" alt=\"CP1530 | HPX Sticky Cover Paper | 150 mm x 30 m\"><img decoding=\"async\" src=\"https:\/\/hpx.eu\/wp-content\/uploads\/2021\/06\/CP2230-Sticky_Cover_Paper-brown-225mm_x_30m-5407004564531.jpg\" alt=\"CP2230 | HPX Sticky Cover Paper | 225 mm x 30 m\"><img decoding=\"async\" src=\"https:\/\/hpx.eu\/wp-content\/uploads\/2021\/06\/CP3030-Sticky_Cover_Paper-brown-300mm_x_30m-5407004564555.jpg\" alt=\"CP3030 | HPX Sticky Cover Paper | 300 mm x 30 m\"><\/div>\n<div class=\"body\">\n<table class=\"product_table\">\n<thead>\n<tr>\n<th>Zbo\u017e\u00ed \u010d.<\/th>\n<th>\u0160\u00ed\u0159ka<\/th>\n<th>D\u00e9lka<\/th>\n<th>Barva<\/th>\n<th>Balen\u00ed<\/th>\n<th>K\u00f3d EAN<\/th>\n<\/tr>\n<\/thead>\n<tbody>\n<tr>\n<td>CP7530<\/td>\n<td>74 mm<\/td>\n<td>30 m<\/td>\n<td>hn\u011bd\u00fd<\/td>\n<td>24<\/td>\n<td>5407004564494<\/td>\n<\/tr>\n<tr>\n<td>CP1530<\/td>\n<td>148 mm<\/td>\n<td>30 m<\/td>\n<td>hn\u011bd\u00fd<\/td>\n<td>32<\/td>\n<td>5407004564517<\/td>\n<\/tr>\n<tr>\n<td>CP2230<\/td>\n<td>222 mm<\/td>\n<td>30 m<\/td>\n<td>hn\u011bd\u00fd<\/td>\n<td>25<\/td>\n<td>5407004564531<\/td>\n<\/tr>\n<tr>\n<td>CP3030<\/td>\n<td>296 mm<\/td>\n<td>30 m<\/td>\n<td>hn\u011bd\u00fd<\/td>\n<td>16<\/td>\n<td>5407004564555<\/td>\n<\/tr>\n<\/tbody>\n<\/table>\n<\/div>\n<p><img decoding=\"async\" src=\"https:\/\/hpx.eu\/wp-content\/uploads\/2021\/06\/CP730-CP1530-CP2230-CP3030-Sticky_Cover_Paper.jpg\" alt=\"CP7530 | CP1530 | CP2230 | CP3030 | HPX Sticky Cover Paper\"><\/p>\n<\/div>\n","protected":false},"excerpt":{"rendered":"<p>STICKY COVER PAPER Zcela samolepic\u00ed kryc\u00ed pap\u00edr, pomoc\u00ed kter\u00e9ho rychle a snadno zakryjete cel\u00e9 oblasti. Zakryje r\u016fzn\u00e9 povrchy, jako nap\u0159. podlahu, schody, okenn\u00ed parapety, topen\u00ed, ty\u010de apod. Dokonal\u00e9 pro malov\u00e1n\u00ed a sprejov\u00e1n\u00ed D\u00edky speci\u00e1ln\u00edm lepic\u00edm vlastnostem lze po pou\u017eit\u00ed opravit Znovu pou\u017eiteln\u00e9 a bez zbytk\u016f po odstran\u011bn\u00ed Snadn\u00e9 pou\u017eit\u00ed Ekologicky p\u0159\u00edv\u011btiv\u00fd produkt Zbo\u017e\u00ed \u010d. \u0160\u00ed\u0159ka [&hellip;]<\/p>\n","protected":false},"author":1,"featured_media":0,"parent":0,"menu_order":0,"comment_status":"closed","ping_status":"closed","template":"","meta":{"_exactmetrics_skip_tracking":false,"_exactmetrics_sitenote_active":false,"_exactmetrics_sitenote_note":"","_exactmetrics_sitenote_category":0,"_monsterinsights_skip_tracking":false,"_monsterinsights_sitenote_active":false,"_monsterinsights_sitenote_note":"","_monsterinsights_sitenote_category":0,"_themeisle_gutenberg_block_has_review":false,"footnotes":""},"class_list":["post-109245","page","type-page","status-publish","hentry","post"],"yoast_head":"<!-- This site is optimized with the Yoast SEO plugin v27.3 - https:\/\/yoast.com\/product\/yoast-seo-wordpress\/ -->\n<title>Sticky Cover Paper - HPX<\/title>\n<meta name=\"robots\" content=\"index, follow, max-snippet:-1, max-image-preview:large, max-video-preview:-1\" \/>\n<link rel=\"canonical\" href=\"https:\/\/hpx.eu\/cs\/sticky-cover-paper\/\" \/>\n<meta property=\"og:locale\" content=\"cs_CZ\" \/>\n<meta property=\"og:type\" content=\"article\" \/>\n<meta property=\"og:title\" content=\"Sticky Cover Paper - HPX\" \/>\n<meta property=\"og:description\" content=\"STICKY COVER PAPER Zcela samolepic\u00ed kryc\u00ed pap\u00edr, pomoc\u00ed kter\u00e9ho rychle a snadno zakryjete cel\u00e9 oblasti. Zakryje r\u016fzn\u00e9 povrchy, jako nap\u0159. podlahu, schody, okenn\u00ed parapety, topen\u00ed, ty\u010de apod. Dokonal\u00e9 pro malov\u00e1n\u00ed a sprejov\u00e1n\u00ed D\u00edky speci\u00e1ln\u00edm lepic\u00edm vlastnostem lze po pou\u017eit\u00ed opravit Znovu pou\u017eiteln\u00e9 a bez zbytk\u016f po odstran\u011bn\u00ed Snadn\u00e9 pou\u017eit\u00ed Ekologicky p\u0159\u00edv\u011btiv\u00fd produkt Zbo\u017e\u00ed \u010d. \u0160\u00ed\u0159ka [&hellip;]\" \/>\n<meta property=\"og:url\" content=\"https:\/\/hpx.eu\/cs\/sticky-cover-paper\/\" \/>\n<meta property=\"og:site_name\" content=\"HPX\" \/>\n<meta property=\"article:publisher\" content=\"https:\/\/www.facebook.com\/HPXtape\/\" \/>\n<meta property=\"article:modified_time\" content=\"2022-06-29T14:18:29+00:00\" \/>\n<meta property=\"og:image\" content=\"https:\/\/hpx.eu\/wp-content\/uploads\/2021\/06\/Sticky_Cover_Paper-Applications.png\" \/>\n<meta name=\"twitter:card\" content=\"summary_large_image\" \/>\n<meta name=\"twitter:label1\" content=\"Odhadovan\u00e1 doba \u010dten\u00ed\" \/>\n\t<meta name=\"twitter:data1\" content=\"2 minuty\" \/>\n<script type=\"application\/ld+json\" class=\"yoast-schema-graph\">{\"@context\":\"https:\\\/\\\/schema.org\",\"@graph\":[{\"@type\":\"WebPage\",\"@id\":\"https:\\\/\\\/hpx.eu\\\/cs\\\/sticky-cover-paper\\\/\",\"url\":\"https:\\\/\\\/hpx.eu\\\/cs\\\/sticky-cover-paper\\\/\",\"name\":\"Sticky Cover Paper - HPX\",\"isPartOf\":{\"@id\":\"http:\\\/\\\/hpx.eu\\\/cs\\\/#website\"},\"primaryImageOfPage\":{\"@id\":\"https:\\\/\\\/hpx.eu\\\/cs\\\/sticky-cover-paper\\\/#primaryimage\"},\"image\":{\"@id\":\"https:\\\/\\\/hpx.eu\\\/cs\\\/sticky-cover-paper\\\/#primaryimage\"},\"thumbnailUrl\":\"https:\\\/\\\/hpx.eu\\\/wp-content\\\/uploads\\\/2021\\\/06\\\/Sticky_Cover_Paper-Applications.png\",\"datePublished\":\"2021-06-18T13:02:43+00:00\",\"dateModified\":\"2022-06-29T14:18:29+00:00\",\"breadcrumb\":{\"@id\":\"https:\\\/\\\/hpx.eu\\\/cs\\\/sticky-cover-paper\\\/#breadcrumb\"},\"inLanguage\":\"cs\",\"potentialAction\":[{\"@type\":\"ReadAction\",\"target\":[\"https:\\\/\\\/hpx.eu\\\/cs\\\/sticky-cover-paper\\\/\"]}]},{\"@type\":\"ImageObject\",\"inLanguage\":\"cs\",\"@id\":\"https:\\\/\\\/hpx.eu\\\/cs\\\/sticky-cover-paper\\\/#primaryimage\",\"url\":\"https:\\\/\\\/hpx.eu\\\/wp-content\\\/uploads\\\/2021\\\/06\\\/Sticky_Cover_Paper-Applications.png\",\"contentUrl\":\"https:\\\/\\\/hpx.eu\\\/wp-content\\\/uploads\\\/2021\\\/06\\\/Sticky_Cover_Paper-Applications.png\"},{\"@type\":\"BreadcrumbList\",\"@id\":\"https:\\\/\\\/hpx.eu\\\/cs\\\/sticky-cover-paper\\\/#breadcrumb\",\"itemListElement\":[{\"@type\":\"ListItem\",\"position\":1,\"name\":\"Startseite\",\"item\":\"http:\\\/\\\/hpx.eu\\\/cs\\\/\"},{\"@type\":\"ListItem\",\"position\":2,\"name\":\"Sticky Cover Paper\"}]},{\"@type\":\"WebSite\",\"@id\":\"http:\\\/\\\/hpx.eu\\\/cs\\\/#website\",\"url\":\"http:\\\/\\\/hpx.eu\\\/cs\\\/\",\"name\":\"HPX\",\"description\":\"Tough Job, Tougher Tape\",\"publisher\":{\"@id\":\"http:\\\/\\\/hpx.eu\\\/cs\\\/#organization\"},\"potentialAction\":[{\"@type\":\"SearchAction\",\"target\":{\"@type\":\"EntryPoint\",\"urlTemplate\":\"http:\\\/\\\/hpx.eu\\\/cs\\\/?s={search_term_string}\"},\"query-input\":{\"@type\":\"PropertyValueSpecification\",\"valueRequired\":true,\"valueName\":\"search_term_string\"}}],\"inLanguage\":\"cs\"},{\"@type\":\"Organization\",\"@id\":\"http:\\\/\\\/hpx.eu\\\/cs\\\/#organization\",\"name\":\"Option Tape Specialties\",\"url\":\"http:\\\/\\\/hpx.eu\\\/cs\\\/\",\"logo\":{\"@type\":\"ImageObject\",\"inLanguage\":\"cs\",\"@id\":\"http:\\\/\\\/hpx.eu\\\/cs\\\/#\\\/schema\\\/logo\\\/image\\\/\",\"url\":\"\",\"contentUrl\":\"\",\"caption\":\"Option Tape Specialties\"},\"image\":{\"@id\":\"http:\\\/\\\/hpx.eu\\\/cs\\\/#\\\/schema\\\/logo\\\/image\\\/\"},\"sameAs\":[\"https:\\\/\\\/www.facebook.com\\\/HPXtape\\\/\",\"https:\\\/\\\/www.linkedin.com\\\/company\\\/2913311\\\/\",\"https:\\\/\\\/www.youtube.com\\\/channel\\\/UCCYnFjBGfKw8SPW1hMUCVFg\"]}]}<\/script>\n<!-- \/ Yoast SEO plugin. -->","yoast_head_json":{"title":"Sticky Cover Paper - HPX","robots":{"index":"index","follow":"follow","max-snippet":"max-snippet:-1","max-image-preview":"max-image-preview:large","max-video-preview":"max-video-preview:-1"},"canonical":"https:\/\/hpx.eu\/cs\/sticky-cover-paper\/","og_locale":"cs_CZ","og_type":"article","og_title":"Sticky Cover Paper - HPX","og_description":"STICKY COVER PAPER Zcela samolepic\u00ed kryc\u00ed pap\u00edr, pomoc\u00ed kter\u00e9ho rychle a snadno zakryjete cel\u00e9 oblasti. Zakryje r\u016fzn\u00e9 povrchy, jako nap\u0159. podlahu, schody, okenn\u00ed parapety, topen\u00ed, ty\u010de apod. Dokonal\u00e9 pro malov\u00e1n\u00ed a sprejov\u00e1n\u00ed D\u00edky speci\u00e1ln\u00edm lepic\u00edm vlastnostem lze po pou\u017eit\u00ed opravit Znovu pou\u017eiteln\u00e9 a bez zbytk\u016f po odstran\u011bn\u00ed Snadn\u00e9 pou\u017eit\u00ed Ekologicky p\u0159\u00edv\u011btiv\u00fd produkt Zbo\u017e\u00ed \u010d. \u0160\u00ed\u0159ka [&hellip;]","og_url":"https:\/\/hpx.eu\/cs\/sticky-cover-paper\/","og_site_name":"HPX","article_publisher":"https:\/\/www.facebook.com\/HPXtape\/","article_modified_time":"2022-06-29T14:18:29+00:00","og_image":[{"url":"https:\/\/hpx.eu\/wp-content\/uploads\/2021\/06\/Sticky_Cover_Paper-Applications.png","type":"","width":"","height":""}],"twitter_card":"summary_large_image","twitter_misc":{"Odhadovan\u00e1 doba \u010dten\u00ed":"2 minuty"},"schema":{"@context":"https:\/\/schema.org","@graph":[{"@type":"WebPage","@id":"https:\/\/hpx.eu\/cs\/sticky-cover-paper\/","url":"https:\/\/hpx.eu\/cs\/sticky-cover-paper\/","name":"Sticky Cover Paper - HPX","isPartOf":{"@id":"https:\/\/hpx.eu\/cs\/#website"},"primaryImageOfPage":{"@id":"https:\/\/hpx.eu\/cs\/sticky-cover-paper\/#primaryimage"},"image":{"@id":"https:\/\/hpx.eu\/cs\/sticky-cover-paper\/#primaryimage"},"thumbnailUrl":"https:\/\/hpx.eu\/wp-content\/uploads\/2021\/06\/Sticky_Cover_Paper-Applications.png","datePublished":"2021-06-18T13:02:43+00:00","dateModified":"2022-06-29T14:18:29+00:00","breadcrumb":{"@id":"https:\/\/hpx.eu\/cs\/sticky-cover-paper\/#breadcrumb"},"inLanguage":"cs","potentialAction":[{"@type":"ReadAction","target":["https:\/\/hpx.eu\/cs\/sticky-cover-paper\/"]}]},{"@type":"ImageObject","inLanguage":"cs","@id":"https:\/\/hpx.eu\/cs\/sticky-cover-paper\/#primaryimage","url":"https:\/\/hpx.eu\/wp-content\/uploads\/2021\/06\/Sticky_Cover_Paper-Applications.png","contentUrl":"https:\/\/hpx.eu\/wp-content\/uploads\/2021\/06\/Sticky_Cover_Paper-Applications.png"},{"@type":"BreadcrumbList","@id":"https:\/\/hpx.eu\/cs\/sticky-cover-paper\/#breadcrumb","itemListElement":[{"@type":"ListItem","position":1,"name":"Startseite","item":"https:\/\/hpx.eu\/cs\/"},{"@type":"ListItem","position":2,"name":"Sticky Cover Paper"}]},{"@type":"WebSite","@id":"https:\/\/hpx.eu\/cs\/#website","url":"https:\/\/hpx.eu\/cs\/","name":"HPX","description":"Tough Job, Tougher Tape","publisher":{"@id":"https:\/\/hpx.eu\/cs\/#organization"},"potentialAction":[{"@type":"SearchAction","target":{"@type":"EntryPoint","urlTemplate":"https:\/\/hpx.eu\/cs\/?s={search_term_string}"},"query-input":{"@type":"PropertyValueSpecification","valueRequired":true,"valueName":"search_term_string"}}],"inLanguage":"cs"},{"@type":"Organization","@id":"https:\/\/hpx.eu\/cs\/#organization","name":"Option Tape Specialties","url":"https:\/\/hpx.eu\/cs\/","logo":{"@type":"ImageObject","inLanguage":"cs","@id":"https:\/\/hpx.eu\/cs\/#\/schema\/logo\/image\/","url":"","contentUrl":"","caption":"Option Tape Specialties"},"image":{"@id":"https:\/\/hpx.eu\/cs\/#\/schema\/logo\/image\/"},"sameAs":["https:\/\/www.facebook.com\/HPXtape\/","https:\/\/www.linkedin.com\/company\/2913311\/","https:\/\/www.youtube.com\/channel\/UCCYnFjBGfKw8SPW1hMUCVFg"]}]}},"_links":{"self":[{"href":"https:\/\/hpx.eu\/cs\/wp-json\/wp\/v2\/pages\/109245","targetHints":{"allow":["GET"]}}],"collection":[{"href":"https:\/\/hpx.eu\/cs\/wp-json\/wp\/v2\/pages"}],"about":[{"href":"https:\/\/hpx.eu\/cs\/wp-json\/wp\/v2\/types\/page"}],"author":[{"embeddable":true,"href":"https:\/\/hpx.eu\/cs\/wp-json\/wp\/v2\/users\/1"}],"replies":[{"embeddable":true,"href":"https:\/\/hpx.eu\/cs\/wp-json\/wp\/v2\/comments?post=109245"}],"version-history":[{"count":4,"href":"https:\/\/hpx.eu\/cs\/wp-json\/wp\/v2\/pages\/109245\/revisions"}],"predecessor-version":[{"id":113831,"href":"https:\/\/hpx.eu\/cs\/wp-json\/wp\/v2\/pages\/109245\/revisions\/113831"}],"wp:attachment":[{"href":"https:\/\/hpx.eu\/cs\/wp-json\/wp\/v2\/media?parent=109245"}],"curies":[{"name":"wp","href":"https:\/\/api.w.org\/{rel}","templated":true}]}}